{"id":114199,"date":"2024-10-11T08:14:59","date_gmt":"2024-10-11T06:14:59","guid":{"rendered":"https:\/\/www.sport4club.be\/?post_type=product&#038;p=114199"},"modified":"2025-12-06T11:02:30","modified_gmt":"2025-12-06T10:02:30","slug":"nox-transparent-protection-24","status":"publish","type":"product","link":"https:\/\/www.sport4club.be\/index.php\/product\/nox-transparent-protection-24\/","title":{"rendered":"Nox Transparent Protection 24"},"content":{"rendered":"<div class=\"not-in-quickbuy\">\n<div class=\"product-description spaced-text-row rte cf\">\n<p>Nouveau protecteur de cadre exclusif transparent.<\/p>\n<p><b>Prot\u00e9ger la raquette contre les rayures, les coups et les chutes.<\/b><\/p>\n<p><b>Caract\u00e9ristiques<\/b>:<\/p>\n<ul>\n<li><b>Protection totale du cadre:<\/b>\u00a0la protection de cadre Nox est sp\u00e9cialement con\u00e7ue pour couvrir tout le contour du cadre de la raquette, emp\u00eachant ainsi tout impact direct de l&#8217;endommager. Oubliez les rayures et les marques disgracieuses sur le cadre de votre raquette de padel.<\/li>\n<li>Mat\u00e9riau durable: ruban adh\u00e9sif 3M pour un maintien parfait pendant le jeu. Fabriqu\u00e9 avec des mat\u00e9riaux de haute qualit\u00e9, notre protecteur de cadre est solide et durable.<\/li>\n<li><b>Design discret:<\/b>\u00a0Nous avons con\u00e7u notre protection de cadre pour qu&#8217;elle soit discr\u00e8te et \u00e9l\u00e9gante. De plus, il est disponible dans une vari\u00e9t\u00e9 de couleurs afin que vous puissiez choisir celle qui convient le mieux \u00e0 votre style.<\/li>\n<\/ul>\n<\/div>\n<\/div>\n<div class=\"lightly-spaced-row not-in-quickbuy\">\n<div class=\"product-info-block with-icon\"><\/div>\n<\/div>\n","protected":false},"excerpt":{"rendered":"<p>Nouveau protecteur de cadre exclusif transparent. Prot\u00e9ger la raquette contre les rayures, les coups et les chutes. Caract\u00e9ristiques: Protection totale du cadre:\u00a0la protection de cadre Nox est sp\u00e9cialement con\u00e7ue pour couvrir tout le contour du cadre de la raquette, emp\u00eachant ainsi tout impact direct de l&#8217;endommager. Oubliez les rayures et les marques disgracieuses sur le [&hellip;]<\/p>\n","protected":false},"featured_media":114200,"comment_status":"open","ping_status":"closed","template":"","meta":[],"product_cat":[87],"product_tag":[],"_links":{"self":[{"href":"https:\/\/www.sport4club.be\/index.php\/wp-json\/wp\/v2\/product\/114199"}],"collection":[{"href":"https:\/\/www.sport4club.be\/index.php\/wp-json\/wp\/v2\/product"}],"about":[{"href":"https:\/\/www.sport4club.be\/index.php\/wp-json\/wp\/v2\/types\/product"}],"replies":[{"embeddable":true,"href":"https:\/\/www.sport4club.be\/index.php\/wp-json\/wp\/v2\/comments?post=114199"}],"wp:featuredmedia":[{"embeddable":true,"href":"https:\/\/www.sport4club.be\/index.php\/wp-json\/wp\/v2\/media\/114200"}],"wp:attachment":[{"href":"https:\/\/www.sport4club.be\/index.php\/wp-json\/wp\/v2\/media?parent=114199"}],"wp:term":[{"taxonomy":"product_cat","embeddable":true,"href":"https:\/\/www.sport4club.be\/index.php\/wp-json\/wp\/v2\/product_cat?post=114199"},{"taxonomy":"product_tag","embeddable":true,"href":"https:\/\/www.sport4club.be\/index.php\/wp-json\/wp\/v2\/product_tag?post=114199"}],"curies":[{"name":"wp","href":"https:\/\/api.w.org\/{rel}","templated":true}]}}