{"id":114182,"date":"2024-10-10T18:58:29","date_gmt":"2024-10-10T16:58:29","guid":{"rendered":"https:\/\/www.sport4club.be\/?post_type=product&#038;p=114182"},"modified":"2026-01-24T15:03:49","modified_gmt":"2026-01-24T14:03:49","slug":"nox-padel-bag-street-black-grey","status":"publish","type":"product","link":"https:\/\/www.sport4club.be\/index.php\/product\/nox-padel-bag-street-black-grey\/","title":{"rendered":"Nox Padel Bag Street Black\/Grey"},"content":{"rendered":"<p>D\u00e9couvrez la nouvelle collection STREET de sacs de raquette con\u00e7us pour r\u00e9pondre \u00e0 vos besoins tout en conservant le style classique de NOX, mais avec une touche urbaine.<\/p>\n<p>Le sac de raquette Street est con\u00e7u pour \u00eatre utilis\u00e9 \u00e0 la fois dans vos exp\u00e9riences sportives et dans votre vie quotidienne, vous donnant l&#8217;\u00e9quilibre parfait entre le style et la praticit\u00e9. En noir\/gris.<\/p>\n<p>Avec ce sac de raquette, vous aurez tout ce dont vous avez besoin \u00e0 port\u00e9e de main et vous pourrez profiter d&#8217;une exp\u00e9rience polyvalente. Ne manquez pas l&#8217;occasion de vous procurer le v\u00f4tre et de faire passer votre jeu au niveau sup\u00e9rieur.<\/p>\n<h4><strong>CARACT\u00c9RISTIQUES :<\/strong><\/h4>\n<ul>\n<li><strong>Compartiment principal spacieux :<\/strong>\u00a0ouverture lat\u00e9rale permettant de ranger 3 raquettes de padel, des v\u00eatements et d&#8217;autres articles essentiels. Le compartiment principal avec ouverture lat\u00e9rale peut contenir jusqu&#8217;\u00e0 3 raquettes de padel, des v\u00eatements, etc.<\/li>\n<li><strong>Compartiment thermique :<\/strong>\u00a0la technologie NOX ThermoTech permet de conserver 2 raquettes de padel ou des bouteilles \u00e0 une temp\u00e9rature optimale.<\/li>\n<li><strong>Organisation efficace :<\/strong>\u00a0Poches lat\u00e9rales pour les accessoires, le t\u00e9l\u00e9phone portable, le portefeuille et les cl\u00e9s.<\/li>\n<li><strong>Compartiment ventil\u00e9<\/strong>: Espace sp\u00e9cifique pour les chaussures, les gardant au frais et s\u00e9par\u00e9es du reste de vos affaires.<\/li>\n<li><strong>Polyvalence de portage :<\/strong>\u00a0fonction sac \u00e0 dos avec poign\u00e9es amovibles et poign\u00e9e principale ergonomique pour plus de confort.<\/li>\n<li><strong>Durabilit\u00e9 et stabilit\u00e9 :<\/strong>\u00a0Base rigide qui garantit la protection de votre \u00e9quipement.<\/li>\n<\/ul>\n<p><strong>Dimensions<\/strong>: 610 x 310 x 270 mm<\/p>\n<p><strong>Capacit\u00e9<\/strong>: 45 litres<\/p>\n","protected":false},"excerpt":{"rendered":"<p>D\u00e9couvrez la nouvelle collection STREET de sacs de raquette con\u00e7us pour r\u00e9pondre \u00e0 vos besoins tout en conservant le style classique de NOX, mais avec une touche urbaine. Le sac de raquette Street est con\u00e7u pour \u00eatre utilis\u00e9 \u00e0 la fois dans vos exp\u00e9riences sportives et dans votre vie quotidienne, vous donnant l&#8217;\u00e9quilibre parfait entre [&hellip;]<\/p>\n","protected":false},"featured_media":114183,"comment_status":"open","ping_status":"closed","template":"","meta":[],"product_cat":[786,89],"product_tag":[],"_links":{"self":[{"href":"https:\/\/www.sport4club.be\/index.php\/wp-json\/wp\/v2\/product\/114182"}],"collection":[{"href":"https:\/\/www.sport4club.be\/index.php\/wp-json\/wp\/v2\/product"}],"about":[{"href":"https:\/\/www.sport4club.be\/index.php\/wp-json\/wp\/v2\/types\/product"}],"replies":[{"embeddable":true,"href":"https:\/\/www.sport4club.be\/index.php\/wp-json\/wp\/v2\/comments?post=114182"}],"wp:featuredmedia":[{"embeddable":true,"href":"https:\/\/www.sport4club.be\/index.php\/wp-json\/wp\/v2\/media\/114183"}],"wp:attachment":[{"href":"https:\/\/www.sport4club.be\/index.php\/wp-json\/wp\/v2\/media?parent=114182"}],"wp:term":[{"taxonomy":"product_cat","embeddable":true,"href":"https:\/\/www.sport4club.be\/index.php\/wp-json\/wp\/v2\/product_cat?post=114182"},{"taxonomy":"product_tag","embeddable":true,"href":"https:\/\/www.sport4club.be\/index.php\/wp-json\/wp\/v2\/product_tag?post=114182"}],"curies":[{"name":"wp","href":"https:\/\/api.w.org\/{rel}","templated":true}]}}