{"id":114177,"date":"2024-10-10T18:50:17","date_gmt":"2024-10-10T16:50:17","guid":{"rendered":"https:\/\/www.sport4club.be\/?post_type=product&#038;p=114177"},"modified":"2026-03-20T22:32:49","modified_gmt":"2026-03-20T21:32:49","slug":"nox-backpack-ml10-team-black","status":"publish","type":"product","link":"https:\/\/www.sport4club.be\/index.php\/product\/nox-backpack-ml10-team-black\/","title":{"rendered":"Nox Backpack ML10 Team Black"},"content":{"rendered":"<p>D\u00e9couvrez le nouveau sac \u00e0 dos TEAM fabriqu\u00e9 avec des mat\u00e9riaux de haute qualit\u00e9 et un design enti\u00e8rement renouvel\u00e9 rappelant la ML10 Luxury Bahia 12K.<\/p>\n<p>Le mod\u00e8le de sac \u00e0 dos ML10 TEAM a \u00e9t\u00e9 sp\u00e9cialement con\u00e7u pour le c\u00e9l\u00e8bre joueur charismatique : le Canoso de Bah\u00eda Blanca, Miguel Lamperti.<\/p>\n<p>Le sac \u00e0 dos Team est con\u00e7u pour que vous puissiez transporter tout ce dont vous avez besoin pour vos matchs et vos tournois avec style.<\/p>\n<p><strong>CARACT\u00c9RISTIQUES :<\/strong><\/p>\n<ul>\n<li>Compartiment principal #1 pour la doublure matelass\u00e9e pour une protection maximale.<\/li>\n<li>Compartiment principal n\u00b02 pour la raquette, le mat\u00e9riel et les accessoires.<\/li>\n<li>Compartiment avant s\u00e9par\u00e9 pour les chaussures avec syst\u00e8me de ventilation.<\/li>\n<li>Compartiment avant pour le tube de balles, t\u00e9l\u00e9phone portable, bouteille, etc.<\/li>\n<li>Compartiments lat\u00e9raux pour les cl\u00e9s, les lunettes, le portefeuille, la carte de club, etc.<\/li>\n<li>Bretelles et dos ergonomiques rembourr\u00e9s avec support textile pour optimiser la prise en main et la circulation de l&#8217;air.<\/li>\n<\/ul>\n<p><strong>Dimensions :<\/strong>\u00a0480 x 330 x 200 mm<\/p>\n<p><strong>Capacit\u00e9 :<\/strong>\u00a028 litres.<\/p>\n","protected":false},"excerpt":{"rendered":"<p>D\u00e9couvrez le nouveau sac \u00e0 dos TEAM fabriqu\u00e9 avec des mat\u00e9riaux de haute qualit\u00e9 et un design enti\u00e8rement renouvel\u00e9 rappelant la ML10 Luxury Bahia 12K. Le mod\u00e8le de sac \u00e0 dos ML10 TEAM a \u00e9t\u00e9 sp\u00e9cialement con\u00e7u pour le c\u00e9l\u00e8bre joueur charismatique : le Canoso de Bah\u00eda Blanca, Miguel Lamperti. Le sac \u00e0 dos Team [&hellip;]<\/p>\n","protected":false},"featured_media":114178,"comment_status":"open","ping_status":"closed","template":"","meta":[],"product_cat":[786,89],"product_tag":[],"_links":{"self":[{"href":"https:\/\/www.sport4club.be\/index.php\/wp-json\/wp\/v2\/product\/114177"}],"collection":[{"href":"https:\/\/www.sport4club.be\/index.php\/wp-json\/wp\/v2\/product"}],"about":[{"href":"https:\/\/www.sport4club.be\/index.php\/wp-json\/wp\/v2\/types\/product"}],"replies":[{"embeddable":true,"href":"https:\/\/www.sport4club.be\/index.php\/wp-json\/wp\/v2\/comments?post=114177"}],"wp:featuredmedia":[{"embeddable":true,"href":"https:\/\/www.sport4club.be\/index.php\/wp-json\/wp\/v2\/media\/114178"}],"wp:attachment":[{"href":"https:\/\/www.sport4club.be\/index.php\/wp-json\/wp\/v2\/media?parent=114177"}],"wp:term":[{"taxonomy":"product_cat","embeddable":true,"href":"https:\/\/www.sport4club.be\/index.php\/wp-json\/wp\/v2\/product_cat?post=114177"},{"taxonomy":"product_tag","embeddable":true,"href":"https:\/\/www.sport4club.be\/index.php\/wp-json\/wp\/v2\/product_tag?post=114177"}],"curies":[{"name":"wp","href":"https:\/\/api.w.org\/{rel}","templated":true}]}}