{"id":114172,"date":"2024-10-10T18:43:55","date_gmt":"2024-10-10T16:43:55","guid":{"rendered":"https:\/\/www.sport4club.be\/?post_type=product&#038;p=114172"},"modified":"2026-01-24T14:58:49","modified_gmt":"2026-01-24T13:58:49","slug":"nox-backpack-at10-team-grey","status":"publish","type":"product","link":"https:\/\/www.sport4club.be\/index.php\/product\/nox-backpack-at10-team-grey\/","title":{"rendered":"Nox Backpack AT10 Team Grey"},"content":{"rendered":"<div class=\"not-in-quickbuy\">\n<div class=\"product-description spaced-text-row rte cf\">\n<p>D\u00e9couvrez le nouveau sac \u00e0 dos TEAM fabriqu\u00e9 avec des mat\u00e9riaux de haute qualit\u00e9 et un design compl\u00e8tement renouvel\u00e9 qui rappelle l&#8217;AT10 Luxury Genius 18K Alum d&#8217;Agustin Tapia.<\/p>\n<p>Le mod\u00e8le AT10 a \u00e9t\u00e9 sp\u00e9cialement con\u00e7u pour l&#8217;un des joueurs vedettes du Premier Padel : le Mozart de Catamarca, Agust\u00edn Tapia.<\/p>\n<p>Le sac \u00e0 dos Team a \u00e9t\u00e9 con\u00e7u pour que vous puissiez emporter tout ce dont vous avez besoin lors de vos matchs et tournois avec style.<\/p>\n<p><strong>CARACT\u00c9RISTIQUES :<\/strong><\/p>\n<ul>\n<li>Compartiment principal #1 pour la raquette ou l&#8217;ordinateur avec une doublure rembourr\u00e9e pour une protection maximale.<\/li>\n<li>Compartiment principal n\u00b02 pour la raquette, le mat\u00e9riel et les accessoires.<\/li>\n<li>Compartiment avant s\u00e9par\u00e9 pour les chaussures avec syst\u00e8me de ventilation.<\/li>\n<li>Compartiment avant pour le tube de balles, le t\u00e9l\u00e9phone portable, la bouteille, etc.<\/li>\n<li>Compartiments lat\u00e9raux pour les cl\u00e9s, les lunettes, le portefeuille, la carte de club, etc.<\/li>\n<li>Bretelles et dos ergonomiques rembourr\u00e9s avec support textile pour optimiser la prise en main et la circulation de l&#8217;air.<\/li>\n<\/ul>\n<p><strong>Dimensions :<\/strong>\u00a0480 x 330 x 200 mm<\/p>\n<p><strong>Capacit\u00e9 :<\/strong>\u00a028 litres.<\/p>\n<\/div>\n<\/div>\n<div class=\"lightly-spaced-row not-in-quickbuy\">\n<div class=\"product-info-block with-icon\"><\/div>\n<\/div>\n","protected":false},"excerpt":{"rendered":"<p>D\u00e9couvrez le nouveau sac \u00e0 dos TEAM fabriqu\u00e9 avec des mat\u00e9riaux de haute qualit\u00e9 et un design compl\u00e8tement renouvel\u00e9 qui rappelle l&#8217;AT10 Luxury Genius 18K Alum d&#8217;Agustin Tapia. Le mod\u00e8le AT10 a \u00e9t\u00e9 sp\u00e9cialement con\u00e7u pour l&#8217;un des joueurs vedettes du Premier Padel : le Mozart de Catamarca, Agust\u00edn Tapia. Le sac \u00e0 dos Team [&hellip;]<\/p>\n","protected":false},"featured_media":114173,"comment_status":"open","ping_status":"closed","template":"","meta":[],"product_cat":[786,89],"product_tag":[],"_links":{"self":[{"href":"https:\/\/www.sport4club.be\/index.php\/wp-json\/wp\/v2\/product\/114172"}],"collection":[{"href":"https:\/\/www.sport4club.be\/index.php\/wp-json\/wp\/v2\/product"}],"about":[{"href":"https:\/\/www.sport4club.be\/index.php\/wp-json\/wp\/v2\/types\/product"}],"replies":[{"embeddable":true,"href":"https:\/\/www.sport4club.be\/index.php\/wp-json\/wp\/v2\/comments?post=114172"}],"wp:featuredmedia":[{"embeddable":true,"href":"https:\/\/www.sport4club.be\/index.php\/wp-json\/wp\/v2\/media\/114173"}],"wp:attachment":[{"href":"https:\/\/www.sport4club.be\/index.php\/wp-json\/wp\/v2\/media?parent=114172"}],"wp:term":[{"taxonomy":"product_cat","embeddable":true,"href":"https:\/\/www.sport4club.be\/index.php\/wp-json\/wp\/v2\/product_cat?post=114172"},{"taxonomy":"product_tag","embeddable":true,"href":"https:\/\/www.sport4club.be\/index.php\/wp-json\/wp\/v2\/product_tag?post=114172"}],"curies":[{"name":"wp","href":"https:\/\/api.w.org\/{rel}","templated":true}]}}