{"id":114167,"date":"2024-10-10T18:36:34","date_gmt":"2024-10-10T16:36:34","guid":{"rendered":"https:\/\/www.sport4club.be\/?post_type=product&#038;p=114167"},"modified":"2026-01-24T14:56:31","modified_gmt":"2026-01-24T13:56:31","slug":"nox-padel-bag-ml10-team-black-blue","status":"publish","type":"product","link":"https:\/\/www.sport4club.be\/index.php\/product\/nox-padel-bag-ml10-team-black-blue\/","title":{"rendered":"Nox Padel Bag ML10 Team Black\/Blue"},"content":{"rendered":"<div class=\"not-in-quickbuy\">\n<div class=\"product-description spaced-text-row rte cf\">\n<p>D\u00e9couvrez les nouveaux sacs de padel TEAM, fabriqu\u00e9s avec des mat\u00e9riaux de haute qualit\u00e9 et un design compl\u00e8tement renouvel\u00e9. Le <strong>mod\u00e8le ML10<\/strong>\u00a0a \u00e9t\u00e9 sp\u00e9cialement con\u00e7u pour le c\u00e9l\u00e8bre joueur charismatique : le Canoso de Bah\u00eda Blanca, Miguel Lamperti. bleu. Le sac de raquette Team est con\u00e7u pour que vous puissiez emporter tout ce dont vous avez besoin pour vos matchs et vos tournois avec style. En\u00a0<strong>noir et bleu.<\/strong><\/p>\n<h2><strong>Caract\u00e9ristiques<\/strong><\/h2>\n<ul>\n<li>Compartiment principal avec double fermeture \u00e9clair pour un acc\u00e8s facile \u00e0 l&#8217;int\u00e9rieur, pouvant contenir 4 raquettes de padel, des v\u00eatements, etc.<\/li>\n<li>Compartiment thermique (technologie NOX ThermoTech) pouvant contenir 2 raquettes de padel, des bouteilles, etc.<\/li>\n<li>Compartiment lat\u00e9ral avec poches distribu\u00e9es pour accessoires, t\u00e9l\u00e9phone portable, portefeuille, cl\u00e9s, etc.<\/li>\n<li>Sac \u00e0 linge.<\/li>\n<li>Fonction sac \u00e0 dos avec possibilit\u00e9 d&#8217;enlever les poign\u00e9es. Poign\u00e9e principale ergonomique.<\/li>\n<li>Base rigide.<\/li>\n<\/ul>\n<p>D<strong>imensions<\/strong>: 550 x 320 x 340 mm<\/p>\n<p><strong>Capacit\u00e9 :\u00a0<\/strong>55 litres.<\/p>\n<\/div>\n<\/div>\n<div class=\"lightly-spaced-row not-in-quickbuy\">\n<div class=\"product-info-block with-icon\"><\/div>\n<\/div>\n","protected":false},"excerpt":{"rendered":"<p>D\u00e9couvrez les nouveaux sacs de padel TEAM, fabriqu\u00e9s avec des mat\u00e9riaux de haute qualit\u00e9 et un design compl\u00e8tement renouvel\u00e9. Le mod\u00e8le ML10\u00a0a \u00e9t\u00e9 sp\u00e9cialement con\u00e7u pour le c\u00e9l\u00e8bre joueur charismatique : le Canoso de Bah\u00eda Blanca, Miguel Lamperti. bleu. Le sac de raquette Team est con\u00e7u pour que vous puissiez emporter tout ce dont vous [&hellip;]<\/p>\n","protected":false},"featured_media":114168,"comment_status":"open","ping_status":"closed","template":"","meta":[],"product_cat":[786,89],"product_tag":[],"_links":{"self":[{"href":"https:\/\/www.sport4club.be\/index.php\/wp-json\/wp\/v2\/product\/114167"}],"collection":[{"href":"https:\/\/www.sport4club.be\/index.php\/wp-json\/wp\/v2\/product"}],"about":[{"href":"https:\/\/www.sport4club.be\/index.php\/wp-json\/wp\/v2\/types\/product"}],"replies":[{"embeddable":true,"href":"https:\/\/www.sport4club.be\/index.php\/wp-json\/wp\/v2\/comments?post=114167"}],"wp:featuredmedia":[{"embeddable":true,"href":"https:\/\/www.sport4club.be\/index.php\/wp-json\/wp\/v2\/media\/114168"}],"wp:attachment":[{"href":"https:\/\/www.sport4club.be\/index.php\/wp-json\/wp\/v2\/media?parent=114167"}],"wp:term":[{"taxonomy":"product_cat","embeddable":true,"href":"https:\/\/www.sport4club.be\/index.php\/wp-json\/wp\/v2\/product_cat?post=114167"},{"taxonomy":"product_tag","embeddable":true,"href":"https:\/\/www.sport4club.be\/index.php\/wp-json\/wp\/v2\/product_tag?post=114167"}],"curies":[{"name":"wp","href":"https:\/\/api.w.org\/{rel}","templated":true}]}}