{"id":114124,"date":"2024-10-10T17:50:27","date_gmt":"2024-10-10T15:50:27","guid":{"rendered":"https:\/\/www.sport4club.be\/?post_type=product&#038;p=114124"},"modified":"2026-01-24T14:44:32","modified_gmt":"2026-01-24T13:44:32","slug":"nox-padel-bag-pro-series-white","status":"publish","type":"product","link":"https:\/\/www.sport4club.be\/index.php\/product\/nox-padel-bag-pro-series-white\/","title":{"rendered":"Nox Padel Bag Pro Series White"},"content":{"rendered":"<h2>Voici le nouveau Padel Bag Pro Series White<\/h2>\n<p>Haute qualit\u00e9 et grande capacit\u00e9 de stockage. La mallette de raquettes PRO est con\u00e7ue pour que vous puissiez emporter tout ce dont vous avez besoin lors de vos matchs et tournois avec le style classique caract\u00e9ristique de NOX. En\u00a0<strong>blanc.<\/strong><\/p>\n<h2>Caract\u00e9ristiques<\/h2>\n<ul>\n<li>Compartiment principal avec double fermeture \u00e9clair pour un acc\u00e8s facile \u00e0 l&#8217;int\u00e9rieur, pouvant contenir 3 raquettes de padel, des v\u00eatements, etc.<\/li>\n<li>Compartiment thermique (technologie NOX ThermoTech) pouvant contenir 2 battes de padel, des bouteilles, etc.<\/li>\n<li>Compartiments lat\u00e9raux avec poches distribu\u00e9es pour accessoires, t\u00e9l\u00e9phone portable, portefeuille, cl\u00e9s, etc.<\/li>\n<li>Compartiment ventil\u00e9 pour les chaussures. Sac \u00e0 linge.<\/li>\n<li>Fonction sac \u00e0 dos avec possibilit\u00e9 d&#8217;enlever les poign\u00e9es. Poign\u00e9e principale ergonomique.<\/li>\n<li>Base rigide.<\/li>\n<\/ul>\n<h4>Dimensions : 610 x 300 x 270 mm<\/h4>\n<h4>Capacit\u00e9 : 45 litres<\/h4>\n","protected":false},"excerpt":{"rendered":"<p>Voici le nouveau Padel Bag Pro Series White Haute qualit\u00e9 et grande capacit\u00e9 de stockage. La mallette de raquettes PRO est con\u00e7ue pour que vous puissiez emporter tout ce dont vous avez besoin lors de vos matchs et tournois avec le style classique caract\u00e9ristique de NOX. En\u00a0blanc. Caract\u00e9ristiques Compartiment principal avec double fermeture \u00e9clair pour [&hellip;]<\/p>\n","protected":false},"featured_media":114125,"comment_status":"open","ping_status":"closed","template":"","meta":[],"product_cat":[786,89],"product_tag":[],"_links":{"self":[{"href":"https:\/\/www.sport4club.be\/index.php\/wp-json\/wp\/v2\/product\/114124"}],"collection":[{"href":"https:\/\/www.sport4club.be\/index.php\/wp-json\/wp\/v2\/product"}],"about":[{"href":"https:\/\/www.sport4club.be\/index.php\/wp-json\/wp\/v2\/types\/product"}],"replies":[{"embeddable":true,"href":"https:\/\/www.sport4club.be\/index.php\/wp-json\/wp\/v2\/comments?post=114124"}],"wp:featuredmedia":[{"embeddable":true,"href":"https:\/\/www.sport4club.be\/index.php\/wp-json\/wp\/v2\/media\/114125"}],"wp:attachment":[{"href":"https:\/\/www.sport4club.be\/index.php\/wp-json\/wp\/v2\/media?parent=114124"}],"wp:term":[{"taxonomy":"product_cat","embeddable":true,"href":"https:\/\/www.sport4club.be\/index.php\/wp-json\/wp\/v2\/product_cat?post=114124"},{"taxonomy":"product_tag","embeddable":true,"href":"https:\/\/www.sport4club.be\/index.php\/wp-json\/wp\/v2\/product_tag?post=114124"}],"curies":[{"name":"wp","href":"https:\/\/api.w.org\/{rel}","templated":true}]}}