{"id":114098,"date":"2024-10-10T15:10:46","date_gmt":"2024-10-10T13:10:46","guid":{"rendered":"https:\/\/www.sport4club.be\/?post_type=product&#038;p=114098"},"modified":"2026-04-09T12:43:36","modified_gmt":"2026-04-09T10:43:36","slug":"nox-necesser-luxury-series","status":"publish","type":"product","link":"https:\/\/www.sport4club.be\/index.php\/product\/nox-necesser-luxury-series\/","title":{"rendered":"Nox Necesser Luxury Series"},"content":{"rendered":"<p>D\u00e9couvrez la nouvelle trousse de toilette LUXURY en forme de sac padel. Sac organisateur polyvalent de petite taille mais de grande capacit\u00e9. Id\u00e9al pour voyager avec un maximum de confort, de style et d&#8217;\u00e9l\u00e9gance. Utilisez-le aussi bien pour les ustensiles d&#8217;hygi\u00e8ne personnelle que comme sac \u00e0 main pour les cl\u00e9s, le portefeuille, le t\u00e9l\u00e9phone portable, etc.<\/p>\n<p><strong>CARACT\u00c9RISTIQUES:<\/strong><\/p>\n<ul>\n<li>Compartiment principal avec double fermeture \u00e9clair pour un acc\u00e8s facile \u00e0 l&#8217;int\u00e9rieur.<\/li>\n<li>Compartiment secondaire avec poche de rangement int\u00e9rieure.<\/li>\n<li>Poign\u00e9e renforc\u00e9e pour une plus grande durabilit\u00e9.<\/li>\n<\/ul>\n<p><strong>Dimensions :<\/strong>\u00a0265 x 120 x 140 mm<\/p>\n<p><strong>Capacit\u00e9 :<\/strong>\u00a04 litres.<\/p>\n","protected":false},"excerpt":{"rendered":"<p>D\u00e9couvrez la nouvelle trousse de toilette LUXURY en forme de sac padel. Sac organisateur polyvalent de petite taille mais de grande capacit\u00e9. Id\u00e9al pour voyager avec un maximum de confort, de style et d&#8217;\u00e9l\u00e9gance. Utilisez-le aussi bien pour les ustensiles d&#8217;hygi\u00e8ne personnelle que comme sac \u00e0 main pour les cl\u00e9s, le portefeuille, le t\u00e9l\u00e9phone portable, [&hellip;]<\/p>\n","protected":false},"featured_media":114099,"comment_status":"open","ping_status":"closed","template":"","meta":[],"product_cat":[786,89],"product_tag":[],"_links":{"self":[{"href":"https:\/\/www.sport4club.be\/index.php\/wp-json\/wp\/v2\/product\/114098"}],"collection":[{"href":"https:\/\/www.sport4club.be\/index.php\/wp-json\/wp\/v2\/product"}],"about":[{"href":"https:\/\/www.sport4club.be\/index.php\/wp-json\/wp\/v2\/types\/product"}],"replies":[{"embeddable":true,"href":"https:\/\/www.sport4club.be\/index.php\/wp-json\/wp\/v2\/comments?post=114098"}],"wp:featuredmedia":[{"embeddable":true,"href":"https:\/\/www.sport4club.be\/index.php\/wp-json\/wp\/v2\/media\/114099"}],"wp:attachment":[{"href":"https:\/\/www.sport4club.be\/index.php\/wp-json\/wp\/v2\/media?parent=114098"}],"wp:term":[{"taxonomy":"product_cat","embeddable":true,"href":"https:\/\/www.sport4club.be\/index.php\/wp-json\/wp\/v2\/product_cat?post=114098"},{"taxonomy":"product_tag","embeddable":true,"href":"https:\/\/www.sport4club.be\/index.php\/wp-json\/wp\/v2\/product_tag?post=114098"}],"curies":[{"name":"wp","href":"https:\/\/api.w.org\/{rel}","templated":true}]}}