{"id":114093,"date":"2024-10-10T15:05:33","date_gmt":"2024-10-10T13:05:33","guid":{"rendered":"https:\/\/www.sport4club.be\/?post_type=product&#038;p=114093"},"modified":"2026-03-28T08:06:00","modified_gmt":"2026-03-28T07:06:00","slug":"nox-backpack-luxury-master-series","status":"publish","type":"product","link":"https:\/\/www.sport4club.be\/index.php\/product\/nox-backpack-luxury-master-series\/","title":{"rendered":"Nox Backpack Luxury Master Series"},"content":{"rendered":"<p>D\u00e9couvrez le nouveau sac \u00e0 dos LUXURY MASTER, notre meilleur sac \u00e0 dos de padel. Fabriqu\u00e9 avec les meilleurs textiles et mat\u00e9riaux techniques, ce sac \u00e0 dos r\u00e9duit le poids et augmente la r\u00e9sistance, garantissant durabilit\u00e9 et confort.<\/p>\n<h3>Le meilleur sac \u00e0 dos NOX Sports-Casual<\/h3>\n<p>Con\u00e7u avec les meilleurs textiles et mat\u00e9riaux techniques de derni\u00e8re g\u00e9n\u00e9ration. En noir\/blanc.<\/p>\n<h3><strong>Combinaison id\u00e9ale : sac \u00e0 dos pour le quotidien et l&#8217;entra\u00eenement<\/strong><\/h3>\n<p>La fusion parfaite entre sac \u00e0 dos de sport et d\u00e9contract\u00e9, id\u00e9al pour transporter toutes vos affaires aussi bien dans votre routine quotidienne que lors de vos entra\u00eenements et matchs.<\/p>\n<p><strong>CARACT\u00c9RISTIQUES:<\/strong><\/p>\n<ul>\n<li>Compartiment principal 1 pour raquette ou ordinateur. Il poss\u00e8de une surface externe rigide pour une protection maximale.<\/li>\n<li><strong>Rangement polyvalent :<\/strong>\u00a0Compartiment principal #2 pour 2 raquettes de paddle-tennis, \u00e9quipement, cartouche de balle et accessoires.<\/li>\n<li>Compartiment ind\u00e9pendant sur le devant pour chaussures avec syst\u00e8me de ventilation.<\/li>\n<li><strong>Organisation parfaite :<\/strong>\u00a0Compartiments avant pour t\u00e9l\u00e9phone portable, lunettes, portefeuille, etc. et compartiment lat\u00e9ral pour cl\u00e9s, carte club, bouteille, etc.<\/li>\n<li><strong>Confort sup\u00e9rieur :<\/strong>\u00a0Bretelles et dos ergonomiques rembourr\u00e9s avec textile qui optimise l&#8217;adh\u00e9rence et la circulation de l&#8217;air.<\/li>\n<\/ul>\n<p><strong>Dimensions :<\/strong>\u00a0500 x 330 x 200 mm<\/p>\n<p><strong>Capacit\u00e9<\/strong>\u00a0: 30 litres.<\/p>\n<p><strong>Mat\u00e9riau<\/strong>\u00a0: Polyur\u00e9thane (PU)<\/p>\n<p>Le sac \u00e0 dos LUXURY MASTER de NOX est le choix parfait pour les joueurs \u00e0 la recherche de style, de fonctionnalit\u00e9 et de la meilleure qualit\u00e9 dans un sac \u00e0 dos de padel. \u00c9levez votre jeu avec NOX\u00a0!<\/p>\n","protected":false},"excerpt":{"rendered":"<p>D\u00e9couvrez le nouveau sac \u00e0 dos LUXURY MASTER, notre meilleur sac \u00e0 dos de padel. Fabriqu\u00e9 avec les meilleurs textiles et mat\u00e9riaux techniques, ce sac \u00e0 dos r\u00e9duit le poids et augmente la r\u00e9sistance, garantissant durabilit\u00e9 et confort. Le meilleur sac \u00e0 dos NOX Sports-Casual Con\u00e7u avec les meilleurs textiles et mat\u00e9riaux techniques de derni\u00e8re [&hellip;]<\/p>\n","protected":false},"featured_media":114094,"comment_status":"open","ping_status":"closed","template":"","meta":[],"product_cat":[786,89],"product_tag":[],"_links":{"self":[{"href":"https:\/\/www.sport4club.be\/index.php\/wp-json\/wp\/v2\/product\/114093"}],"collection":[{"href":"https:\/\/www.sport4club.be\/index.php\/wp-json\/wp\/v2\/product"}],"about":[{"href":"https:\/\/www.sport4club.be\/index.php\/wp-json\/wp\/v2\/types\/product"}],"replies":[{"embeddable":true,"href":"https:\/\/www.sport4club.be\/index.php\/wp-json\/wp\/v2\/comments?post=114093"}],"wp:featuredmedia":[{"embeddable":true,"href":"https:\/\/www.sport4club.be\/index.php\/wp-json\/wp\/v2\/media\/114094"}],"wp:attachment":[{"href":"https:\/\/www.sport4club.be\/index.php\/wp-json\/wp\/v2\/media?parent=114093"}],"wp:term":[{"taxonomy":"product_cat","embeddable":true,"href":"https:\/\/www.sport4club.be\/index.php\/wp-json\/wp\/v2\/product_cat?post=114093"},{"taxonomy":"product_tag","embeddable":true,"href":"https:\/\/www.sport4club.be\/index.php\/wp-json\/wp\/v2\/product_tag?post=114093"}],"curies":[{"name":"wp","href":"https:\/\/api.w.org\/{rel}","templated":true}]}}