{"id":114088,"date":"2024-10-10T14:58:55","date_gmt":"2024-10-10T12:58:55","guid":{"rendered":"https:\/\/www.sport4club.be\/?post_type=product&#038;p=114088"},"modified":"2026-01-24T13:53:47","modified_gmt":"2026-01-24T12:53:47","slug":"nox-padel-bag-luxury-master-series","status":"publish","type":"product","link":"https:\/\/www.sport4club.be\/index.php\/product\/nox-padel-bag-luxury-master-series\/","title":{"rendered":"Nox Padel Bag Luxury Master Series"},"content":{"rendered":"<div class=\"not-in-quickbuy\">\n<div class=\"product-description spaced-text-row rte cf\">\n<p>D\u00e9couvrez le nouveau sac de padel LUXURY MASTER, con\u00e7u avec les meilleurs mat\u00e9riaux textiles et techniques pour r\u00e9duire le poids et augmenter la r\u00e9sistance, offrant une combinaison parfaite de style, fonctionnalit\u00e9 et durabilit\u00e9. En noir\/blanc.<\/p>\n<h3>Le meilleur sac de padel de sport NOX<\/h3>\n<p>Con\u00e7u avec les meilleurs textiles et mat\u00e9riaux techniques de derni\u00e8re g\u00e9n\u00e9ration. En noir\/blanc.<\/p>\n<h4><strong>CARACT\u00c9RISTIQUES<\/strong>\u00a0:<\/h4>\n<ul>\n<li>Compartiment principal avec ouverture lat\u00e9rale pouvant accueillir 3 raquettes de paddle-tennis, v\u00eatements, etc.<\/li>\n<li>Compartiment thermique (technologie NOX ThermoTech) d&#8217;une capacit\u00e9 de 2 raquettes de paddle-tennis, bouteilles et autres objets sensibles \u00e0 la temp\u00e9rature, assurant une protection contre la chaleur.<\/li>\n<li>Compartiment lat\u00e9ral #1 avec surface externe rigide pour une protection maximale.<\/li>\n<li>Compartiment lat\u00e9ral n\u00b02 avec poches distribu\u00e9es pour accessoires, t\u00e9l\u00e9phone portable, portefeuille, cl\u00e9s et autres objets personnels, les gardant organis\u00e9s et facilement accessibles.<\/li>\n<li>Compartiment a\u00e9r\u00e9 pour chaussures, permettant l&#8217;a\u00e9ration et \u00e9vitant les mauvaises odeurs.<\/li>\n<li>Poche au dos.<\/li>\n<li>Fonction sac \u00e0 dos avec possibilit\u00e9 de retirer les poign\u00e9es pour plus de confort et de polyvalence d&#8217;utilisation.<\/li>\n<li>Poign\u00e9e principale ergonomique. Base rigide avec protection suppl\u00e9mentaire contre les chocs et les surfaces in\u00e9gales.<\/li>\n<\/ul>\n<p><strong>Dimensions :<\/strong>\u00a0600 x 300 x 350 mm<\/p>\n<p><strong>Capacit\u00e9 :<\/strong>\u00a0\u00a060 litres<\/p>\n<\/div>\n<\/div>\n<div class=\"lightly-spaced-row not-in-quickbuy\">\n<div class=\"product-info-block with-icon\"><\/div>\n<\/div>\n","protected":false},"excerpt":{"rendered":"<p>D\u00e9couvrez le nouveau sac de padel LUXURY MASTER, con\u00e7u avec les meilleurs mat\u00e9riaux textiles et techniques pour r\u00e9duire le poids et augmenter la r\u00e9sistance, offrant une combinaison parfaite de style, fonctionnalit\u00e9 et durabilit\u00e9. En noir\/blanc. Le meilleur sac de padel de sport NOX Con\u00e7u avec les meilleurs textiles et mat\u00e9riaux techniques de derni\u00e8re g\u00e9n\u00e9ration. En [&hellip;]<\/p>\n","protected":false},"featured_media":114089,"comment_status":"open","ping_status":"closed","template":"","meta":[],"product_cat":[786,89],"product_tag":[],"_links":{"self":[{"href":"https:\/\/www.sport4club.be\/index.php\/wp-json\/wp\/v2\/product\/114088"}],"collection":[{"href":"https:\/\/www.sport4club.be\/index.php\/wp-json\/wp\/v2\/product"}],"about":[{"href":"https:\/\/www.sport4club.be\/index.php\/wp-json\/wp\/v2\/types\/product"}],"replies":[{"embeddable":true,"href":"https:\/\/www.sport4club.be\/index.php\/wp-json\/wp\/v2\/comments?post=114088"}],"wp:featuredmedia":[{"embeddable":true,"href":"https:\/\/www.sport4club.be\/index.php\/wp-json\/wp\/v2\/media\/114089"}],"wp:attachment":[{"href":"https:\/\/www.sport4club.be\/index.php\/wp-json\/wp\/v2\/media?parent=114088"}],"wp:term":[{"taxonomy":"product_cat","embeddable":true,"href":"https:\/\/www.sport4club.be\/index.php\/wp-json\/wp\/v2\/product_cat?post=114088"},{"taxonomy":"product_tag","embeddable":true,"href":"https:\/\/www.sport4club.be\/index.php\/wp-json\/wp\/v2\/product_tag?post=114088"}],"curies":[{"name":"wp","href":"https:\/\/api.w.org\/{rel}","templated":true}]}}