{"id":114035,"date":"2024-09-28T11:02:43","date_gmt":"2024-09-28T09:02:43","guid":{"rendered":"https:\/\/www.sport4club.be\/?post_type=product&#038;p=114035"},"modified":"2025-11-29T10:04:11","modified_gmt":"2025-11-29T09:04:11","slug":"nox-at10-pro-cup-comfort-2025","status":"publish","type":"product","link":"https:\/\/www.sport4club.be\/index.php\/product\/nox-at10-pro-cup-comfort-2025\/","title":{"rendered":"Nox AT10 Pro Cup Comfort 2025"},"content":{"rendered":"<p>La nouvelle\u00a0<strong>AT10 Pro Cup COMFORT<\/strong>\u00a0pour la saison 2025 combine le moule embl\u00e9matique des raquettes AT10 avec des mat\u00e9riaux de derni\u00e8re g\u00e9n\u00e9ration et des technologies innovantes comme la\u00a0<strong>peinture photochromique<\/strong>, une peinture r\u00e9active situ\u00e9e dans le c\u0153ur de la raquette qui se synchronise avec le rouge corporate de NOX, offrant ainsi une esth\u00e9tique harmonieuse et \u00e9l\u00e9gante. Cette raquette est con\u00e7ue pour les joueurs qui\u00a0<b>privil\u00e9gient<\/b>\u00a0le\u00a0<b>contr\u00f4le\u00a0<\/b>plut\u00f4t que la puissance dans leur jeu<\/p>\n<h2>Fibre de verre, noyau EV50<\/h2>\n<p>Elle combine de la\u00a0<b>fibre de verre<\/b>\u00a0avec une finition\u00a0<b>m\u00e9tallis\u00e9e\u00a0<\/b>et un\u00a0<b>noyau\u00a0<\/b><strong>HR3<\/strong>, offrant une sensation de frappe avec une duret\u00e9 interm\u00e9diaire-basse. Elle int\u00e8gre \u00e9galement le nouveau\u00a0<b>capuchon octogonal<\/b>, con\u00e7u pour am\u00e9liorer la prise, quel que soit le type d&#8217;emprise que vous utilisez.<\/p>\n<h2>Rempla\u00e7able, plus s\u00fbr<\/h2>\n<p>La raquette inclut le syst\u00e8me pionnier de cordon de s\u00e9curit\u00e9 rempla\u00e7able\u00a0<strong>Smartstrap\u00ae<\/strong>, maintenant optimis\u00e9 en une pi\u00e8ce compacte pour une plus grande durabilit\u00e9 et s\u00e9curit\u00e9. Plus\u00a0<b>hygi\u00e9nique<\/b>, plus s\u00fbr et enti\u00e8rement\u00a0<b>personnalisable<\/b>.<\/p>\n","protected":false},"excerpt":{"rendered":"<p>La nouvelle\u00a0AT10 Pro Cup COMFORT\u00a0pour la saison 2025 combine le moule embl\u00e9matique des raquettes AT10 avec des mat\u00e9riaux de derni\u00e8re g\u00e9n\u00e9ration et des technologies innovantes comme la\u00a0peinture photochromique, une peinture r\u00e9active situ\u00e9e dans le c\u0153ur de la raquette qui se synchronise avec le rouge corporate de NOX, offrant ainsi une esth\u00e9tique harmonieuse et \u00e9l\u00e9gante. Cette [&hellip;]<\/p>\n","protected":false},"featured_media":114036,"comment_status":"open","ping_status":"closed","template":"","meta":[],"product_cat":[786,84],"product_tag":[],"_links":{"self":[{"href":"https:\/\/www.sport4club.be\/index.php\/wp-json\/wp\/v2\/product\/114035"}],"collection":[{"href":"https:\/\/www.sport4club.be\/index.php\/wp-json\/wp\/v2\/product"}],"about":[{"href":"https:\/\/www.sport4club.be\/index.php\/wp-json\/wp\/v2\/types\/product"}],"replies":[{"embeddable":true,"href":"https:\/\/www.sport4club.be\/index.php\/wp-json\/wp\/v2\/comments?post=114035"}],"wp:featuredmedia":[{"embeddable":true,"href":"https:\/\/www.sport4club.be\/index.php\/wp-json\/wp\/v2\/media\/114036"}],"wp:attachment":[{"href":"https:\/\/www.sport4club.be\/index.php\/wp-json\/wp\/v2\/media?parent=114035"}],"wp:term":[{"taxonomy":"product_cat","embeddable":true,"href":"https:\/\/www.sport4club.be\/index.php\/wp-json\/wp\/v2\/product_cat?post=114035"},{"taxonomy":"product_tag","embeddable":true,"href":"https:\/\/www.sport4club.be\/index.php\/wp-json\/wp\/v2\/product_tag?post=114035"}],"curies":[{"name":"wp","href":"https:\/\/api.w.org\/{rel}","templated":true}]}}