{"id":114020,"date":"2024-09-28T10:42:25","date_gmt":"2024-09-28T08:42:25","guid":{"rendered":"https:\/\/www.sport4club.be\/?post_type=product&#038;p=114020"},"modified":"2025-11-29T09:41:07","modified_gmt":"2025-11-29T08:41:07","slug":"nox-ml10-quantum-3k-2025","status":"publish","type":"product","link":"https:\/\/www.sport4club.be\/index.php\/product\/nox-ml10-quantum-3k-2025\/","title":{"rendered":"nox ML10 Quantum 3K 2025"},"content":{"rendered":"<p>La\u00a0<strong>ML10 Quantum 3K<\/strong>\u00a0de\u00a0<strong>Miguel Lamperti<\/strong>\u00a0conserve la l\u00e9gendaire gomme\u00a0<strong>HR3<\/strong>\u00a0de NOX, d\u00e9sormais color\u00e9e. De plus, elle int\u00e8gre la nouvelle technologie\u00a0<strong>Photochromic Paint<\/strong>, une peinture r\u00e9active situ\u00e9e dans le c\u0153ur de la raquette qui se synchronise avec la couleur de la gomme, offrant ainsi une esth\u00e9tique harmonieuse et frappante.<\/p>\n<h2>\u00c9quilibre Parfait, Vitesse Imparable<\/h2>\n<p>Nous avons incorpor\u00e9 un\u00a0<b>capuchon octogonal,<\/b>\u00a0con\u00e7u pour am\u00e9liorer la prise, quel que soit le type d&#8217;emprise que vous utilisez. La technologie\u00a0<strong>EOS Flap<\/strong>\u00a0a \u00e9t\u00e9 conserv\u00e9e pour optimiser la maniabilit\u00e9 de la raquette et redistribuer efficacement le poids, cr\u00e9ant ainsi une raquette\u00a0<b>rapide\u00a0<\/b>et\u00a0<b>redoutable\u00a0<\/b>sur le court.<\/p>\n<h2>Carbone 3K et noyau HR3<\/h2>\n<p>La nouvelle\u00a0<strong>ML10 Quantum 3K<\/strong>\u00a0conserve la combinaison de mat\u00e9riaux embl\u00e9matique de ses pr\u00e9d\u00e9cesseurs : fibre de carbone 3K et la classique gomme HR3 de NOX, pr\u00e9f\u00e9r\u00e9e de Miguel Lamperti, avec l&#8217;incorporation du changement de couleur de l&#8217;Eva. Une raquette \u00ab plug and play \u00bb d\u2019adaptation facile, avec un toucher interm\u00e9diaire typique des raquettes NOX. Elle int\u00e8gre la technologie\u00a0<strong>EXCLUSIVE SPIN<\/strong>, avec une\u00a0<b>double finition rugueuse<\/b>: hexagonale 3D au centre et texture sabl\u00e9e sur le reste. Cette combinaison am\u00e9liore le contr\u00f4le et permet d\u2019ajouter plus d\u2019effets \u00e0 la balle.<\/p>\n<h2>Moins de Vibrations, Meilleure Prise<\/h2>\n<p>La technologie\u00a0<strong>NOX Custom Grip\u00ae<\/strong>\u00a0(certifi\u00e9e par Testea Padel) et le\u00a0<strong>Pulse System<\/strong>\u00a0contribuent \u00e0 l&#8217;absorption des vibrations atteignant la main, r\u00e9duisant ainsi la fatigue articulaire. Le syst\u00e8me pionnier de cordon de s\u00e9curit\u00e9 rempla\u00e7able\u00a0<strong>Smartstrap\u00ae<\/strong>\u00a0est \u00e9galement inclus. Plus hygi\u00e9nique, plus s\u00fbr et enti\u00e8rement personnalisable.<\/p>\n","protected":false},"excerpt":{"rendered":"<p>La\u00a0ML10 Quantum 3K\u00a0de\u00a0Miguel Lamperti\u00a0conserve la l\u00e9gendaire gomme\u00a0HR3\u00a0de NOX, d\u00e9sormais color\u00e9e. De plus, elle int\u00e8gre la nouvelle technologie\u00a0Photochromic Paint, une peinture r\u00e9active situ\u00e9e dans le c\u0153ur de la raquette qui se synchronise avec la couleur de la gomme, offrant ainsi une esth\u00e9tique harmonieuse et frappante. \u00c9quilibre Parfait, Vitesse Imparable Nous avons incorpor\u00e9 un\u00a0capuchon octogonal,\u00a0con\u00e7u pour am\u00e9liorer [&hellip;]<\/p>\n","protected":false},"featured_media":114021,"comment_status":"open","ping_status":"closed","template":"","meta":[],"product_cat":[786,84],"product_tag":[],"_links":{"self":[{"href":"https:\/\/www.sport4club.be\/index.php\/wp-json\/wp\/v2\/product\/114020"}],"collection":[{"href":"https:\/\/www.sport4club.be\/index.php\/wp-json\/wp\/v2\/product"}],"about":[{"href":"https:\/\/www.sport4club.be\/index.php\/wp-json\/wp\/v2\/types\/product"}],"replies":[{"embeddable":true,"href":"https:\/\/www.sport4club.be\/index.php\/wp-json\/wp\/v2\/comments?post=114020"}],"wp:featuredmedia":[{"embeddable":true,"href":"https:\/\/www.sport4club.be\/index.php\/wp-json\/wp\/v2\/media\/114021"}],"wp:attachment":[{"href":"https:\/\/www.sport4club.be\/index.php\/wp-json\/wp\/v2\/media?parent=114020"}],"wp:term":[{"taxonomy":"product_cat","embeddable":true,"href":"https:\/\/www.sport4club.be\/index.php\/wp-json\/wp\/v2\/product_cat?post=114020"},{"taxonomy":"product_tag","embeddable":true,"href":"https:\/\/www.sport4club.be\/index.php\/wp-json\/wp\/v2\/product_tag?post=114020"}],"curies":[{"name":"wp","href":"https:\/\/api.w.org\/{rel}","templated":true}]}}