{"id":114009,"date":"2024-09-28T10:23:04","date_gmt":"2024-09-28T08:23:04","guid":{"rendered":"https:\/\/www.sport4club.be\/?post_type=product&#038;p=114009"},"modified":"2026-01-05T18:23:07","modified_gmt":"2026-01-05T17:23:07","slug":"nox-at10-luxury-genius-attack-18k-alum-2025","status":"publish","type":"product","link":"https:\/\/www.sport4club.be\/index.php\/product\/nox-at10-luxury-genius-attack-18k-alum-2025\/","title":{"rendered":"Nox AT10 Luxury Genius Attack 18K Alum 2025"},"content":{"rendered":"<h2>\u00c9quilibre Parfait, Vitesse Imparable<\/h2>\n<p>Suivant les indications du &#8220;Mozart de Catamarca&#8221;, nous avons incorpor\u00e9 un c<b>apuchon octogonal<\/b>\u00a0con\u00e7u pour am\u00e9liorer la prise, quel que soit le type d&#8217;emprise que vous utilisez. La technologie EOS Flap a \u00e9t\u00e9 maintenue pour optimiser la\u00a0<b>maniabilit\u00e9\u00a0<\/b>de la raquette et redistribuer efficacement le poids, cr\u00e9ant ainsi une raquette\u00a0<b>rapide\u00a0<\/b>et\u00a0<b>redoutable\u00a0<\/b>sur le court.<\/p>\n<h2>Carbone 18K Alum et noyau MLD Black Eva<\/h2>\n<p>La combinaison de fibre de carbone aluminis\u00e9e 18K et du noyau multicouche MLD Black Eva offre une sensation de frappe exceptionnellement confortable tout en maintenant un toucher solide de duret\u00e9 interm\u00e9diaire. De plus, la\u00a0<b>fibre de\u00a0<\/b><b>carbone aluminis\u00e9e<\/b>\u00a0am\u00e9liore la r\u00e9sistance aux changements de temp\u00e9rature, garantissant des performances constantes quelles que soient les conditions. La technologie\u00a0<b>EXCLUSIVE SPIN<\/b>, avec une\u00a0<b>double finition rugueuse<\/b>: hexagonale 3D au centre et texture sabl\u00e9e sur le reste. Cette combinaison am\u00e9liore le contr\u00f4le et permet d&#8217;ajouter plus d&#8217;effets \u00e0 la balle.<\/p>\n<h2>Moins de Vibrations, Meilleure Prise<\/h2>\n<p>La technologie\u00a0<b>NOX Custom Grip\u00ae<\/b>\u00a0(certifi\u00e9e par Testea Padel) et le\u00a0<b>syst\u00e8me Pulse<\/b>\u00a0contribuent \u00e0 l&#8217;absorption des vibrations qui atteignent la main, r\u00e9duisant ainsi la fatigue articulaire. Le syst\u00e8me innovant de cordon de s\u00e9curit\u00e9 rempla\u00e7able\u00a0<b>Smartstrap\u00ae<\/b>\u00a0est \u00e9galement inclus. Plus hygi\u00e9nique, plus s\u00fbr et enti\u00e8rement personnalisable.<\/p>\n<h2><\/h2>\n","protected":false},"excerpt":{"rendered":"<p>\u00c9quilibre Parfait, Vitesse Imparable Suivant les indications du &#8220;Mozart de Catamarca&#8221;, nous avons incorpor\u00e9 un capuchon octogonal\u00a0con\u00e7u pour am\u00e9liorer la prise, quel que soit le type d&#8217;emprise que vous utilisez. La technologie EOS Flap a \u00e9t\u00e9 maintenue pour optimiser la\u00a0maniabilit\u00e9\u00a0de la raquette et redistribuer efficacement le poids, cr\u00e9ant ainsi une raquette\u00a0rapide\u00a0et\u00a0redoutable\u00a0sur le court. Carbone 18K [&hellip;]<\/p>\n","protected":false},"featured_media":114010,"comment_status":"open","ping_status":"closed","template":"","meta":[],"product_cat":[786,84],"product_tag":[],"_links":{"self":[{"href":"https:\/\/www.sport4club.be\/index.php\/wp-json\/wp\/v2\/product\/114009"}],"collection":[{"href":"https:\/\/www.sport4club.be\/index.php\/wp-json\/wp\/v2\/product"}],"about":[{"href":"https:\/\/www.sport4club.be\/index.php\/wp-json\/wp\/v2\/types\/product"}],"replies":[{"embeddable":true,"href":"https:\/\/www.sport4club.be\/index.php\/wp-json\/wp\/v2\/comments?post=114009"}],"wp:featuredmedia":[{"embeddable":true,"href":"https:\/\/www.sport4club.be\/index.php\/wp-json\/wp\/v2\/media\/114010"}],"wp:attachment":[{"href":"https:\/\/www.sport4club.be\/index.php\/wp-json\/wp\/v2\/media?parent=114009"}],"wp:term":[{"taxonomy":"product_cat","embeddable":true,"href":"https:\/\/www.sport4club.be\/index.php\/wp-json\/wp\/v2\/product_cat?post=114009"},{"taxonomy":"product_tag","embeddable":true,"href":"https:\/\/www.sport4club.be\/index.php\/wp-json\/wp\/v2\/product_tag?post=114009"}],"curies":[{"name":"wp","href":"https:\/\/api.w.org\/{rel}","templated":true}]}}