{"id":114004,"date":"2024-09-28T10:16:03","date_gmt":"2024-09-28T08:16:03","guid":{"rendered":"https:\/\/www.sport4club.be\/?post_type=product&#038;p=114004"},"modified":"2026-01-09T13:23:37","modified_gmt":"2026-01-09T12:23:37","slug":"nox-at10-luxury-genius-12k-2025","status":"publish","type":"product","link":"https:\/\/www.sport4club.be\/index.php\/product\/nox-at10-luxury-genius-12k-2025\/","title":{"rendered":"Nox AT10 Luxury Genius 12K 2025"},"content":{"rendered":"<h2>Un \u00e9quilibre parfait, une vitesse imparable<\/h2>\n<p>En suivant les indications du &#8220;Mozart de Catamarca&#8221;, nous avons ajust\u00e9 l&#8217;<strong>\u00e9quilibre<\/strong>\u00a0pour obtenir un plus de vitesse dans les coups d\u00e9fensifs rapides et nous avons incorpor\u00e9 un<strong>\u00a0capuchon octogonal<\/strong>, con\u00e7u pour am\u00e9liorer grip. La technologie\u00a0<strong>EOS Flap<\/strong>\u00a0a \u00e9t\u00e9 maintenue pour optimiser la\u00a0<strong>maniabilit\u00e9 de\u00a0<\/strong>la raquette et\u00a0pour\u00a0<strong><b>une r\u00e9partition optimale<\/b><\/strong>\u00a0du poids, cr\u00e9ant ainsi une raquette\u00a0<strong>rapide\u00a0<\/strong>et\u00a0<strong>mortelle\u00a0<\/strong>sur le court.<\/p>\n<h2>12K Carbon et MLD Black Eva Core<\/h2>\n<p>La combinaison innovante de mat\u00e9riaux, avec la\u00a0<strong>fibre de carbone 12K\u00a0<\/strong>et le noyau\u00a0<b>multicouche\u00a0<\/b><strong>MLD Black Eva<\/strong>, offre une sensation de solidit\u00e9 et une duret\u00e9 moyenne-\u00e9lev\u00e9e. Il incorpore la technologie\u00a0<strong>EXCLUSIVE SPIN,<\/strong>\u00a0avec une\u00a0<strong>double finition rugueuse<\/strong>: hexagonale 3D au centre et texture sable sur le reste. Cette combinaison am\u00e9liore le contr\u00f4le et donne plus d&#8217;<strong>effets\u00a0<\/strong>\u00e0 la balle.<\/p>\n<h2>Moins de vibrations, plus de grip<\/h2>\n<p><strong>\u00aeLa technologie<\/strong>\u00a0<strong>NOX Custom Grip<\/strong>\u00a0(certifi\u00e9e par Testea Padel) et le\u00a0<strong>syst\u00e8me Pulse<\/strong>\u00a0contribuent \u00e0 l&#8217;absorption des vibrations qui atteignent la main, r\u00e9duisant ainsi la fatigue des articulations.\u00a0<strong>\u00ae Le syst\u00e8me de la\u00e7age de s\u00e9curit\u00e9 rempla\u00e7able<\/strong>\u00a0<strong>Smartstrap<\/strong>, pionnier en la mati\u00e8re\u00a0<strong>,<\/strong>\u00a0est \u00e9galement inclus. Plus hygi\u00e9nique, plus s\u00fbr et enti\u00e8rement personnalisable.<\/p>\n<h2><\/h2>\n","protected":false},"excerpt":{"rendered":"<p>Un \u00e9quilibre parfait, une vitesse imparable En suivant les indications du &#8220;Mozart de Catamarca&#8221;, nous avons ajust\u00e9 l&#8217;\u00e9quilibre\u00a0pour obtenir un plus de vitesse dans les coups d\u00e9fensifs rapides et nous avons incorpor\u00e9 un\u00a0capuchon octogonal, con\u00e7u pour am\u00e9liorer grip. La technologie\u00a0EOS Flap\u00a0a \u00e9t\u00e9 maintenue pour optimiser la\u00a0maniabilit\u00e9 de\u00a0la raquette et\u00a0pour\u00a0une r\u00e9partition optimale\u00a0du poids, cr\u00e9ant ainsi une [&hellip;]<\/p>\n","protected":false},"featured_media":114005,"comment_status":"open","ping_status":"closed","template":"","meta":[],"product_cat":[786,84],"product_tag":[],"_links":{"self":[{"href":"https:\/\/www.sport4club.be\/index.php\/wp-json\/wp\/v2\/product\/114004"}],"collection":[{"href":"https:\/\/www.sport4club.be\/index.php\/wp-json\/wp\/v2\/product"}],"about":[{"href":"https:\/\/www.sport4club.be\/index.php\/wp-json\/wp\/v2\/types\/product"}],"replies":[{"embeddable":true,"href":"https:\/\/www.sport4club.be\/index.php\/wp-json\/wp\/v2\/comments?post=114004"}],"wp:featuredmedia":[{"embeddable":true,"href":"https:\/\/www.sport4club.be\/index.php\/wp-json\/wp\/v2\/media\/114005"}],"wp:attachment":[{"href":"https:\/\/www.sport4club.be\/index.php\/wp-json\/wp\/v2\/media?parent=114004"}],"wp:term":[{"taxonomy":"product_cat","embeddable":true,"href":"https:\/\/www.sport4club.be\/index.php\/wp-json\/wp\/v2\/product_cat?post=114004"},{"taxonomy":"product_tag","embeddable":true,"href":"https:\/\/www.sport4club.be\/index.php\/wp-json\/wp\/v2\/product_tag?post=114004"}],"curies":[{"name":"wp","href":"https:\/\/api.w.org\/{rel}","templated":true}]}}