{"id":113999,"date":"2024-09-28T10:08:22","date_gmt":"2024-09-28T08:08:22","guid":{"rendered":"https:\/\/www.sport4club.be\/?post_type=product&#038;p=113999"},"modified":"2026-02-07T11:48:57","modified_gmt":"2026-02-07T10:48:57","slug":"nox-at10-luxury-genius-attack-12k-2025","status":"publish","type":"product","link":"https:\/\/www.sport4club.be\/index.php\/product\/nox-at10-luxury-genius-attack-12k-2025\/","title":{"rendered":"Nox AT10 LUXURY GENIUS ATTACK 12K 2025"},"content":{"rendered":"<h2>Un \u00e9quilibre parfait, une vitesse imparable<\/h2>\n<p>Suivant les indications du &#8220;Mozart de Catamarca&#8221;, nous avons incorpor\u00e9 un\u00a0<strong>capuchon octogonal<\/strong>\u00a0con\u00e7u pour am\u00e9liorer\u00a0<strong>la prise<\/strong>, quel que soit le type de grip utilis\u00e9. La technologie EOS Flap a \u00e9t\u00e9 conserv\u00e9e pour optimiser la\u00a0<strong>maniabilit\u00e9 de\u00a0<\/strong>la raquette et pour une r\u00e9partition optimale du poids efficacement, cr\u00e9ant ainsi une raquette\u00a0<strong>rapide\u00a0<\/strong>et\u00a0<strong>mortelle\u00a0<\/strong>sur le court.<\/p>\n<h2>Carbone 12K et noyau MLD Black Eva multicouches<\/h2>\n<p>La combinaison innovante de mat\u00e9riaux, avec la\u00a0<strong>fibre de carbone 12K<\/strong>\u00a0et le noyau MLD Black Eva multicouches, offre une sensation de solidit\u00e9 et une\u00a0<strong>duret\u00e9 moyenne-\u00e9lev\u00e9e<\/strong>. Elle incorpore la technologie\u00a0<strong>EXCLUSIVE SPIN<\/strong>, avec une\u00a0<strong>double finition rugueuse :<\/strong>\u00a0hexagonale 3D au centre et texture sable sur le reste. Cette combinaison am\u00e9liore le contr\u00f4le et donne plus d&#8217;<strong>effets<\/strong>\u00a0\u00e0 la balle.<\/p>\n<h2>Moins de vibrations, plus de grip<\/h2>\n<p><strong>\u00aeLa technologie<\/strong>\u00a0<strong>NOX Custom Grip<\/strong>\u00a0(certifi\u00e9e par Testea Padel) et le\u00a0<strong>syst\u00e8me Pulse<\/strong>\u00a0contribuent \u00e0 l&#8217;absorption des vibrations qui atteignent la main, r\u00e9duisant ainsi la fatigue des articulations.\u00a0<strong>\u00ae Le syst\u00e8me de la\u00e7age de s\u00e9curit\u00e9 rempla\u00e7able<\/strong>\u00a0<strong>Smartstrap<\/strong>, pionnier en la mati\u00e8re\u00a0<strong>,<\/strong>\u00a0est \u00e9galement inclus. Plus hygi\u00e9nique, plus s\u00fbr et enti\u00e8rement personnalisable.<\/p>\n","protected":false},"excerpt":{"rendered":"<p>Un \u00e9quilibre parfait, une vitesse imparable Suivant les indications du &#8220;Mozart de Catamarca&#8221;, nous avons incorpor\u00e9 un\u00a0capuchon octogonal\u00a0con\u00e7u pour am\u00e9liorer\u00a0la prise, quel que soit le type de grip utilis\u00e9. La technologie EOS Flap a \u00e9t\u00e9 conserv\u00e9e pour optimiser la\u00a0maniabilit\u00e9 de\u00a0la raquette et pour une r\u00e9partition optimale du poids efficacement, cr\u00e9ant ainsi une raquette\u00a0rapide\u00a0et\u00a0mortelle\u00a0sur le court. [&hellip;]<\/p>\n","protected":false},"featured_media":114000,"comment_status":"open","ping_status":"closed","template":"","meta":[],"product_cat":[786,84],"product_tag":[],"_links":{"self":[{"href":"https:\/\/www.sport4club.be\/index.php\/wp-json\/wp\/v2\/product\/113999"}],"collection":[{"href":"https:\/\/www.sport4club.be\/index.php\/wp-json\/wp\/v2\/product"}],"about":[{"href":"https:\/\/www.sport4club.be\/index.php\/wp-json\/wp\/v2\/types\/product"}],"replies":[{"embeddable":true,"href":"https:\/\/www.sport4club.be\/index.php\/wp-json\/wp\/v2\/comments?post=113999"}],"wp:featuredmedia":[{"embeddable":true,"href":"https:\/\/www.sport4club.be\/index.php\/wp-json\/wp\/v2\/media\/114000"}],"wp:attachment":[{"href":"https:\/\/www.sport4club.be\/index.php\/wp-json\/wp\/v2\/media?parent=113999"}],"wp:term":[{"taxonomy":"product_cat","embeddable":true,"href":"https:\/\/www.sport4club.be\/index.php\/wp-json\/wp\/v2\/product_cat?post=113999"},{"taxonomy":"product_tag","embeddable":true,"href":"https:\/\/www.sport4club.be\/index.php\/wp-json\/wp\/v2\/product_tag?post=113999"}],"curies":[{"name":"wp","href":"https:\/\/api.w.org\/{rel}","templated":true}]}}