{"id":113941,"date":"2024-09-03T11:59:35","date_gmt":"2024-09-03T09:59:35","guid":{"rendered":"https:\/\/www.sport4club.be\/?post_type=product&#038;p=113941"},"modified":"2024-09-03T11:59:36","modified_gmt":"2024-09-03T09:59:36","slug":"head-boom-mp-l-2024-alternate-270gr","status":"publish","type":"product","link":"https:\/\/www.sport4club.be\/index.php\/product\/head-boom-mp-l-2024-alternate-270gr\/","title":{"rendered":"Head Boom MP L 2024 Alternate (270gr)"},"content":{"rendered":"<p>La\u00a0BOOM MP L 2024 Alternate\u00a0vous propulse vers de nouveaux sommets tout en vous procurant une sensation explosive. Version plus l\u00e9g\u00e8re de la BOOM MP 2024, cette raquette allie puissance et sensations gr\u00e2ce \u00e0 la nouvelle technologie Auxetic 2.0.<\/p>\n<p>Avec ce genre de cadre, vous pouvez\u00a0acc\u00e9l\u00e9rer la balle facilement\u00a0tout en profitant d&#8217;excellentes sensations lors de la frappe.<\/p>\n<p>Raquette tr\u00e8s accessible avec son poids de\u00a0270 grammes, son tamis de\u00a0645 cm\u00b2\u00a0et son \u00e9quilibre de\u00a032,5cm. Tout est fait pour la rendre tr\u00e8s facile \u00e0 prendre en main. Et en effet, \u00e0 ce niveau cette\u00a0Boom MP L\u00a0Alternate\u00a0est un vrai bijou !<\/p>\n<p>Son design alternatif avec deux teintes de verts ne laissera pas indiff\u00e9rent sur le court.<\/p>\n<p>Cette raquette se destine \u00e0 des joueurs d&#8217;un\u00a0niveau interm\u00e9diaire \u00e0 confirm\u00e9\u00a0en recherche de puissance, de maniabilit\u00e9 et de tol\u00e9rance.<\/p>\n","protected":false},"excerpt":{"rendered":"<p>La\u00a0BOOM MP L 2024 Alternate\u00a0vous propulse vers de nouveaux sommets tout en vous procurant une sensation explosive. Version plus l\u00e9g\u00e8re de la BOOM MP 2024, cette raquette allie puissance et sensations gr\u00e2ce \u00e0 la nouvelle technologie Auxetic 2.0. Avec ce genre de cadre, vous pouvez\u00a0acc\u00e9l\u00e9rer la balle facilement\u00a0tout en profitant d&#8217;excellentes sensations lors de la [&hellip;]<\/p>\n","protected":false},"featured_media":113942,"comment_status":"open","ping_status":"closed","template":"","meta":[],"product_cat":[145,786],"product_tag":[],"_links":{"self":[{"href":"https:\/\/www.sport4club.be\/index.php\/wp-json\/wp\/v2\/product\/113941"}],"collection":[{"href":"https:\/\/www.sport4club.be\/index.php\/wp-json\/wp\/v2\/product"}],"about":[{"href":"https:\/\/www.sport4club.be\/index.php\/wp-json\/wp\/v2\/types\/product"}],"replies":[{"embeddable":true,"href":"https:\/\/www.sport4club.be\/index.php\/wp-json\/wp\/v2\/comments?post=113941"}],"wp:featuredmedia":[{"embeddable":true,"href":"https:\/\/www.sport4club.be\/index.php\/wp-json\/wp\/v2\/media\/113942"}],"wp:attachment":[{"href":"https:\/\/www.sport4club.be\/index.php\/wp-json\/wp\/v2\/media?parent=113941"}],"wp:term":[{"taxonomy":"product_cat","embeddable":true,"href":"https:\/\/www.sport4club.be\/index.php\/wp-json\/wp\/v2\/product_cat?post=113941"},{"taxonomy":"product_tag","embeddable":true,"href":"https:\/\/www.sport4club.be\/index.php\/wp-json\/wp\/v2\/product_tag?post=113941"}],"curies":[{"name":"wp","href":"https:\/\/api.w.org\/{rel}","templated":true}]}}