{"id":113906,"date":"2024-08-21T17:14:04","date_gmt":"2024-08-21T15:14:04","guid":{"rendered":"https:\/\/www.sport4club.be\/?post_type=product&#038;p=113906"},"modified":"2024-12-24T08:11:38","modified_gmt":"2024-12-24T07:11:38","slug":"wilson-premier-padel-x3balles","status":"publish","type":"product","link":"https:\/\/www.sport4club.be\/index.php\/product\/wilson-premier-padel-x3balles\/","title":{"rendered":"Wilson Premier Padel x3balles"},"content":{"rendered":"<p>Balle officielle du Premier Padel, les balles\u00a0Wilson Premier Padel\u00a0sont con\u00e7ues pour les surfaces rapides, les altitudes \u00e9lev\u00e9es et les environnements chauds et humides, afin de ralentir le jeu et prolonger les \u00e9changes. Nous les conseillons \u00e9galement aux d\u00e9butants cherchant une balle un peu plus lente pour prendre plus de plaisir lors des \u00e9changes.<\/p>\n<p>Les balles Wilson Premier Padel allient\u00a0r\u00e9gularit\u00e9,\u00a0jouabilit\u00e9\u00a0et\u00a0durabilit\u00e9, pour une exp\u00e9rience de jeu optimale. Leur feutre Dura-Weave assure une excellente tenue du logo et une performance durable.<\/p>\n","protected":false},"excerpt":{"rendered":"<p>Balle officielle du Premier Padel, les balles\u00a0Wilson Premier Padel\u00a0sont con\u00e7ues pour les surfaces rapides, les altitudes \u00e9lev\u00e9es et les environnements chauds et humides, afin de ralentir le jeu et prolonger les \u00e9changes. Nous les conseillons \u00e9galement aux d\u00e9butants cherchant une balle un peu plus lente pour prendre plus de plaisir lors des \u00e9changes. Les balles [&hellip;]<\/p>\n","protected":false},"featured_media":113907,"comment_status":"open","ping_status":"closed","template":"","meta":[],"product_cat":[88],"product_tag":[],"_links":{"self":[{"href":"https:\/\/www.sport4club.be\/index.php\/wp-json\/wp\/v2\/product\/113906"}],"collection":[{"href":"https:\/\/www.sport4club.be\/index.php\/wp-json\/wp\/v2\/product"}],"about":[{"href":"https:\/\/www.sport4club.be\/index.php\/wp-json\/wp\/v2\/types\/product"}],"replies":[{"embeddable":true,"href":"https:\/\/www.sport4club.be\/index.php\/wp-json\/wp\/v2\/comments?post=113906"}],"wp:featuredmedia":[{"embeddable":true,"href":"https:\/\/www.sport4club.be\/index.php\/wp-json\/wp\/v2\/media\/113907"}],"wp:attachment":[{"href":"https:\/\/www.sport4club.be\/index.php\/wp-json\/wp\/v2\/media?parent=113906"}],"wp:term":[{"taxonomy":"product_cat","embeddable":true,"href":"https:\/\/www.sport4club.be\/index.php\/wp-json\/wp\/v2\/product_cat?post=113906"},{"taxonomy":"product_tag","embeddable":true,"href":"https:\/\/www.sport4club.be\/index.php\/wp-json\/wp\/v2\/product_tag?post=113906"}],"curies":[{"name":"wp","href":"https:\/\/api.w.org\/{rel}","templated":true}]}}