{"id":113898,"date":"2024-08-21T15:08:15","date_gmt":"2024-08-21T13:08:15","guid":{"rendered":"https:\/\/www.sport4club.be\/?post_type=product&#038;p=113898"},"modified":"2025-12-19T16:12:04","modified_gmt":"2025-12-19T15:12:04","slug":"head-padel-pro-s-24x3balles","status":"publish","type":"product","link":"https:\/\/www.sport4club.be\/index.php\/product\/head-padel-pro-s-24x3balles\/","title":{"rendered":"Head Padel Pro S 24x3balles"},"content":{"rendered":"<p>La balle de padel Head Pro S est la version plus vive de la Head Padel Pro, le mod\u00e8le\u00a0officiel du World Padel Tour\u00a0et choisi par plusieurs f\u00e9d\u00e9rations de padel. Cette balle de padel pressuris\u00e9e est id\u00e9ale pour les joueurs cherchant plus de vitesse et de r\u00e9activit\u00e9 en jeu, ou pour les joueurs \u00e9voluant en altitude.<\/p>\n<p>Conditionn\u00e9e en carton de\u00a024 tubes de 3 balles, cette balle est parfaite pour les entra\u00eenements r\u00e9guliers ou les comp\u00e9titions de haut niveau. Son noyau en caoutchouc pressuris\u00e9 et son feutre haute qualit\u00e9 assurent une long\u00e9vit\u00e9 accrue et un excellent contr\u00f4le de jeu.<\/p>\n","protected":false},"excerpt":{"rendered":"<p>La balle de padel Head Pro S est la version plus vive de la Head Padel Pro, le mod\u00e8le\u00a0officiel du World Padel Tour\u00a0et choisi par plusieurs f\u00e9d\u00e9rations de padel. Cette balle de padel pressuris\u00e9e est id\u00e9ale pour les joueurs cherchant plus de vitesse et de r\u00e9activit\u00e9 en jeu, ou pour les joueurs \u00e9voluant en altitude. [&hellip;]<\/p>\n","protected":false},"featured_media":113899,"comment_status":"open","ping_status":"closed","template":"","meta":[],"product_cat":[88,786],"product_tag":[],"_links":{"self":[{"href":"https:\/\/www.sport4club.be\/index.php\/wp-json\/wp\/v2\/product\/113898"}],"collection":[{"href":"https:\/\/www.sport4club.be\/index.php\/wp-json\/wp\/v2\/product"}],"about":[{"href":"https:\/\/www.sport4club.be\/index.php\/wp-json\/wp\/v2\/types\/product"}],"replies":[{"embeddable":true,"href":"https:\/\/www.sport4club.be\/index.php\/wp-json\/wp\/v2\/comments?post=113898"}],"wp:featuredmedia":[{"embeddable":true,"href":"https:\/\/www.sport4club.be\/index.php\/wp-json\/wp\/v2\/media\/113899"}],"wp:attachment":[{"href":"https:\/\/www.sport4club.be\/index.php\/wp-json\/wp\/v2\/media?parent=113898"}],"wp:term":[{"taxonomy":"product_cat","embeddable":true,"href":"https:\/\/www.sport4club.be\/index.php\/wp-json\/wp\/v2\/product_cat?post=113898"},{"taxonomy":"product_tag","embeddable":true,"href":"https:\/\/www.sport4club.be\/index.php\/wp-json\/wp\/v2\/product_tag?post=113898"}],"curies":[{"name":"wp","href":"https:\/\/api.w.org\/{rel}","templated":true}]}}