{"id":113879,"date":"2024-08-21T14:31:27","date_gmt":"2024-08-21T12:31:27","guid":{"rendered":"https:\/\/www.sport4club.be\/?post_type=product&#038;p=113879"},"modified":"2025-11-29T09:12:05","modified_gmt":"2025-11-29T08:12:05","slug":"head-padel-team-x3balles","status":"publish","type":"product","link":"https:\/\/www.sport4club.be\/index.php\/product\/head-padel-team-x3balles\/","title":{"rendered":"Head Padel Team x3balles"},"content":{"rendered":"<p>La balle de Padel Head Team est d\u00e9velopp\u00e9e sp\u00e9cifiquement pour le Padel.<\/p>\n<p>Son feutre est r\u00e9sistant et son int\u00e9rieur dot\u00e9 d&#8217;un noyau en caoutchouc pressuris\u00e9. Le niveau de contr\u00f4le qu&#8217;elle fournit conviendra \u00e0 des joueurs r\u00e9guliers.<\/p>\n","protected":false},"excerpt":{"rendered":"<p>La balle de Padel Head Team est d\u00e9velopp\u00e9e sp\u00e9cifiquement pour le Padel. Son feutre est r\u00e9sistant et son int\u00e9rieur dot\u00e9 d&#8217;un noyau en caoutchouc pressuris\u00e9. Le niveau de contr\u00f4le qu&#8217;elle fournit conviendra \u00e0 des joueurs r\u00e9guliers.<\/p>\n","protected":false},"featured_media":113880,"comment_status":"open","ping_status":"closed","template":"","meta":[],"product_cat":[88],"product_tag":[],"_links":{"self":[{"href":"https:\/\/www.sport4club.be\/index.php\/wp-json\/wp\/v2\/product\/113879"}],"collection":[{"href":"https:\/\/www.sport4club.be\/index.php\/wp-json\/wp\/v2\/product"}],"about":[{"href":"https:\/\/www.sport4club.be\/index.php\/wp-json\/wp\/v2\/types\/product"}],"replies":[{"embeddable":true,"href":"https:\/\/www.sport4club.be\/index.php\/wp-json\/wp\/v2\/comments?post=113879"}],"wp:featuredmedia":[{"embeddable":true,"href":"https:\/\/www.sport4club.be\/index.php\/wp-json\/wp\/v2\/media\/113880"}],"wp:attachment":[{"href":"https:\/\/www.sport4club.be\/index.php\/wp-json\/wp\/v2\/media?parent=113879"}],"wp:term":[{"taxonomy":"product_cat","embeddable":true,"href":"https:\/\/www.sport4club.be\/index.php\/wp-json\/wp\/v2\/product_cat?post=113879"},{"taxonomy":"product_tag","embeddable":true,"href":"https:\/\/www.sport4club.be\/index.php\/wp-json\/wp\/v2\/product_tag?post=113879"}],"curies":[{"name":"wp","href":"https:\/\/api.w.org\/{rel}","templated":true}]}}