{"id":113874,"date":"2024-08-21T14:04:42","date_gmt":"2024-08-21T12:04:42","guid":{"rendered":"https:\/\/www.sport4club.be\/?post_type=product&#038;p=113874"},"modified":"2026-03-23T07:17:17","modified_gmt":"2026-03-23T06:17:17","slug":"dunlop-pro-padel-x3balles-2","status":"publish","type":"product","link":"https:\/\/www.sport4club.be\/index.php\/product\/dunlop-pro-padel-x3balles-2\/","title":{"rendered":"Dunlop Pro Padel x3balles"},"content":{"rendered":"<p>Vous \u00eates un joueur de padel exigeant et vous recherchez des\u00a0balles de qualit\u00e9 sup\u00e9rieure\u00a0pour am\u00e9liorer votre performance sur le court ? Le tube de 3 balles\u00a0Dunlop Pro Padel\u00a0est fait pour vous.<\/p>\n<p>Fabriqu\u00e9es avec des mat\u00e9riaux de haute qualit\u00e9, ces\u00a0balles\u00a0offrent une performance exceptionnelle lors de vos parties de padel. Leur conception sp\u00e9cialement adapt\u00e9e au padel, avec une vitesse et une pression optimis\u00e9es, permet des \u00e9changes techniques et dynamiques.<\/p>\n<p>La surface en feutre de haute qualit\u00e9 offre une excellente adh\u00e9rence et un rebond r\u00e9gulier pour des \u00e9changes fluides et pr\u00e9cis. La r\u00e9sistance \u00e0 l&#8217;usure garantit une dur\u00e9e de vie prolong\u00e9e, ce qui en fait un choix \u00e9conomique pour les joueurs r\u00e9guliers.<\/p>\n<p>Le tube de 3 balles\u00a0Dunlop Pro Padel\u00a0est id\u00e9al pour les joueurs de padel exigeants qui recherchent une\u00a0balle de qualit\u00e9 sup\u00e9rieure\u00a0pour am\u00e9liorer leur performance sur le court. Avec leur conditionnement en tube de 3 balles, vous pouvez facilement emporter avec vous la quantit\u00e9 de balles n\u00e9cessaire pour vos parties ou vos comp\u00e9titions.<\/p>\n<p>Commandez d\u00e8s maintenant votre tube de 3 balles\u00a0Dunlop Pro Padel\u00a0et am\u00e9liorez votre performance sur le court. Profitez d&#8217;une livraison rapide et d&#8217;une garantie de qualit\u00e9 sup\u00e9rieure.<\/p>\n","protected":false},"excerpt":{"rendered":"<p>Vous \u00eates un joueur de padel exigeant et vous recherchez des\u00a0balles de qualit\u00e9 sup\u00e9rieure\u00a0pour am\u00e9liorer votre performance sur le court ? Le tube de 3 balles\u00a0Dunlop Pro Padel\u00a0est fait pour vous. Fabriqu\u00e9es avec des mat\u00e9riaux de haute qualit\u00e9, ces\u00a0balles\u00a0offrent une performance exceptionnelle lors de vos parties de padel. Leur conception sp\u00e9cialement adapt\u00e9e au padel, avec [&hellip;]<\/p>\n","protected":false},"featured_media":113875,"comment_status":"open","ping_status":"closed","template":"","meta":[],"product_cat":[88],"product_tag":[],"_links":{"self":[{"href":"https:\/\/www.sport4club.be\/index.php\/wp-json\/wp\/v2\/product\/113874"}],"collection":[{"href":"https:\/\/www.sport4club.be\/index.php\/wp-json\/wp\/v2\/product"}],"about":[{"href":"https:\/\/www.sport4club.be\/index.php\/wp-json\/wp\/v2\/types\/product"}],"replies":[{"embeddable":true,"href":"https:\/\/www.sport4club.be\/index.php\/wp-json\/wp\/v2\/comments?post=113874"}],"wp:featuredmedia":[{"embeddable":true,"href":"https:\/\/www.sport4club.be\/index.php\/wp-json\/wp\/v2\/media\/113875"}],"wp:attachment":[{"href":"https:\/\/www.sport4club.be\/index.php\/wp-json\/wp\/v2\/media?parent=113874"}],"wp:term":[{"taxonomy":"product_cat","embeddable":true,"href":"https:\/\/www.sport4club.be\/index.php\/wp-json\/wp\/v2\/product_cat?post=113874"},{"taxonomy":"product_tag","embeddable":true,"href":"https:\/\/www.sport4club.be\/index.php\/wp-json\/wp\/v2\/product_tag?post=113874"}],"curies":[{"name":"wp","href":"https:\/\/api.w.org\/{rel}","templated":true}]}}