{"id":113863,"date":"2024-08-21T12:43:29","date_gmt":"2024-08-21T10:43:29","guid":{"rendered":"https:\/\/www.sport4club.be\/?post_type=product&#038;p=113863"},"modified":"2024-08-21T12:43:29","modified_gmt":"2024-08-21T10:43:29","slug":"dunlop-eco-padel-eu-24x3balles","status":"publish","type":"product","link":"https:\/\/www.sport4club.be\/index.php\/product\/dunlop-eco-padel-eu-24x3balles\/","title":{"rendered":"Dunlop Eco Padel EU 24x3balles"},"content":{"rendered":"<ul>\n<li>Construction exclusive du noyau sans pression optimis\u00e9e pour le padel<\/li>\n<li>Tissu synth\u00e9tique de haute qualit\u00e9 pour une durabilit\u00e9 accrue<\/li>\n<li>Durabilit\u00e9 exceptionnelle pour des performances durables<\/li>\n<li>Emballage respectueux de l&#8217;environnement &#8211; recyclable et sans plastique<\/li>\n<li>Id\u00e9al pour les clubs, les entra\u00eeneurs et les joueurs de loisir<\/li>\n<\/ul>\n<p>BALLES SANS PRESSION<\/p>\n","protected":false},"excerpt":{"rendered":"<p>Construction exclusive du noyau sans pression optimis\u00e9e pour le padel Tissu synth\u00e9tique de haute qualit\u00e9 pour une durabilit\u00e9 accrue Durabilit\u00e9 exceptionnelle pour des performances durables Emballage respectueux de l&#8217;environnement &#8211; recyclable et sans plastique Id\u00e9al pour les clubs, les entra\u00eeneurs et les joueurs de loisir BALLES SANS PRESSION<\/p>\n","protected":false},"featured_media":113864,"comment_status":"open","ping_status":"closed","template":"","meta":[],"product_cat":[88],"product_tag":[],"_links":{"self":[{"href":"https:\/\/www.sport4club.be\/index.php\/wp-json\/wp\/v2\/product\/113863"}],"collection":[{"href":"https:\/\/www.sport4club.be\/index.php\/wp-json\/wp\/v2\/product"}],"about":[{"href":"https:\/\/www.sport4club.be\/index.php\/wp-json\/wp\/v2\/types\/product"}],"replies":[{"embeddable":true,"href":"https:\/\/www.sport4club.be\/index.php\/wp-json\/wp\/v2\/comments?post=113863"}],"wp:featuredmedia":[{"embeddable":true,"href":"https:\/\/www.sport4club.be\/index.php\/wp-json\/wp\/v2\/media\/113864"}],"wp:attachment":[{"href":"https:\/\/www.sport4club.be\/index.php\/wp-json\/wp\/v2\/media?parent=113863"}],"wp:term":[{"taxonomy":"product_cat","embeddable":true,"href":"https:\/\/www.sport4club.be\/index.php\/wp-json\/wp\/v2\/product_cat?post=113863"},{"taxonomy":"product_tag","embeddable":true,"href":"https:\/\/www.sport4club.be\/index.php\/wp-json\/wp\/v2\/product_tag?post=113863"}],"curies":[{"name":"wp","href":"https:\/\/api.w.org\/{rel}","templated":true}]}}