{"id":113856,"date":"2024-08-21T09:51:33","date_gmt":"2024-08-21T07:51:33","guid":{"rendered":"https:\/\/www.sport4club.be\/?post_type=product&#038;p=113856"},"modified":"2024-08-21T09:51:34","modified_gmt":"2024-08-21T07:51:34","slug":"bullpadel-pascal-box-3balles","status":"publish","type":"product","link":"https:\/\/www.sport4club.be\/index.php\/product\/bullpadel-pascal-box-3balles\/","title":{"rendered":"Bullpadel Pascal Box 3balles"},"content":{"rendered":"<p>Marre de jeter des balles qui manquent de pression alors que leur feutre est encore en bon \u00e9tat ? Vous \u00eates un comp\u00e9titeur exigeant et souhaitez toujours jouer avec des balles \u00e0 la pression r\u00e9glementaire ?<\/p>\n<p>Alors la Pascalbox de Bullpadel est faite pour vous ! Ce syst\u00e8me compact et complet va vous permettre de maintenir \u00e0 la bonne pression 3 balles de padel gr\u00e2ce \u00e0 sa coupelle haute r\u00e9sistance, son manom\u00e8tre de pr\u00e9cision, sa valve de gonflage universelle et sa soupape de s\u00e9curit\u00e9.<\/p>\n<p>La pompe est fournie avec la Pascalbox, qui garantit une fermeture herm\u00e9tique et un r\u00e9sultat \u00e0 100%. Vous pourrez ainsi d\u00e9cider de jeter vos balles quand elles auront r\u00e9ellement livr\u00e9 tout leur potentiel !<\/p>\n<p>La Pascalbox de Bullpadel conserve vos balles \u00e0 la pression homologu\u00e9e, match apr\u00e8s match. Le manom\u00e8tre de haute pr\u00e9cision vous permet de r\u00e9gler la pression souhait\u00e9e, que vous jouiez au padel ou au tennis.<\/p>\n<p>Fabriqu\u00e9e avec des mat\u00e9riaux de haute qualit\u00e9, la Pascalbox est durable et r\u00e9sistante pour vous accompagner longtemps sur le terrain.<\/p>\n","protected":false},"excerpt":{"rendered":"<p>Marre de jeter des balles qui manquent de pression alors que leur feutre est encore en bon \u00e9tat ? Vous \u00eates un comp\u00e9titeur exigeant et souhaitez toujours jouer avec des balles \u00e0 la pression r\u00e9glementaire ? Alors la Pascalbox de Bullpadel est faite pour vous ! Ce syst\u00e8me compact et complet va vous permettre de [&hellip;]<\/p>\n","protected":false},"featured_media":113857,"comment_status":"open","ping_status":"closed","template":"","meta":[],"product_cat":[87],"product_tag":[],"_links":{"self":[{"href":"https:\/\/www.sport4club.be\/index.php\/wp-json\/wp\/v2\/product\/113856"}],"collection":[{"href":"https:\/\/www.sport4club.be\/index.php\/wp-json\/wp\/v2\/product"}],"about":[{"href":"https:\/\/www.sport4club.be\/index.php\/wp-json\/wp\/v2\/types\/product"}],"replies":[{"embeddable":true,"href":"https:\/\/www.sport4club.be\/index.php\/wp-json\/wp\/v2\/comments?post=113856"}],"wp:featuredmedia":[{"embeddable":true,"href":"https:\/\/www.sport4club.be\/index.php\/wp-json\/wp\/v2\/media\/113857"}],"wp:attachment":[{"href":"https:\/\/www.sport4club.be\/index.php\/wp-json\/wp\/v2\/media?parent=113856"}],"wp:term":[{"taxonomy":"product_cat","embeddable":true,"href":"https:\/\/www.sport4club.be\/index.php\/wp-json\/wp\/v2\/product_cat?post=113856"},{"taxonomy":"product_tag","embeddable":true,"href":"https:\/\/www.sport4club.be\/index.php\/wp-json\/wp\/v2\/product_tag?post=113856"}],"curies":[{"name":"wp","href":"https:\/\/api.w.org\/{rel}","templated":true}]}}