{"id":113851,"date":"2024-08-21T09:38:34","date_gmt":"2024-08-21T07:38:34","guid":{"rendered":"https:\/\/www.sport4club.be\/?post_type=product&#038;p=113851"},"modified":"2026-01-16T10:25:51","modified_gmt":"2026-01-16T09:25:51","slug":"bullpadel-premium-pro-x3balles","status":"publish","type":"product","link":"https:\/\/www.sport4club.be\/index.php\/product\/bullpadel-premium-pro-x3balles\/","title":{"rendered":"Bullpadel Premium Pro x3balles"},"content":{"rendered":"<p>La balle de Padel\u00a0Bullpadel Premium Pro\u00a0est sp\u00e9cifiquement con\u00e7ue pour la pratique du padel et peut \u00eatre utilis\u00e9e sur tous les types de terrains. Cette balle est particuli\u00e8rement adapt\u00e9e aux joueurs recherchant une grande\u00a0durabilit\u00e9.<\/p>\n<p>Son feutre synth\u00e9tique assure une grande\u00a0vitesse de jeu\u00a0et un vol vif, favorisant ainsi les \u00e9changes rapides et les coups puissants. Son noyau pressuris\u00e9 en caoutchouc haute densit\u00e9 emp\u00eache la perte rapide de pression, ce qui prolonge la\u00a0dur\u00e9e de vie\u00a0de la balle tant en termes de temps de jeu qu&#8217;en termes de maintien de ses performances.<\/p>\n<p>Cette balle dispose \u00e9galement d&#8217;un\u00a0rebond r\u00e9gulier et homog\u00e8ne, ce qui garantit une exp\u00e9rience de jeu agr\u00e9able et de qualit\u00e9.<\/p>\n","protected":false},"excerpt":{"rendered":"<p>La balle de Padel\u00a0Bullpadel Premium Pro\u00a0est sp\u00e9cifiquement con\u00e7ue pour la pratique du padel et peut \u00eatre utilis\u00e9e sur tous les types de terrains. Cette balle est particuli\u00e8rement adapt\u00e9e aux joueurs recherchant une grande\u00a0durabilit\u00e9. Son feutre synth\u00e9tique assure une grande\u00a0vitesse de jeu\u00a0et un vol vif, favorisant ainsi les \u00e9changes rapides et les coups puissants. Son noyau [&hellip;]<\/p>\n","protected":false},"featured_media":114356,"comment_status":"open","ping_status":"closed","template":"","meta":[],"product_cat":[88],"product_tag":[],"_links":{"self":[{"href":"https:\/\/www.sport4club.be\/index.php\/wp-json\/wp\/v2\/product\/113851"}],"collection":[{"href":"https:\/\/www.sport4club.be\/index.php\/wp-json\/wp\/v2\/product"}],"about":[{"href":"https:\/\/www.sport4club.be\/index.php\/wp-json\/wp\/v2\/types\/product"}],"replies":[{"embeddable":true,"href":"https:\/\/www.sport4club.be\/index.php\/wp-json\/wp\/v2\/comments?post=113851"}],"wp:featuredmedia":[{"embeddable":true,"href":"https:\/\/www.sport4club.be\/index.php\/wp-json\/wp\/v2\/media\/114356"}],"wp:attachment":[{"href":"https:\/\/www.sport4club.be\/index.php\/wp-json\/wp\/v2\/media?parent=113851"}],"wp:term":[{"taxonomy":"product_cat","embeddable":true,"href":"https:\/\/www.sport4club.be\/index.php\/wp-json\/wp\/v2\/product_cat?post=113851"},{"taxonomy":"product_tag","embeddable":true,"href":"https:\/\/www.sport4club.be\/index.php\/wp-json\/wp\/v2\/product_tag?post=113851"}],"curies":[{"name":"wp","href":"https:\/\/api.w.org\/{rel}","templated":true}]}}