{"id":113822,"date":"2024-08-14T11:02:24","date_gmt":"2024-08-14T09:02:24","guid":{"rendered":"https:\/\/www.sport4club.be\/?post_type=product&#038;p=113822"},"modified":"2024-08-14T11:02:25","modified_gmt":"2024-08-14T09:02:25","slug":"wilson-antivibrateurs-emotisorb-v2-x12pces","status":"publish","type":"product","link":"https:\/\/www.sport4club.be\/index.php\/product\/wilson-antivibrateurs-emotisorb-v2-x12pces\/","title":{"rendered":"Wilson Antivibrateurs Emotisorb V2 x12pces"},"content":{"rendered":"<p>Mettez une touche de fun sur vos raquettes de tennis avec les antivibrateurs Wilson Emotisorb ! Ils garantissant r\u00e9duction des vibrations et style unique pour votre raquette !<\/p>\n<ul>\n<li>R\u00e9duit les vibrations du cordage pour un confort et une sensation am\u00e9lior\u00e9e<\/li>\n<li>Lot de 12 antivibrateurs<\/li>\n<\/ul>\n","protected":false},"excerpt":{"rendered":"<p>Mettez une touche de fun sur vos raquettes de tennis avec les antivibrateurs Wilson Emotisorb ! Ils garantissant r\u00e9duction des vibrations et style unique pour votre raquette ! R\u00e9duit les vibrations du cordage pour un confort et une sensation am\u00e9lior\u00e9e Lot de 12 antivibrateurs<\/p>\n","protected":false},"featured_media":113823,"comment_status":"open","ping_status":"closed","template":"","meta":[],"product_cat":[119],"product_tag":[],"_links":{"self":[{"href":"https:\/\/www.sport4club.be\/index.php\/wp-json\/wp\/v2\/product\/113822"}],"collection":[{"href":"https:\/\/www.sport4club.be\/index.php\/wp-json\/wp\/v2\/product"}],"about":[{"href":"https:\/\/www.sport4club.be\/index.php\/wp-json\/wp\/v2\/types\/product"}],"replies":[{"embeddable":true,"href":"https:\/\/www.sport4club.be\/index.php\/wp-json\/wp\/v2\/comments?post=113822"}],"wp:featuredmedia":[{"embeddable":true,"href":"https:\/\/www.sport4club.be\/index.php\/wp-json\/wp\/v2\/media\/113823"}],"wp:attachment":[{"href":"https:\/\/www.sport4club.be\/index.php\/wp-json\/wp\/v2\/media?parent=113822"}],"wp:term":[{"taxonomy":"product_cat","embeddable":true,"href":"https:\/\/www.sport4club.be\/index.php\/wp-json\/wp\/v2\/product_cat?post=113822"},{"taxonomy":"product_tag","embeddable":true,"href":"https:\/\/www.sport4club.be\/index.php\/wp-json\/wp\/v2\/product_tag?post=113822"}],"curies":[{"name":"wp","href":"https:\/\/api.w.org\/{rel}","templated":true}]}}