{"id":113810,"date":"2024-08-14T10:48:14","date_gmt":"2024-08-14T08:48:14","guid":{"rendered":"https:\/\/www.sport4club.be\/?post_type=product&#038;p=113810"},"modified":"2024-08-14T10:48:15","modified_gmt":"2024-08-14T08:48:15","slug":"wilson-antivibrateurs-pro-feel-shift-x2pces","status":"publish","type":"product","link":"https:\/\/www.sport4club.be\/index.php\/product\/wilson-antivibrateurs-pro-feel-shift-x2pces\/","title":{"rendered":"Wilson Antivibrateurs Pro Feel Shift x2pces"},"content":{"rendered":"<p>Am\u00e9liorez vos sensations lors de chaque contact avec la balle gr\u00e2ce \u00e0 l&#8217;antivibrateur\u00a0Shift\u00a0de Wilson, qui absorbe efficacement les chocs et les vibrations. Con\u00e7u sp\u00e9cifiquement pour s&#8217;harmoniser avec les raquettes de tennis Shift, ce lot de deux antivibrateurs ajoute une touche de style \u00e0 votre \u00e9quipement.<\/p>\n<ul>\n<li>R\u00e9duction des vibrations des cordes de la raquette, procurant une sensation optimale lors du jeu.<\/li>\n<li>Lot de deux antivibrateurs pour une utilisation pratique sur le terrain.<\/li>\n<\/ul>\n","protected":false},"excerpt":{"rendered":"<p>Am\u00e9liorez vos sensations lors de chaque contact avec la balle gr\u00e2ce \u00e0 l&#8217;antivibrateur\u00a0Shift\u00a0de Wilson, qui absorbe efficacement les chocs et les vibrations. Con\u00e7u sp\u00e9cifiquement pour s&#8217;harmoniser avec les raquettes de tennis Shift, ce lot de deux antivibrateurs ajoute une touche de style \u00e0 votre \u00e9quipement. R\u00e9duction des vibrations des cordes de la raquette, procurant une [&hellip;]<\/p>\n","protected":false},"featured_media":113811,"comment_status":"open","ping_status":"closed","template":"","meta":[],"product_cat":[119],"product_tag":[],"_links":{"self":[{"href":"https:\/\/www.sport4club.be\/index.php\/wp-json\/wp\/v2\/product\/113810"}],"collection":[{"href":"https:\/\/www.sport4club.be\/index.php\/wp-json\/wp\/v2\/product"}],"about":[{"href":"https:\/\/www.sport4club.be\/index.php\/wp-json\/wp\/v2\/types\/product"}],"replies":[{"embeddable":true,"href":"https:\/\/www.sport4club.be\/index.php\/wp-json\/wp\/v2\/comments?post=113810"}],"wp:featuredmedia":[{"embeddable":true,"href":"https:\/\/www.sport4club.be\/index.php\/wp-json\/wp\/v2\/media\/113811"}],"wp:attachment":[{"href":"https:\/\/www.sport4club.be\/index.php\/wp-json\/wp\/v2\/media?parent=113810"}],"wp:term":[{"taxonomy":"product_cat","embeddable":true,"href":"https:\/\/www.sport4club.be\/index.php\/wp-json\/wp\/v2\/product_cat?post=113810"},{"taxonomy":"product_tag","embeddable":true,"href":"https:\/\/www.sport4club.be\/index.php\/wp-json\/wp\/v2\/product_tag?post=113810"}],"curies":[{"name":"wp","href":"https:\/\/api.w.org\/{rel}","templated":true}]}}