{"id":113808,"date":"2024-08-14T09:58:21","date_gmt":"2024-08-14T07:58:21","guid":{"rendered":"https:\/\/www.sport4club.be\/?post_type=product&#038;p=113808"},"modified":"2024-08-14T09:58:21","modified_gmt":"2024-08-14T07:58:21","slug":"wilson-grip-rf-premium-leather","status":"publish","type":"product","link":"https:\/\/www.sport4club.be\/index.php\/product\/wilson-grip-rf-premium-leather\/","title":{"rendered":"Wilson Grip RF Premium Leather"},"content":{"rendered":"<p>Le\u00a0grip de remplacement Wilson RF Premium Leather\u00a0est fabriqu\u00e9 \u00e0 partir d&#8217;un cuir de premi\u00e8re qualit\u00e9, ce qui lui conf\u00e8re une excellente sensation et une esth\u00e9tique old-school appr\u00e9ci\u00e9e par de nombreux joueurs de tennis. En plus d&#8217;\u00eatre \u00e9l\u00e9gant, ce grip de remplacement offre \u00e9galement une pr\u00e9hension id\u00e9ale pour une exp\u00e9rience de jeu optimale.<\/p>\n<p>Vous pourrez ainsi jouer avec plus de confiance et d&#8217;aisance, sans avoir \u00e0 vous soucier de la transpiration.<\/p>\n<p>L&#8217;autre avantage est sa r\u00e9sistance in\u00e9gal\u00e9e car il s&#8217;agit d&#8217;une mati\u00e8re qui ne s&#8217;use presque pas.<\/p>\n<p>Son logo RF rend hommage \u00e0 la l\u00e9gende suisse Roger Federer.<\/p>\n","protected":false},"excerpt":{"rendered":"<p>Le\u00a0grip de remplacement Wilson RF Premium Leather\u00a0est fabriqu\u00e9 \u00e0 partir d&#8217;un cuir de premi\u00e8re qualit\u00e9, ce qui lui conf\u00e8re une excellente sensation et une esth\u00e9tique old-school appr\u00e9ci\u00e9e par de nombreux joueurs de tennis. En plus d&#8217;\u00eatre \u00e9l\u00e9gant, ce grip de remplacement offre \u00e9galement une pr\u00e9hension id\u00e9ale pour une exp\u00e9rience de jeu optimale. Vous pourrez ainsi [&hellip;]<\/p>\n","protected":false},"featured_media":113809,"comment_status":"open","ping_status":"closed","template":"","meta":[],"product_cat":[120],"product_tag":[],"_links":{"self":[{"href":"https:\/\/www.sport4club.be\/index.php\/wp-json\/wp\/v2\/product\/113808"}],"collection":[{"href":"https:\/\/www.sport4club.be\/index.php\/wp-json\/wp\/v2\/product"}],"about":[{"href":"https:\/\/www.sport4club.be\/index.php\/wp-json\/wp\/v2\/types\/product"}],"replies":[{"embeddable":true,"href":"https:\/\/www.sport4club.be\/index.php\/wp-json\/wp\/v2\/comments?post=113808"}],"wp:featuredmedia":[{"embeddable":true,"href":"https:\/\/www.sport4club.be\/index.php\/wp-json\/wp\/v2\/media\/113809"}],"wp:attachment":[{"href":"https:\/\/www.sport4club.be\/index.php\/wp-json\/wp\/v2\/media?parent=113808"}],"wp:term":[{"taxonomy":"product_cat","embeddable":true,"href":"https:\/\/www.sport4club.be\/index.php\/wp-json\/wp\/v2\/product_cat?post=113808"},{"taxonomy":"product_tag","embeddable":true,"href":"https:\/\/www.sport4club.be\/index.php\/wp-json\/wp\/v2\/product_tag?post=113808"}],"curies":[{"name":"wp","href":"https:\/\/api.w.org\/{rel}","templated":true}]}}