{"id":113806,"date":"2024-08-14T09:53:52","date_gmt":"2024-08-14T07:53:52","guid":{"rendered":"https:\/\/www.sport4club.be\/?post_type=product&#038;p=113806"},"modified":"2024-08-14T09:53:52","modified_gmt":"2024-08-14T07:53:52","slug":"wilson-grip-rf-premium","status":"publish","type":"product","link":"https:\/\/www.sport4club.be\/index.php\/product\/wilson-grip-rf-premium\/","title":{"rendered":"Wilson Grip RF Premium"},"content":{"rendered":"<p>Quand il est temps de changer votre grip, optez pour le grip\u00a0Wilson RF Premium\u00a0qui apporte un look classique \u00e0 votre raquette. Un peu plus \u00e9pais que le grip Wilson Cuir RF Premium Leather, il est fabriqu\u00e9 en mat\u00e9riau lisse, semblable au cuir, offrant douceur et adh\u00e9rence.<\/p>\n<p>Il est \u00e9galement orn\u00e9 du logo RF emboss\u00e9 pour une touche \u00e9l\u00e9gante.<\/p>\n<p>&nbsp;<\/p>\n","protected":false},"excerpt":{"rendered":"<p>Quand il est temps de changer votre grip, optez pour le grip\u00a0Wilson RF Premium\u00a0qui apporte un look classique \u00e0 votre raquette. Un peu plus \u00e9pais que le grip Wilson Cuir RF Premium Leather, il est fabriqu\u00e9 en mat\u00e9riau lisse, semblable au cuir, offrant douceur et adh\u00e9rence. Il est \u00e9galement orn\u00e9 du logo RF emboss\u00e9 pour [&hellip;]<\/p>\n","protected":false},"featured_media":113807,"comment_status":"open","ping_status":"closed","template":"","meta":[],"product_cat":[120],"product_tag":[],"_links":{"self":[{"href":"https:\/\/www.sport4club.be\/index.php\/wp-json\/wp\/v2\/product\/113806"}],"collection":[{"href":"https:\/\/www.sport4club.be\/index.php\/wp-json\/wp\/v2\/product"}],"about":[{"href":"https:\/\/www.sport4club.be\/index.php\/wp-json\/wp\/v2\/types\/product"}],"replies":[{"embeddable":true,"href":"https:\/\/www.sport4club.be\/index.php\/wp-json\/wp\/v2\/comments?post=113806"}],"wp:featuredmedia":[{"embeddable":true,"href":"https:\/\/www.sport4club.be\/index.php\/wp-json\/wp\/v2\/media\/113807"}],"wp:attachment":[{"href":"https:\/\/www.sport4club.be\/index.php\/wp-json\/wp\/v2\/media?parent=113806"}],"wp:term":[{"taxonomy":"product_cat","embeddable":true,"href":"https:\/\/www.sport4club.be\/index.php\/wp-json\/wp\/v2\/product_cat?post=113806"},{"taxonomy":"product_tag","embeddable":true,"href":"https:\/\/www.sport4club.be\/index.php\/wp-json\/wp\/v2\/product_tag?post=113806"}],"curies":[{"name":"wp","href":"https:\/\/api.w.org\/{rel}","templated":true}]}}