{"id":113801,"date":"2024-08-13T10:41:57","date_gmt":"2024-08-13T08:41:57","guid":{"rendered":"https:\/\/www.sport4club.be\/?post_type=product&#038;p=113801"},"modified":"2024-08-13T10:41:57","modified_gmt":"2024-08-13T08:41:57","slug":"wilson-duffel-bag-rf-practice-6r","status":"publish","type":"product","link":"https:\/\/www.sport4club.be\/index.php\/product\/wilson-duffel-bag-rf-practice-6r\/","title":{"rendered":"Wilson Duffel Bag RF Practice 6R"},"content":{"rendered":"<p>Le sac de sport\u00a0Wilson RF Practice\u00a0facilite grandement vos d\u00e9placements sur le court de tennis ou ailleurs. Son design sobre et classe rappelle le jeu de la l\u00e9gende suisse\u00a0Roger Foderer.<\/p>\n<p>Le compartiment principal est capable de contenir jusqu&#8217;\u00e0\u00a06 raquettes\u00a0et il est rembourr\u00e9 pour prot\u00e9ger votre \u00e9quipement durant vos d\u00e9placements. Il dispose \u00e9galement d&#8217;une poche con\u00e7ue pour ranger vos accessoires.<\/p>\n<p>Pour s\u00e9parer les v\u00eatements et les chaussures sales du reste du contenu du sac, il y a une poche a\u00e9r\u00e9e. Ce sac de sport est facilement transportable gr\u00e2ce \u00e0 ses sangles de poitrine r\u00e9glables.<\/p>\n<ul>\n<li>Dimensions\u00a0: 70 x 32 x 34 cm<\/li>\n<li>Compartiments\u00a0: 1 compartiment principal + 1 compartiment int\u00e9rieur + 1 poche pour chaussures + 2 poche lat\u00e9rale zipp\u00e9e<\/li>\n<\/ul>\n","protected":false},"excerpt":{"rendered":"<p>Le sac de sport\u00a0Wilson RF Practice\u00a0facilite grandement vos d\u00e9placements sur le court de tennis ou ailleurs. Son design sobre et classe rappelle le jeu de la l\u00e9gende suisse\u00a0Roger Foderer. Le compartiment principal est capable de contenir jusqu&#8217;\u00e0\u00a06 raquettes\u00a0et il est rembourr\u00e9 pour prot\u00e9ger votre \u00e9quipement durant vos d\u00e9placements. Il dispose \u00e9galement d&#8217;une poche con\u00e7ue pour [&hellip;]<\/p>\n","protected":false},"featured_media":113802,"comment_status":"open","ping_status":"closed","template":"","meta":[],"product_cat":[107],"product_tag":[],"_links":{"self":[{"href":"https:\/\/www.sport4club.be\/index.php\/wp-json\/wp\/v2\/product\/113801"}],"collection":[{"href":"https:\/\/www.sport4club.be\/index.php\/wp-json\/wp\/v2\/product"}],"about":[{"href":"https:\/\/www.sport4club.be\/index.php\/wp-json\/wp\/v2\/types\/product"}],"replies":[{"embeddable":true,"href":"https:\/\/www.sport4club.be\/index.php\/wp-json\/wp\/v2\/comments?post=113801"}],"wp:featuredmedia":[{"embeddable":true,"href":"https:\/\/www.sport4club.be\/index.php\/wp-json\/wp\/v2\/media\/113802"}],"wp:attachment":[{"href":"https:\/\/www.sport4club.be\/index.php\/wp-json\/wp\/v2\/media?parent=113801"}],"wp:term":[{"taxonomy":"product_cat","embeddable":true,"href":"https:\/\/www.sport4club.be\/index.php\/wp-json\/wp\/v2\/product_cat?post=113801"},{"taxonomy":"product_tag","embeddable":true,"href":"https:\/\/www.sport4club.be\/index.php\/wp-json\/wp\/v2\/product_tag?post=113801"}],"curies":[{"name":"wp","href":"https:\/\/api.w.org\/{rel}","templated":true}]}}