{"id":113786,"date":"2024-08-10T11:32:51","date_gmt":"2024-08-10T09:32:51","guid":{"rendered":"https:\/\/www.sport4club.be\/?post_type=product&#038;p=113786"},"modified":"2024-08-10T11:32:51","modified_gmt":"2024-08-10T09:32:51","slug":"wilson-thermobag-rf-tournament-15r","status":"publish","type":"product","link":"https:\/\/www.sport4club.be\/index.php\/product\/wilson-thermobag-rf-tournament-15r\/","title":{"rendered":"Wilson Thermobag RF Tournament 15R"},"content":{"rendered":"<p>Le sac de raquettes\u00a0Wilson RF Tournament, con\u00e7u pour les professionnels, s&#8217;inspire des majestueuses Alpes suisses, un th\u00e8me r\u00e9current dans la collection de\u00a0Roger Federer.<\/p>\n<p>Ce sac de tennis affiche le logo RF et est agr\u00e9ment\u00e9 de fermetures premium RF. Spacieux, il peut contenir\u00a0jusqu&#8217;\u00e0 15 raquettes\u00a0et dispose de\u00a0deux poches lat\u00e9rales\u00a0ainsi que d&#8217;un\u00a0compartiment pour les chaussures. La doublure\u00a0Thermoguard\u00a0dans\u00a0deux\u00a0des poches prot\u00e8ge les raquettes et la tension des cordages des temp\u00e9ratures extr\u00eames.<\/p>\n<ul>\n<li>Dimensions :72 x 40 x 34 cm<\/li>\n<li>3 compartiments principaux, dont 2 avec doublure Thermoguard, 2 grandes poches lat\u00e9rales ext\u00e9rieures, 1 poche pour chaussures<\/li>\n<li>Collection Roger Federer<\/li>\n<\/ul>\n","protected":false},"excerpt":{"rendered":"<p>Le sac de raquettes\u00a0Wilson RF Tournament, con\u00e7u pour les professionnels, s&#8217;inspire des majestueuses Alpes suisses, un th\u00e8me r\u00e9current dans la collection de\u00a0Roger Federer. Ce sac de tennis affiche le logo RF et est agr\u00e9ment\u00e9 de fermetures premium RF. Spacieux, il peut contenir\u00a0jusqu&#8217;\u00e0 15 raquettes\u00a0et dispose de\u00a0deux poches lat\u00e9rales\u00a0ainsi que d&#8217;un\u00a0compartiment pour les chaussures. La doublure\u00a0Thermoguard\u00a0dans\u00a0deux\u00a0des [&hellip;]<\/p>\n","protected":false},"featured_media":113787,"comment_status":"open","ping_status":"closed","template":"","meta":[],"product_cat":[107],"product_tag":[],"_links":{"self":[{"href":"https:\/\/www.sport4club.be\/index.php\/wp-json\/wp\/v2\/product\/113786"}],"collection":[{"href":"https:\/\/www.sport4club.be\/index.php\/wp-json\/wp\/v2\/product"}],"about":[{"href":"https:\/\/www.sport4club.be\/index.php\/wp-json\/wp\/v2\/types\/product"}],"replies":[{"embeddable":true,"href":"https:\/\/www.sport4club.be\/index.php\/wp-json\/wp\/v2\/comments?post=113786"}],"wp:featuredmedia":[{"embeddable":true,"href":"https:\/\/www.sport4club.be\/index.php\/wp-json\/wp\/v2\/media\/113787"}],"wp:attachment":[{"href":"https:\/\/www.sport4club.be\/index.php\/wp-json\/wp\/v2\/media?parent=113786"}],"wp:term":[{"taxonomy":"product_cat","embeddable":true,"href":"https:\/\/www.sport4club.be\/index.php\/wp-json\/wp\/v2\/product_cat?post=113786"},{"taxonomy":"product_tag","embeddable":true,"href":"https:\/\/www.sport4club.be\/index.php\/wp-json\/wp\/v2\/product_tag?post=113786"}],"curies":[{"name":"wp","href":"https:\/\/api.w.org\/{rel}","templated":true}]}}