{"id":113782,"date":"2024-08-10T11:23:30","date_gmt":"2024-08-10T09:23:30","guid":{"rendered":"https:\/\/www.sport4club.be\/?post_type=product&#038;p=113782"},"modified":"2024-08-10T11:24:02","modified_gmt":"2024-08-10T09:24:02","slug":"wilson-shift-99l-v1-us-open-2024-285gr","status":"publish","type":"product","link":"https:\/\/www.sport4club.be\/index.php\/product\/wilson-shift-99l-v1-us-open-2024-285gr\/","title":{"rendered":"Wilson Shift 99L V1 US Open 2024 (285gr)"},"content":{"rendered":"<p>La\u00a0Wilson Shift 99L V1\u00a0est une raquette d\u00e9velopp\u00e9e pour apporter du lift ainsi qu&#8217;un dosage pr\u00e9cis entre puissance et contr\u00f4le. Dot\u00e9e d&#8217;une bonne polyvalence, elle s&#8217;adresse aux joueurs souhaitant exploiter pleinement leur potentiel de jeu en g\u00e9n\u00e9rant des effets d\u00e9vastateurs. Avec un\u00a0tamis de 639 cm\u00b2\u00a0ainsi qu&#8217;un\u00a0plan de cordage 16&#215;20, elle optimise le contr\u00f4le pour des trajectoires lift\u00e9es maitris\u00e9es. L&#8217;\u00e9quilibre bas de\u00a031,5 cm\u00a0permettra une bonne maniabilit\u00e9 du cadre. La version 99L, plus l\u00e9g\u00e8re que la version 99, apporte encore plus de maniabilit\u00e9.<\/p>\n<p>Cette raquette\u00a0conviendra particuli\u00e8rement aux comp\u00e9titeurs en recherche d&#8217;une\u00a0raquette polyvalente, maniable et stable\u00a0qui offre un bon \u00e9quilibre entre puissance et pr\u00e9cision.<\/p>\n","protected":false},"excerpt":{"rendered":"<p>La\u00a0Wilson Shift 99L V1\u00a0est une raquette d\u00e9velopp\u00e9e pour apporter du lift ainsi qu&#8217;un dosage pr\u00e9cis entre puissance et contr\u00f4le. Dot\u00e9e d&#8217;une bonne polyvalence, elle s&#8217;adresse aux joueurs souhaitant exploiter pleinement leur potentiel de jeu en g\u00e9n\u00e9rant des effets d\u00e9vastateurs. Avec un\u00a0tamis de 639 cm\u00b2\u00a0ainsi qu&#8217;un\u00a0plan de cordage 16&#215;20, elle optimise le contr\u00f4le pour des trajectoires [&hellip;]<\/p>\n","protected":false},"featured_media":0,"comment_status":"open","ping_status":"closed","template":"","meta":[],"product_cat":[145],"product_tag":[],"_links":{"self":[{"href":"https:\/\/www.sport4club.be\/index.php\/wp-json\/wp\/v2\/product\/113782"}],"collection":[{"href":"https:\/\/www.sport4club.be\/index.php\/wp-json\/wp\/v2\/product"}],"about":[{"href":"https:\/\/www.sport4club.be\/index.php\/wp-json\/wp\/v2\/types\/product"}],"replies":[{"embeddable":true,"href":"https:\/\/www.sport4club.be\/index.php\/wp-json\/wp\/v2\/comments?post=113782"}],"wp:attachment":[{"href":"https:\/\/www.sport4club.be\/index.php\/wp-json\/wp\/v2\/media?parent=113782"}],"wp:term":[{"taxonomy":"product_cat","embeddable":true,"href":"https:\/\/www.sport4club.be\/index.php\/wp-json\/wp\/v2\/product_cat?post=113782"},{"taxonomy":"product_tag","embeddable":true,"href":"https:\/\/www.sport4club.be\/index.php\/wp-json\/wp\/v2\/product_tag?post=113782"}],"curies":[{"name":"wp","href":"https:\/\/api.w.org\/{rel}","templated":true}]}}