{"id":113766,"date":"2024-08-10T10:29:13","date_gmt":"2024-08-10T08:29:13","guid":{"rendered":"https:\/\/www.sport4club.be\/?post_type=product&#038;p=113766"},"modified":"2024-08-10T10:29:48","modified_gmt":"2024-08-10T08:29:48","slug":"wilson-rf-01-pro-320gr","status":"publish","type":"product","link":"https:\/\/www.sport4club.be\/index.php\/product\/wilson-rf-01-pro-320gr\/","title":{"rendered":"Wilson RF 01 Pro (320gr)"},"content":{"rendered":"<p>Con\u00e7ue en collaboration avec Roger lui-m\u00eame, la\u00a0Wilson RF 01 Pro\u00a0se distingue par son orientation vers le\u00a0contr\u00f4le\u00a0et la\u00a0pr\u00e9cision. Reconnaissable par son\u00a0toucher ferme, cette raquette offre une exp\u00e9rience de jeu in\u00e9gal\u00e9e pour les joueurs exigeants.<\/p>\n<p>La\u00a0Wilson RF 01 Pro\u00a0combine maniabilit\u00e9 et pr\u00e9cision, id\u00e9ale pour les joueurs techniquement tr\u00e8s avanc\u00e9s. Elle permet aux frappeurs de fond de court de dominer les \u00e9changes gr\u00e2ce \u00e0 un contr\u00f4le exceptionnel, sans sacrifier la tol\u00e9rance. Cette raquette devient un alli\u00e9 indispensable pour ceux qui cherchent \u00e0 exploiter pleinement leur potentiel sur le court.<\/p>\n<p>D\u00e9velopp\u00e9e en partenariat avec\u00a0Roger Federer, cette raquette int\u00e8gre les \u00e9l\u00e9ments essentiels pour satisfaire les besoins des joueurs les plus pointilleux.<\/p>\n<p>Cette raquette conviendra aux joueurs disposant d&#8217;un tr\u00e8s bon\u00a0niveau technique\u00a0et d&#8217;une bonne qualit\u00e9 de frappe. Elle sera id\u00e9ale pour les joueurs agressifs en qu\u00eate de\u00a0contr\u00f4le, de\u00a0stabilit\u00e9\u00a0et de\u00a0sensation \u00e0 la frappe.<\/p>\n<h3><\/h3>\n","protected":false},"excerpt":{"rendered":"<p>Con\u00e7ue en collaboration avec Roger lui-m\u00eame, la\u00a0Wilson RF 01 Pro\u00a0se distingue par son orientation vers le\u00a0contr\u00f4le\u00a0et la\u00a0pr\u00e9cision. Reconnaissable par son\u00a0toucher ferme, cette raquette offre une exp\u00e9rience de jeu in\u00e9gal\u00e9e pour les joueurs exigeants. La\u00a0Wilson RF 01 Pro\u00a0combine maniabilit\u00e9 et pr\u00e9cision, id\u00e9ale pour les joueurs techniquement tr\u00e8s avanc\u00e9s. Elle permet aux frappeurs de fond de court [&hellip;]<\/p>\n","protected":false},"featured_media":113767,"comment_status":"open","ping_status":"closed","template":"","meta":[],"product_cat":[145],"product_tag":[],"_links":{"self":[{"href":"https:\/\/www.sport4club.be\/index.php\/wp-json\/wp\/v2\/product\/113766"}],"collection":[{"href":"https:\/\/www.sport4club.be\/index.php\/wp-json\/wp\/v2\/product"}],"about":[{"href":"https:\/\/www.sport4club.be\/index.php\/wp-json\/wp\/v2\/types\/product"}],"replies":[{"embeddable":true,"href":"https:\/\/www.sport4club.be\/index.php\/wp-json\/wp\/v2\/comments?post=113766"}],"wp:featuredmedia":[{"embeddable":true,"href":"https:\/\/www.sport4club.be\/index.php\/wp-json\/wp\/v2\/media\/113767"}],"wp:attachment":[{"href":"https:\/\/www.sport4club.be\/index.php\/wp-json\/wp\/v2\/media?parent=113766"}],"wp:term":[{"taxonomy":"product_cat","embeddable":true,"href":"https:\/\/www.sport4club.be\/index.php\/wp-json\/wp\/v2\/product_cat?post=113766"},{"taxonomy":"product_tag","embeddable":true,"href":"https:\/\/www.sport4club.be\/index.php\/wp-json\/wp\/v2\/product_tag?post=113766"}],"curies":[{"name":"wp","href":"https:\/\/api.w.org\/{rel}","templated":true}]}}