{"id":113758,"date":"2024-08-10T10:21:34","date_gmt":"2024-08-10T08:21:34","guid":{"rendered":"https:\/\/www.sport4club.be\/?post_type=product&#038;p=113758"},"modified":"2024-08-10T10:21:34","modified_gmt":"2024-08-10T08:21:34","slug":"wilson-rf-01-300gr","status":"publish","type":"product","link":"https:\/\/www.sport4club.be\/index.php\/product\/wilson-rf-01-300gr\/","title":{"rendered":"Wilson RF 01 (300gr)"},"content":{"rendered":"<p>La Wilson RF 01, con\u00e7ue en collaboration avec le l\u00e9gendaire Roger Federer, se distingue par son orientation vers le\u00a0contr\u00f4le\u00a0et la\u00a0pr\u00e9cision. Reconnaissable par son\u00a0toucher ferme, cette raquette offre une exp\u00e9rience de jeu in\u00e9gal\u00e9e pour les joueurs exigeants.<\/p>\n<p>Bien que la Wilson RF 01 soit\u00a0maniable, elle ne sacrifie pas le contr\u00f4le au profit de la\u00a0tol\u00e9rance. Sa conception est ax\u00e9e sur les joueurs ayant un niveau technique avanc\u00e9, capables d&#8217;exploiter pleinement ses caract\u00e9ristiques. Les\u00a0frappeurs de fond de court\u00a0y trouveront un alli\u00e9 de choix pour dominer les \u00e9changes avec pr\u00e9cision.<\/p>\n<p>D\u00e9velopp\u00e9e en partenariat avec Roger Federer, cette raquette int\u00e8gre les \u00e9l\u00e9ments essentiels pour satisfaire les besoins des joueurs les plus pointilleux. Elle se r\u00e9v\u00e8le plus facile \u00e0 jouer qu&#8217;une Wilson Pro Staff, tout en conservant les atouts d&#8217;un mod\u00e8le haut de gamme orient\u00e9 vers la performance.<\/p>\n<p>Cette raquette conviendra aux joueurs disposant d&#8217;un bon niveau technique\u00a0et d&#8217;une bonne qualit\u00e9 de frappe. Elle sera id\u00e9ale pour les joueurs agressifs en qu\u00eate de\u00a0contr\u00f4le, de\u00a0stabilit\u00e9\u00a0et de\u00a0sensation \u00e0 la frappe.<\/p>\n","protected":false},"excerpt":{"rendered":"<p>La Wilson RF 01, con\u00e7ue en collaboration avec le l\u00e9gendaire Roger Federer, se distingue par son orientation vers le\u00a0contr\u00f4le\u00a0et la\u00a0pr\u00e9cision. Reconnaissable par son\u00a0toucher ferme, cette raquette offre une exp\u00e9rience de jeu in\u00e9gal\u00e9e pour les joueurs exigeants. Bien que la Wilson RF 01 soit\u00a0maniable, elle ne sacrifie pas le contr\u00f4le au profit de la\u00a0tol\u00e9rance. Sa conception [&hellip;]<\/p>\n","protected":false},"featured_media":113759,"comment_status":"open","ping_status":"closed","template":"","meta":[],"product_cat":[145],"product_tag":[],"_links":{"self":[{"href":"https:\/\/www.sport4club.be\/index.php\/wp-json\/wp\/v2\/product\/113758"}],"collection":[{"href":"https:\/\/www.sport4club.be\/index.php\/wp-json\/wp\/v2\/product"}],"about":[{"href":"https:\/\/www.sport4club.be\/index.php\/wp-json\/wp\/v2\/types\/product"}],"replies":[{"embeddable":true,"href":"https:\/\/www.sport4club.be\/index.php\/wp-json\/wp\/v2\/comments?post=113758"}],"wp:featuredmedia":[{"embeddable":true,"href":"https:\/\/www.sport4club.be\/index.php\/wp-json\/wp\/v2\/media\/113759"}],"wp:attachment":[{"href":"https:\/\/www.sport4club.be\/index.php\/wp-json\/wp\/v2\/media?parent=113758"}],"wp:term":[{"taxonomy":"product_cat","embeddable":true,"href":"https:\/\/www.sport4club.be\/index.php\/wp-json\/wp\/v2\/product_cat?post=113758"},{"taxonomy":"product_tag","embeddable":true,"href":"https:\/\/www.sport4club.be\/index.php\/wp-json\/wp\/v2\/product_tag?post=113758"}],"curies":[{"name":"wp","href":"https:\/\/api.w.org\/{rel}","templated":true}]}}