{"id":113728,"date":"2024-07-25T14:32:11","date_gmt":"2024-07-25T12:32:11","guid":{"rendered":"https:\/\/www.sport4club.be\/?post_type=product&#038;p=113728"},"modified":"2025-02-24T11:23:02","modified_gmt":"2025-02-24T10:23:02","slug":"nox-at10-genius-ultralight-23","status":"publish","type":"product","link":"https:\/\/www.sport4club.be\/index.php\/product\/nox-at10-genius-ultralight-23\/","title":{"rendered":"Nox AT10 Genius Ultralight"},"content":{"rendered":"<p>Voici l\u2019<b>AT10 GeniusUltra Light 2023<\/b>, la petite s\u0153ur de l\u2019AT Genius Arena d&#8217;<b>Agustin Tapia<\/b>.<\/p>\n<p>L\u2019AT10 Genius Ultra Light 2023 est une raquette sp\u00e9cialement indiqu\u00e9e pour:<\/p>\n<ul>\n<li>Les joueurs qui, en raison de conditions physiques (\u00e9picondylite, blessures au bras, etc&#8230;) veulent jouer avec une raquette de poids r\u00e9duit.<\/li>\n<li>Les joueurs juniors qui souhaitent jouer avec une raquette aux dimensions normales mais dont le manche est adapt\u00e9 \u00e0 la taille de leur main.<\/li>\n<\/ul>\n<p>Surprenante puissance, agilit\u00e9, solidit\u00e9 et sortie de balle de cette raquette \u00e0 c\u0153ur ferm\u00e9 fabriqu\u00e9e avec des mat\u00e9riaux ultra l\u00e9gers pour atteindre des poids entre 300 et 325 gr.<\/p>\n","protected":false},"excerpt":{"rendered":"<p>Voici l\u2019AT10 GeniusUltra Light 2023, la petite s\u0153ur de l\u2019AT Genius Arena d&#8217;Agustin Tapia. L\u2019AT10 Genius Ultra Light 2023 est une raquette sp\u00e9cialement indiqu\u00e9e pour: Les joueurs qui, en raison de conditions physiques (\u00e9picondylite, blessures au bras, etc&#8230;) veulent jouer avec une raquette de poids r\u00e9duit. Les joueurs juniors qui souhaitent jouer avec une raquette [&hellip;]<\/p>\n","protected":false},"featured_media":113729,"comment_status":"open","ping_status":"closed","template":"","meta":[],"product_cat":[786,84],"product_tag":[],"_links":{"self":[{"href":"https:\/\/www.sport4club.be\/index.php\/wp-json\/wp\/v2\/product\/113728"}],"collection":[{"href":"https:\/\/www.sport4club.be\/index.php\/wp-json\/wp\/v2\/product"}],"about":[{"href":"https:\/\/www.sport4club.be\/index.php\/wp-json\/wp\/v2\/types\/product"}],"replies":[{"embeddable":true,"href":"https:\/\/www.sport4club.be\/index.php\/wp-json\/wp\/v2\/comments?post=113728"}],"wp:featuredmedia":[{"embeddable":true,"href":"https:\/\/www.sport4club.be\/index.php\/wp-json\/wp\/v2\/media\/113729"}],"wp:attachment":[{"href":"https:\/\/www.sport4club.be\/index.php\/wp-json\/wp\/v2\/media?parent=113728"}],"wp:term":[{"taxonomy":"product_cat","embeddable":true,"href":"https:\/\/www.sport4club.be\/index.php\/wp-json\/wp\/v2\/product_cat?post=113728"},{"taxonomy":"product_tag","embeddable":true,"href":"https:\/\/www.sport4club.be\/index.php\/wp-json\/wp\/v2\/product_tag?post=113728"}],"curies":[{"name":"wp","href":"https:\/\/api.w.org\/{rel}","templated":true}]}}