{"id":113685,"date":"2024-07-07T15:10:06","date_gmt":"2024-07-07T13:10:06","guid":{"rendered":"https:\/\/www.sport4club.be\/?post_type=product&#038;p=113685"},"modified":"2024-07-07T15:10:07","modified_gmt":"2024-07-07T13:10:07","slug":"wilson-thermobag-ultra-v4-12r","status":"publish","type":"product","link":"https:\/\/www.sport4club.be\/index.php\/product\/wilson-thermobag-ultra-v4-12r\/","title":{"rendered":"Wilson Thermobag Ultra V4 12R"},"content":{"rendered":"<p>Adoptez le design de la nouvelle gamme Wilson V4 avec ce sac de tennis Wilson Ultra V4. Classe est moderne, ce thermobag vous permet d&#8217;emporter jusqu&#8217;\u00e0 12 raquettes sur les courts.<\/p>\n<p>Il dispose de 2 grands compartiments pour stocker raquettes et v\u00eatements, d&#8217;une poche au niveau de la couture centrale pour les chaussures et d&#8217;une granche poche exterieure pour les accessoires et effets personnels.<\/p>\n<p>Pour le transporter, le sac Ultra V4 12R dispose d&#8217;une bandouli\u00e8re ou de 2 bretelles rembourr\u00e9es et r\u00e9glables. Il peut \u00e9galement \u00eatre port\u00e9 \u00e0 la main gr\u00e2ce \u00e0 sa poign\u00e9e centrale.<\/p>\n<ul>\n<li><strong>Dimensions\u00a0<\/strong>: 71.5 \u00d7 29 \u00d7 32 cm<\/li>\n<\/ul>\n","protected":false},"excerpt":{"rendered":"<p>Adoptez le design de la nouvelle gamme Wilson V4 avec ce sac de tennis Wilson Ultra V4. Classe est moderne, ce thermobag vous permet d&#8217;emporter jusqu&#8217;\u00e0 12 raquettes sur les courts. Il dispose de 2 grands compartiments pour stocker raquettes et v\u00eatements, d&#8217;une poche au niveau de la couture centrale pour les chaussures et d&#8217;une [&hellip;]<\/p>\n","protected":false},"featured_media":113686,"comment_status":"open","ping_status":"closed","template":"","meta":[],"product_cat":[107],"product_tag":[],"_links":{"self":[{"href":"https:\/\/www.sport4club.be\/index.php\/wp-json\/wp\/v2\/product\/113685"}],"collection":[{"href":"https:\/\/www.sport4club.be\/index.php\/wp-json\/wp\/v2\/product"}],"about":[{"href":"https:\/\/www.sport4club.be\/index.php\/wp-json\/wp\/v2\/types\/product"}],"replies":[{"embeddable":true,"href":"https:\/\/www.sport4club.be\/index.php\/wp-json\/wp\/v2\/comments?post=113685"}],"wp:featuredmedia":[{"embeddable":true,"href":"https:\/\/www.sport4club.be\/index.php\/wp-json\/wp\/v2\/media\/113686"}],"wp:attachment":[{"href":"https:\/\/www.sport4club.be\/index.php\/wp-json\/wp\/v2\/media?parent=113685"}],"wp:term":[{"taxonomy":"product_cat","embeddable":true,"href":"https:\/\/www.sport4club.be\/index.php\/wp-json\/wp\/v2\/product_cat?post=113685"},{"taxonomy":"product_tag","embeddable":true,"href":"https:\/\/www.sport4club.be\/index.php\/wp-json\/wp\/v2\/product_tag?post=113685"}],"curies":[{"name":"wp","href":"https:\/\/api.w.org\/{rel}","templated":true}]}}