{"id":113683,"date":"2024-07-07T15:04:07","date_gmt":"2024-07-07T13:04:07","guid":{"rendered":"https:\/\/www.sport4club.be\/?post_type=product&#038;p=113683"},"modified":"2024-07-07T15:04:08","modified_gmt":"2024-07-07T13:04:08","slug":"wilson-thermobag-super-tour-pro-staff-v14-15r","status":"publish","type":"product","link":"https:\/\/www.sport4club.be\/index.php\/product\/wilson-thermobag-super-tour-pro-staff-v14-15r\/","title":{"rendered":"Wilson Thermobag Super Tour Pro Staff V14 15R"},"content":{"rendered":"<p>Ce sac pour raquettes Wilson est con\u00e7u pour les joueurs de tennis de haut niveau. Il pr\u00e9sente un design \u00e9pur\u00e9 inspir\u00e9 de la raquette Wilson Pro Staff\u00a0et est dot\u00e9 de nombreux d\u00e9tails bien pens\u00e9s.<\/p>\n<p>Le sac peut accueillir jusqu&#8217;\u00e0\u00a0<strong>15 raquettes<\/strong>\u00a0dans ses\u00a0<strong>deux compartiments principaux<\/strong>, qui sont doubl\u00e9s avec une technologie\u00a0<strong>Thermoguard\u00a0<\/strong>pour prot\u00e9ger les raquettes des temp\u00e9ratures extr\u00eames et pr\u00e9server leur tension.<\/p>\n<p>Les\u00a0<strong>grandes poches ext\u00e9rieures\u00a0<\/strong>offrent un espace de rangement suppl\u00e9mentaire pour vos balles, vos grips et votre \u00e9quipement. Le sac est \u00e9galement renforc\u00e9 sur les c\u00f4t\u00e9s pour une durabilit\u00e9 accrue et dispose d&#8217;un syst\u00e8me de transport double, avec des bretelles rembourr\u00e9es r\u00e9glables ou une bandouli\u00e8re pour un confort optimal.<\/p>\n<h3>Le sac Wilson Super Tour Pro Staff v14 15R en d\u00e9tail<\/h3>\n<ul>\n<li><strong>2 Compartiments pour les raquettes\u00a0<\/strong>: pour vos raquettes, votre mat\u00e9riel de grande taille ou tout autre \u00e9quipement.<\/li>\n<li><strong>Compartiment \u00e0 accessoires Thermoguard :<\/strong>\u00a0pour prot\u00e9ger vos petits objets personnels et vos en-cas des changements extr\u00eames de temp\u00e9rature.<\/li>\n<li><strong>Grande poche \u00e0 accessoires\u00a0<\/strong>: pour \u00e9quipement, mat\u00e9riel et objets personnels.<\/li>\n<li><strong>Compartiment \u00e0 chaussures\u00a0<\/strong>: pour transporter une paire de chaussures suppl\u00e9mentaire.<\/li>\n<li><strong>Panneaux lat\u00e9raux renforc\u00e9s<\/strong>\u00a0: pour une plus grande durabilit\u00e9.<\/li>\n<li><strong>Bretelles rembourr\u00e9es r\u00e9glables<\/strong>\u00a0: pour plus de confort et r\u00e9glables pour un ajustement optimal.<\/li>\n<li><strong>Boucle de suspension<\/strong>\u00a0: pour suspendre le sac.<\/li>\n<\/ul>\n<p>Dimensions : 73.5 x 40.5 x 33 cm<\/p>\n","protected":false},"excerpt":{"rendered":"<p>Ce sac pour raquettes Wilson est con\u00e7u pour les joueurs de tennis de haut niveau. Il pr\u00e9sente un design \u00e9pur\u00e9 inspir\u00e9 de la raquette Wilson Pro Staff\u00a0et est dot\u00e9 de nombreux d\u00e9tails bien pens\u00e9s. Le sac peut accueillir jusqu&#8217;\u00e0\u00a015 raquettes\u00a0dans ses\u00a0deux compartiments principaux, qui sont doubl\u00e9s avec une technologie\u00a0Thermoguard\u00a0pour prot\u00e9ger les raquettes des temp\u00e9ratures extr\u00eames [&hellip;]<\/p>\n","protected":false},"featured_media":113684,"comment_status":"open","ping_status":"closed","template":"","meta":[],"product_cat":[107],"product_tag":[],"_links":{"self":[{"href":"https:\/\/www.sport4club.be\/index.php\/wp-json\/wp\/v2\/product\/113683"}],"collection":[{"href":"https:\/\/www.sport4club.be\/index.php\/wp-json\/wp\/v2\/product"}],"about":[{"href":"https:\/\/www.sport4club.be\/index.php\/wp-json\/wp\/v2\/types\/product"}],"replies":[{"embeddable":true,"href":"https:\/\/www.sport4club.be\/index.php\/wp-json\/wp\/v2\/comments?post=113683"}],"wp:featuredmedia":[{"embeddable":true,"href":"https:\/\/www.sport4club.be\/index.php\/wp-json\/wp\/v2\/media\/113684"}],"wp:attachment":[{"href":"https:\/\/www.sport4club.be\/index.php\/wp-json\/wp\/v2\/media?parent=113683"}],"wp:term":[{"taxonomy":"product_cat","embeddable":true,"href":"https:\/\/www.sport4club.be\/index.php\/wp-json\/wp\/v2\/product_cat?post=113683"},{"taxonomy":"product_tag","embeddable":true,"href":"https:\/\/www.sport4club.be\/index.php\/wp-json\/wp\/v2\/product_tag?post=113683"}],"curies":[{"name":"wp","href":"https:\/\/api.w.org\/{rel}","templated":true}]}}