{"id":113641,"date":"2024-07-01T11:32:43","date_gmt":"2024-07-01T09:32:43","guid":{"rendered":"https:\/\/www.sport4club.be\/?post_type=product&#038;p=113641"},"modified":"2026-01-18T09:23:36","modified_gmt":"2026-01-18T08:23:36","slug":"nox-shoes-at10-pro-black-red","status":"publish","type":"product","link":"https:\/\/www.sport4club.be\/index.php\/product\/nox-shoes-at10-pro-black-red\/","title":{"rendered":"Nox Shoes AT10 Pro Black\/Red"},"content":{"rendered":"<p>Pr\u00e9parez-vous \u00e0 une r\u00e9volution dans les chaussures de padel avec les nouvelles chaussures de padel Nox AT10 PRO Black\/Red 2024 Edition ! Ces chaussures, con\u00e7ues avec la technologie la plus avanc\u00e9e, n&#8217;\u00e9l\u00e8vent pas seulement vos performances sur le terrain, mais prennent \u00e9galement soin de votre sant\u00e9 \u00e0 chaque mouvement.<\/p>\n<p>Technologie de pointe pour les chaussures de padel pour la meilleure performance<br \/>\nChoisies par les professionnels : Les Nox AT10 PRO 2024 sont les chaussures pr\u00e9f\u00e9r\u00e9es du joueur num\u00e9ro 1 de Premier Padel, Agustin Tapia. Il les utilise aussi bien \u00e0 l&#8217;entra\u00eenement que lors de ses matchs officiels, ce qui lui assure des performances optimales et un confort maximal \u00e0 tout moment.<\/p>\n<p>Chaussures officielles de Premier Padel Espagne 2024<br \/>\nApprouv\u00e9es cliniquement par Marta Rueda, podologue au Centro de Estudios del Pie Mart\u00edn Rueda, conseill\u00e8re du Centro de Alto Rendimiento Deportivo de Sant Cugat (Espagne) et par des centaines d&#8217;athl\u00e8tes d&#8217;\u00e9lite.<\/p>\n<p><img decoding=\"async\" style=\"float: left;\" src=\"https:\/\/cdn.shopify.com\/s\/files\/1\/2232\/3715\/files\/Diseno_sin_titulo_3_480x480.jpg?v=1644404943\" alt=\"\" width=\"352\" height=\"143\" data-ly-processed=\"1719825886283\" \/><\/p>\n<p>&nbsp;<\/p>\n<p>&nbsp;<\/p>\n<p>&nbsp;<\/p>\n<p>&nbsp;<\/p>\n<p>&nbsp;<\/p>\n<p>Test\u00e9e en laboratoire et certifi\u00e9e par le Centre technologique de la chaussure de l&#8217;INESCOP \u00e0 Alicante (Espagne).<\/p>\n<table width=\"141\">\n<tbody>\n<tr>\n<td><img decoding=\"async\" style=\"margin-right: auto; margin-left: auto; float: none; display: block;\" src=\"https:\/\/cdn.shopify.com\/s\/files\/1\/2232\/3715\/files\/INESCOP_FUNCTIONAL_160x160.png?v=1614166020\" alt=\"\" width=\"76\" height=\"71\" data-ly-processed=\"1719825886283\" \/><\/td>\n<\/tr>\n<\/tbody>\n<\/table>\n<p><strong>N&#8217;attendez plus et am\u00e9liorez votre jeu avec les chaussures de padel Nox AT10 PRO Black\/Red 2024. D\u00e9couvrez l&#8217;\u00e9quilibre parfait entre la technologie, le confort et le style, et faites passer vos performances au niveau sup\u00e9rieur. Achetez-les avant qu&#8217;elles ne soient \u00e9puis\u00e9es !<\/strong><\/p>\n","protected":false},"excerpt":{"rendered":"<p>Pr\u00e9parez-vous \u00e0 une r\u00e9volution dans les chaussures de padel avec les nouvelles chaussures de padel Nox AT10 PRO Black\/Red 2024 Edition ! Ces chaussures, con\u00e7ues avec la technologie la plus avanc\u00e9e, n&#8217;\u00e9l\u00e8vent pas seulement vos performances sur le terrain, mais prennent \u00e9galement soin de votre sant\u00e9 \u00e0 chaque mouvement. Technologie de pointe pour les chaussures [&hellip;]<\/p>\n","protected":false},"featured_media":113642,"comment_status":"open","ping_status":"closed","template":"","meta":[],"product_cat":[124,786],"product_tag":[],"_links":{"self":[{"href":"https:\/\/www.sport4club.be\/index.php\/wp-json\/wp\/v2\/product\/113641"}],"collection":[{"href":"https:\/\/www.sport4club.be\/index.php\/wp-json\/wp\/v2\/product"}],"about":[{"href":"https:\/\/www.sport4club.be\/index.php\/wp-json\/wp\/v2\/types\/product"}],"replies":[{"embeddable":true,"href":"https:\/\/www.sport4club.be\/index.php\/wp-json\/wp\/v2\/comments?post=113641"}],"wp:featuredmedia":[{"embeddable":true,"href":"https:\/\/www.sport4club.be\/index.php\/wp-json\/wp\/v2\/media\/113642"}],"wp:attachment":[{"href":"https:\/\/www.sport4club.be\/index.php\/wp-json\/wp\/v2\/media?parent=113641"}],"wp:term":[{"taxonomy":"product_cat","embeddable":true,"href":"https:\/\/www.sport4club.be\/index.php\/wp-json\/wp\/v2\/product_cat?post=113641"},{"taxonomy":"product_tag","embeddable":true,"href":"https:\/\/www.sport4club.be\/index.php\/wp-json\/wp\/v2\/product_tag?post=113641"}],"curies":[{"name":"wp","href":"https:\/\/api.w.org\/{rel}","templated":true}]}}