{"id":113525,"date":"2024-06-30T14:14:23","date_gmt":"2024-06-30T12:14:23","guid":{"rendered":"https:\/\/www.sport4club.be\/?post_type=product&#038;p=113525"},"modified":"2026-04-27T10:51:09","modified_gmt":"2026-04-27T08:51:09","slug":"nox-at10-lux-stone-bonnie-blue","status":"publish","type":"product","link":"https:\/\/www.sport4club.be\/index.php\/product\/nox-at10-lux-stone-bonnie-blue\/","title":{"rendered":"Nox Shoes AT10 Lux Stone\/Bonnie Blue"},"content":{"rendered":"<p>Pr\u00e9parez-vous \u00e0 une r\u00e9volution dans les chaussures de padel avec les nouvelles chaussures de padel Nox AT10 LUX STONE\/BONNIE BLUE \u00e9dition 2024 ! Ces chaussures, con\u00e7ues avec la technologie la plus avanc\u00e9e, n&#8217;\u00e9l\u00e8vent pas seulement vos performances sur le terrain, mais prennent \u00e9galement soin de votre sant\u00e9 \u00e0 chaque mouvement.<\/p>\n<p>Technologie de pointe des chaussures de padel pour une performance optimale<br \/>\nChoisies par les pros : Les Nox AT10 LUX 2024 sont les chaussures pr\u00e9f\u00e9r\u00e9es du joueur num\u00e9ro 1 de Premier Padel, Agustin Tapia. Il s&#8217;en sert aussi bien \u00e0 l&#8217;entra\u00eenement que pour ses matchs officiels, ce qui lui assure des performances optimales et un confort maximal \u00e0 tout moment.<\/p>\n<p><strong>Chaussures officielles Premier Padel Espagne 2024<\/strong><br \/>\n<strong>Les chaussures de padel Nox AT10 LUX 2024 ont \u00e9t\u00e9 r\u00e9compens\u00e9es comme &#8220;Meilleure chaussure de padel en puissance&#8221; par Testea Padel dans les Best Padel Awards 2024.<\/strong><\/p>\n<p>Cliniquement approuv\u00e9e par Marta Rueda, podologue au Centro de Estudios del Pie Mart\u00edn Rueda, consultant au Centro de Alto Rendimiento Deportivo de Sant Cugat (Espagne) et des centaines d&#8217;athl\u00e8tes d&#8217;\u00e9lite.<\/p>\n<p><img decoding=\"async\" style=\"float: left;\" src=\"https:\/\/cdn.shopify.com\/s\/files\/1\/2232\/3715\/files\/Diseno_sin_titulo_3_480x480.jpg?v=1644404943\" alt=\"\" width=\"352\" height=\"143\" data-ly-processed=\"1719749041097\" \/><\/p>\n<p>&nbsp;<\/p>\n<p>&nbsp;<\/p>\n<p>&nbsp;<\/p>\n<p>&nbsp;<\/p>\n<p>&nbsp;<\/p>\n<p>Test\u00e9 en laboratoire et certifi\u00e9 par le Centre technologique de la chaussure INESCOP, \u00e0 Alicante, Espagne.<\/p>\n<table width=\"141\">\n<tbody>\n<tr>\n<td><img decoding=\"async\" style=\"margin-right: auto; margin-left: auto; float: none; display: block;\" src=\"https:\/\/cdn.shopify.com\/s\/files\/1\/2232\/3715\/files\/INESCOP_FUNCTIONAL_160x160.png?v=1614166020\" alt=\"\" width=\"76\" height=\"71\" data-ly-processed=\"1719749041097\" \/><\/td>\n<\/tr>\n<\/tbody>\n<\/table>\n<p><strong>N&#8217;attendez plus et am\u00e9liorez votre jeu avec les chaussures de padel Nox AT10 LUX STONE\/BONNIE BLUE 2024. D\u00e9couvrez l&#8217;\u00e9quilibre parfait entre la technologie, le confort et le style, et faites passer vos performances au niveau sup\u00e9rieur &#8211; achetez-les avant qu&#8217;elles ne soient \u00e9puis\u00e9es !<\/strong><\/p>\n","protected":false},"excerpt":{"rendered":"<p>Pr\u00e9parez-vous \u00e0 une r\u00e9volution dans les chaussures de padel avec les nouvelles chaussures de padel Nox AT10 LUX STONE\/BONNIE BLUE \u00e9dition 2024 ! Ces chaussures, con\u00e7ues avec la technologie la plus avanc\u00e9e, n&#8217;\u00e9l\u00e8vent pas seulement vos performances sur le terrain, mais prennent \u00e9galement soin de votre sant\u00e9 \u00e0 chaque mouvement. Technologie de pointe des chaussures [&hellip;]<\/p>\n","protected":false},"featured_media":113526,"comment_status":"open","ping_status":"closed","template":"","meta":[],"product_cat":[124,786],"product_tag":[],"_links":{"self":[{"href":"https:\/\/www.sport4club.be\/index.php\/wp-json\/wp\/v2\/product\/113525"}],"collection":[{"href":"https:\/\/www.sport4club.be\/index.php\/wp-json\/wp\/v2\/product"}],"about":[{"href":"https:\/\/www.sport4club.be\/index.php\/wp-json\/wp\/v2\/types\/product"}],"replies":[{"embeddable":true,"href":"https:\/\/www.sport4club.be\/index.php\/wp-json\/wp\/v2\/comments?post=113525"}],"wp:featuredmedia":[{"embeddable":true,"href":"https:\/\/www.sport4club.be\/index.php\/wp-json\/wp\/v2\/media\/113526"}],"wp:attachment":[{"href":"https:\/\/www.sport4club.be\/index.php\/wp-json\/wp\/v2\/media?parent=113525"}],"wp:term":[{"taxonomy":"product_cat","embeddable":true,"href":"https:\/\/www.sport4club.be\/index.php\/wp-json\/wp\/v2\/product_cat?post=113525"},{"taxonomy":"product_tag","embeddable":true,"href":"https:\/\/www.sport4club.be\/index.php\/wp-json\/wp\/v2\/product_tag?post=113525"}],"curies":[{"name":"wp","href":"https:\/\/api.w.org\/{rel}","templated":true}]}}