{"id":113496,"date":"2024-06-30T13:14:06","date_gmt":"2024-06-30T11:14:06","guid":{"rendered":"https:\/\/www.sport4club.be\/?post_type=product&#038;p=113496"},"modified":"2026-01-18T09:01:19","modified_gmt":"2026-01-18T08:01:19","slug":"nox-shoes-at10-limited-edition-24","status":"publish","type":"product","link":"https:\/\/www.sport4club.be\/index.php\/product\/nox-shoes-at10-limited-edition-24\/","title":{"rendered":"Nox Shoes AT10 Limited Edition"},"content":{"rendered":"<p>Les chaussures de padel Nox AT10 LTD 2024 ont \u00e9t\u00e9 r\u00e9compens\u00e9es par le prix <strong>&#8220;Best Power Padel Shoe&#8221;<\/strong>\u00a0d\u00e9cern\u00e9 par Testea Padel lors des\u00a0<strong>Best Padel Awards 2024<\/strong>.<\/p>\n<p>Choisies par le champion de padel Agustin Tapia, ces chaussures sont con\u00e7ues pour une performance optimale sur le terrain et sont les premi\u00e8res sur le march\u00e9 \u00e0 \u00eatre cliniquement approuv\u00e9es pour garantir la sant\u00e9 et la performance des joueurs. En outre, nous avons le plaisir d&#8217;annoncer que nous sommes les\u00a0<strong>chaussures officielles des \u00e9v\u00e9nements de padel de premier plan en Espagne<\/strong>, y compris les tournois de\u00a0<strong>S\u00e9ville, Malaga et Madrid<\/strong>.<\/p>\n<p>Les nouvelles chaussures de padel NOX AT10 LIMITED EDITION 2024 sont le r\u00e9sultat de la technologie la plus avanc\u00e9e appliqu\u00e9e aux chaussures de sport, sp\u00e9cialement con\u00e7ues pour am\u00e9liorer vos performances et prot\u00e9ger votre sant\u00e9 \u00e0 chaque match.<\/p>\n<p><strong>Unit\u00e9s limit\u00e9es : Seulement 100 chaussures disponibles par taille<\/strong><br \/>\nChoix des professionnels : Les chaussures de padel NOX LTD 2024, ainsi que les gammes AT10 LUX, AT10 PRO et ML10 HEXA, ont \u00e9t\u00e9 s\u00e9lectionn\u00e9es par les meilleurs joueurs, notamment Agustin Tapia et Miguel Lamperti.<\/p>\n<div class=\"p1\"><img decoding=\"async\" src=\"https:\/\/cdn.shopify.com\/s\/files\/1\/2232\/3715\/files\/Diseno_sin_titulo_3_480x480.jpg?v=1644404943\" alt=\"\" width=\"352\" height=\"143\" data-ly-processed=\"1719745091372\" \/><\/div>\n<p>Valid\u00e9e cliniquement par Marta Rueda, podologue au Centro de Estudios del Pie Mart\u00edn Rueda, conseill\u00e8re du Centro de Alto Rendimiento Deportivo de Sant Cugat (Espagne) et des centaines de sportifs de haut niveau.<br \/>\nTest\u00e9e en laboratoire et certifi\u00e9e par le Centre technologique de la chaussure INESCOP \u00e0 Alicante (Espagne).<\/p>\n<p><img decoding=\"async\" style=\"margin-right: auto; margin-left: auto; float: none; display: block;\" src=\"https:\/\/cdn.shopify.com\/s\/files\/1\/2232\/3715\/files\/INESCOP_FUNCTIONAL_160x160.png?v=1614166020\" alt=\"\" width=\"57\" height=\"53\" data-ly-processed=\"1719745091372\" \/><\/p>\n<p><strong>Les chaussures de padel NOX LTD 2024 ne repr\u00e9sentent pas seulement la combinaison parfaite de l&#8217;innovation, de la performance et de la sant\u00e9, ce sont les meilleures chaussures de padel disponibles sur le march\u00e9. <\/strong><\/p>\n<p>&nbsp;<\/p>\n<div id=\"shopify-section-template--16778654941430__main\" class=\"shopify-section product-section\">\n<section class=\" product s-inline-template \" data-section-id=\"template--16778654941430__main\" data-section-type=\"product\" data-product-has-only-default-variant=\"false\">\n<div class=\"product__content\">\n<div class=\"product__media-container\">\n<div class=\"product__media product__media--grid\" data-slider=\"\">\n<div class=\"product__media-item \" data-slide=\"\">\n<div class=\"media borders-nfw\" data-media-id=\"47304283160921\" data-media-type=\"image\"><\/div>\n<\/div>\n<\/div>\n<\/div>\n<div class=\"product__details grid__item grid__item--one-third sticky \">\n<div class=\"product-single__meta\">\n<form id=\"product_form_9004604293465\" class=\"product-form product-form-template--16778654941430__main \" accept-charset=\"UTF-8\" action=\"https:\/\/noxsport.com\/fr\/cart\/add\" enctype=\"multipart\/form-data\" method=\"post\" novalidate=\"novalidate\" data-product-form=\"\" data-product-handle=\"calzado-nox-at10-limited-edition\">\n<div class=\"product-blocks\">\n<div class=\"pf__actions\">\n<div class=\"product-form__item product-form__item--submit\">\n<div class=\"product-form__shop-pay fs-body-base\"><\/div>\n<\/div>\n<\/div>\n<\/div>\n<\/form>\n<\/div>\n<\/div>\n<\/div>\n<\/section>\n<\/div>\n<p>&nbsp;<\/p>\n","protected":false},"excerpt":{"rendered":"<p>Les chaussures de padel Nox AT10 LTD 2024 ont \u00e9t\u00e9 r\u00e9compens\u00e9es par le prix &#8220;Best Power Padel Shoe&#8221;\u00a0d\u00e9cern\u00e9 par Testea Padel lors des\u00a0Best Padel Awards 2024. Choisies par le champion de padel Agustin Tapia, ces chaussures sont con\u00e7ues pour une performance optimale sur le terrain et sont les premi\u00e8res sur le march\u00e9 \u00e0 \u00eatre cliniquement [&hellip;]<\/p>\n","protected":false},"featured_media":113497,"comment_status":"open","ping_status":"closed","template":"","meta":[],"product_cat":[124,786],"product_tag":[],"_links":{"self":[{"href":"https:\/\/www.sport4club.be\/index.php\/wp-json\/wp\/v2\/product\/113496"}],"collection":[{"href":"https:\/\/www.sport4club.be\/index.php\/wp-json\/wp\/v2\/product"}],"about":[{"href":"https:\/\/www.sport4club.be\/index.php\/wp-json\/wp\/v2\/types\/product"}],"replies":[{"embeddable":true,"href":"https:\/\/www.sport4club.be\/index.php\/wp-json\/wp\/v2\/comments?post=113496"}],"wp:featuredmedia":[{"embeddable":true,"href":"https:\/\/www.sport4club.be\/index.php\/wp-json\/wp\/v2\/media\/113497"}],"wp:attachment":[{"href":"https:\/\/www.sport4club.be\/index.php\/wp-json\/wp\/v2\/media?parent=113496"}],"wp:term":[{"taxonomy":"product_cat","embeddable":true,"href":"https:\/\/www.sport4club.be\/index.php\/wp-json\/wp\/v2\/product_cat?post=113496"},{"taxonomy":"product_tag","embeddable":true,"href":"https:\/\/www.sport4club.be\/index.php\/wp-json\/wp\/v2\/product_tag?post=113496"}],"curies":[{"name":"wp","href":"https:\/\/api.w.org\/{rel}","templated":true}]}}