{"id":113463,"date":"2024-06-14T09:30:28","date_gmt":"2024-06-14T07:30:28","guid":{"rendered":"https:\/\/www.sport4club.be\/?post_type=product&#038;p=113463"},"modified":"2024-06-14T09:32:36","modified_gmt":"2024-06-14T07:32:36","slug":"msv-soft-touch-200m","status":"publish","type":"product","link":"https:\/\/www.sport4club.be\/index.php\/product\/msv-soft-touch-200m\/","title":{"rendered":"MSV Soft Touch 200M"},"content":{"rendered":"<p>Puissant et confortable pour le bras, le cordage Msv Soft Touch est un multifilament qui procure un excellent toucher de balle et dispose d&#8217;un excellent rapport qualit\u00e9 \/ prix.<\/p>\n<p>Il est compos\u00e9 de 1 470 filaments en polyamide haut module (PA 66) torsad\u00e9s et li\u00e9s par une r\u00e9sine polyur\u00e9thane souple.<\/p>\n<p>Le MSV Soft Touch est un cordage multifilament haute performance qui offre une durabilit\u00e9 sup\u00e9rieure et une puissance maximale avec d&#8217;excellentes sensations pour le bras.<\/p>\n","protected":false},"excerpt":{"rendered":"<p>Puissant et confortable pour le bras, le cordage Msv Soft Touch est un multifilament qui procure un excellent toucher de balle et dispose d&#8217;un excellent rapport qualit\u00e9 \/ prix. Il est compos\u00e9 de 1 470 filaments en polyamide haut module (PA 66) torsad\u00e9s et li\u00e9s par une r\u00e9sine polyur\u00e9thane souple. Le MSV Soft Touch est [&hellip;]<\/p>\n","protected":false},"featured_media":113464,"comment_status":"open","ping_status":"closed","template":"","meta":[],"product_cat":[108],"product_tag":[],"_links":{"self":[{"href":"https:\/\/www.sport4club.be\/index.php\/wp-json\/wp\/v2\/product\/113463"}],"collection":[{"href":"https:\/\/www.sport4club.be\/index.php\/wp-json\/wp\/v2\/product"}],"about":[{"href":"https:\/\/www.sport4club.be\/index.php\/wp-json\/wp\/v2\/types\/product"}],"replies":[{"embeddable":true,"href":"https:\/\/www.sport4club.be\/index.php\/wp-json\/wp\/v2\/comments?post=113463"}],"wp:featuredmedia":[{"embeddable":true,"href":"https:\/\/www.sport4club.be\/index.php\/wp-json\/wp\/v2\/media\/113464"}],"wp:attachment":[{"href":"https:\/\/www.sport4club.be\/index.php\/wp-json\/wp\/v2\/media?parent=113463"}],"wp:term":[{"taxonomy":"product_cat","embeddable":true,"href":"https:\/\/www.sport4club.be\/index.php\/wp-json\/wp\/v2\/product_cat?post=113463"},{"taxonomy":"product_tag","embeddable":true,"href":"https:\/\/www.sport4club.be\/index.php\/wp-json\/wp\/v2\/product_tag?post=113463"}],"curies":[{"name":"wp","href":"https:\/\/api.w.org\/{rel}","templated":true}]}}