{"id":113459,"date":"2024-06-14T09:26:56","date_gmt":"2024-06-14T07:26:56","guid":{"rendered":"https:\/\/www.sport4club.be\/?post_type=product&#038;p=113459"},"modified":"2024-06-14T09:26:56","modified_gmt":"2024-06-14T07:26:56","slug":"msv-polynyking-200m","status":"publish","type":"product","link":"https:\/\/www.sport4club.be\/index.php\/product\/msv-polynyking-200m\/","title":{"rendered":"MSV Polynyking 200M"},"content":{"rendered":"<p>Le cordage MSV Polyniking est un multifilament. En effet, il est constitu\u00e9 d&#8217;une \u00e2me centrale compos\u00e9 de milliers de filaments et de fin polyester.<\/p>\n<p>Cette combinaison procure un maximum de jouabilit\u00e9 et de confort.<\/p>\n<p>La puissance et la tol\u00e9rance sont au rendez-vous sans compromettre le contr\u00f4le de balle.<\/p>\n<p>On notera qu&#8217;il b\u00e9n\u00e9ficie d&#8217;une r\u00e9sistance qui le place dans les meilleurs dans ce domaine pour un multifilament.<\/p>\n<p>Le Msv Polynyking conviendra parfaitement aux joueurs qui sont dans une recherche de confort et d&#8217;un multifilament polyvalent.<\/p>\n<p>Cette corde est parfaite pour les joueurs qui ne frappent pas trop fort dans la balle. En effet, les profils qui aiment jouer sur le m\u00eame rythme seront convaincus par sa polyvalence.<\/p>\n","protected":false},"excerpt":{"rendered":"<p>Le cordage MSV Polyniking est un multifilament. En effet, il est constitu\u00e9 d&#8217;une \u00e2me centrale compos\u00e9 de milliers de filaments et de fin polyester. Cette combinaison procure un maximum de jouabilit\u00e9 et de confort. La puissance et la tol\u00e9rance sont au rendez-vous sans compromettre le contr\u00f4le de balle. On notera qu&#8217;il b\u00e9n\u00e9ficie d&#8217;une r\u00e9sistance qui [&hellip;]<\/p>\n","protected":false},"featured_media":113460,"comment_status":"open","ping_status":"closed","template":"","meta":[],"product_cat":[108],"product_tag":[],"_links":{"self":[{"href":"https:\/\/www.sport4club.be\/index.php\/wp-json\/wp\/v2\/product\/113459"}],"collection":[{"href":"https:\/\/www.sport4club.be\/index.php\/wp-json\/wp\/v2\/product"}],"about":[{"href":"https:\/\/www.sport4club.be\/index.php\/wp-json\/wp\/v2\/types\/product"}],"replies":[{"embeddable":true,"href":"https:\/\/www.sport4club.be\/index.php\/wp-json\/wp\/v2\/comments?post=113459"}],"wp:featuredmedia":[{"embeddable":true,"href":"https:\/\/www.sport4club.be\/index.php\/wp-json\/wp\/v2\/media\/113460"}],"wp:attachment":[{"href":"https:\/\/www.sport4club.be\/index.php\/wp-json\/wp\/v2\/media?parent=113459"}],"wp:term":[{"taxonomy":"product_cat","embeddable":true,"href":"https:\/\/www.sport4club.be\/index.php\/wp-json\/wp\/v2\/product_cat?post=113459"},{"taxonomy":"product_tag","embeddable":true,"href":"https:\/\/www.sport4club.be\/index.php\/wp-json\/wp\/v2\/product_tag?post=113459"}],"curies":[{"name":"wp","href":"https:\/\/api.w.org\/{rel}","templated":true}]}}