{"id":113455,"date":"2024-06-14T09:19:44","date_gmt":"2024-06-14T07:19:44","guid":{"rendered":"https:\/\/www.sport4club.be\/?post_type=product&#038;p=113455"},"modified":"2024-06-14T09:19:45","modified_gmt":"2024-06-14T07:19:45","slug":"msv-soft-control-200m","status":"publish","type":"product","link":"https:\/\/www.sport4club.be\/index.php\/product\/msv-soft-control-200m\/","title":{"rendered":"MSV Soft Control 200M"},"content":{"rendered":"<p>Le cordage Msv Soft Control est un multifilament qui offre prioritairement confort et contr\u00f4le de balle.<\/p>\n<p>En effet, de par sa construction, le Soft Control contient 3 monofilaments tr\u00e8s fins ins\u00e9r\u00e9 sur les ext\u00e9rieurs de la corde. Ainsi, il propose une dur\u00e9e de vie haut dessus de la moyenne. De plus, il procure une sensation assez ferme \u00e0 la frappe. Cet aspect vise \u00e0 accentuer la ma\u00eetrise et le toucher de balle. La r\u00e9serve de puissance est bonne, cependant nous n&#8217;avons pas affaire au multi le plus dynamique de la gamme.<\/p>\n<p>Ce cordage conviendra aux joueurs et joueuses qui privil\u00e9gient le multifilament avant tout pour son confort. Mais qui recherche \u00e9galement une corde offrant un rendement \u00e0 orientation contr\u00f4le et avec une bonne dur\u00e9e de vie.<\/p>\n<p>Cette corde est tr\u00e8s polyvalente, de ce fait il peut convenir \u00e0 tous types de jeu. Sa dose de contr\u00f4le sup\u00e9rieur \u00e0 la moyenne pour un multi s\u00e9duira les joueurs poss\u00e9dant une bonne frappe de balle qui privil\u00e9gient cet aspect.<\/p>\n","protected":false},"excerpt":{"rendered":"<p>Le cordage Msv Soft Control est un multifilament qui offre prioritairement confort et contr\u00f4le de balle. En effet, de par sa construction, le Soft Control contient 3 monofilaments tr\u00e8s fins ins\u00e9r\u00e9 sur les ext\u00e9rieurs de la corde. Ainsi, il propose une dur\u00e9e de vie haut dessus de la moyenne. De plus, il procure une sensation [&hellip;]<\/p>\n","protected":false},"featured_media":113456,"comment_status":"open","ping_status":"closed","template":"","meta":[],"product_cat":[108],"product_tag":[],"_links":{"self":[{"href":"https:\/\/www.sport4club.be\/index.php\/wp-json\/wp\/v2\/product\/113455"}],"collection":[{"href":"https:\/\/www.sport4club.be\/index.php\/wp-json\/wp\/v2\/product"}],"about":[{"href":"https:\/\/www.sport4club.be\/index.php\/wp-json\/wp\/v2\/types\/product"}],"replies":[{"embeddable":true,"href":"https:\/\/www.sport4club.be\/index.php\/wp-json\/wp\/v2\/comments?post=113455"}],"wp:featuredmedia":[{"embeddable":true,"href":"https:\/\/www.sport4club.be\/index.php\/wp-json\/wp\/v2\/media\/113456"}],"wp:attachment":[{"href":"https:\/\/www.sport4club.be\/index.php\/wp-json\/wp\/v2\/media?parent=113455"}],"wp:term":[{"taxonomy":"product_cat","embeddable":true,"href":"https:\/\/www.sport4club.be\/index.php\/wp-json\/wp\/v2\/product_cat?post=113455"},{"taxonomy":"product_tag","embeddable":true,"href":"https:\/\/www.sport4club.be\/index.php\/wp-json\/wp\/v2\/product_tag?post=113455"}],"curies":[{"name":"wp","href":"https:\/\/api.w.org\/{rel}","templated":true}]}}