{"id":113442,"date":"2024-06-14T09:09:19","date_gmt":"2024-06-14T07:09:19","guid":{"rendered":"https:\/\/www.sport4club.be\/?post_type=product&#038;p=113442"},"modified":"2024-06-14T09:09:20","modified_gmt":"2024-06-14T07:09:20","slug":"msv-focus-hex-ultra-noir-200m","status":"publish","type":"product","link":"https:\/\/www.sport4club.be\/index.php\/product\/msv-focus-hex-ultra-noir-200m\/","title":{"rendered":"MSV Focus Hex Ultra Noir 200M"},"content":{"rendered":"<p>Le Msv Focus Hex Ultra est un cordage de type monofilament \u00e0 structure hexagonale. Comme pour le Msv Focus Hex, la version Ultra procure des sensations rigides \u00e0 la frappe. Ainsi, le contr\u00f4le est propuls\u00e9 au sommet.<\/p>\n<p>L&#8217;accroche de balle demeure excellente et reste fid\u00e8le \u00e0 la gamme Focus Hex.<\/p>\n<p>Les lifteurs de fond de court, qui cherchent \u00e0 faire mal \u00e0 leurs adversaires gr\u00e2ce \u00e0 des balles lourdes vont l&#8217;adorer. De m\u00eame, il ravira les gros frappeurs en qu\u00eate de r\u00e9sistance et de contr\u00f4le \u00e0 haute intensit\u00e9.<\/p>\n","protected":false},"excerpt":{"rendered":"<p>Le Msv Focus Hex Ultra est un cordage de type monofilament \u00e0 structure hexagonale. Comme pour le Msv Focus Hex, la version Ultra procure des sensations rigides \u00e0 la frappe. Ainsi, le contr\u00f4le est propuls\u00e9 au sommet. L&#8217;accroche de balle demeure excellente et reste fid\u00e8le \u00e0 la gamme Focus Hex. Les lifteurs de fond de [&hellip;]<\/p>\n","protected":false},"featured_media":113443,"comment_status":"open","ping_status":"closed","template":"","meta":[],"product_cat":[108],"product_tag":[],"_links":{"self":[{"href":"https:\/\/www.sport4club.be\/index.php\/wp-json\/wp\/v2\/product\/113442"}],"collection":[{"href":"https:\/\/www.sport4club.be\/index.php\/wp-json\/wp\/v2\/product"}],"about":[{"href":"https:\/\/www.sport4club.be\/index.php\/wp-json\/wp\/v2\/types\/product"}],"replies":[{"embeddable":true,"href":"https:\/\/www.sport4club.be\/index.php\/wp-json\/wp\/v2\/comments?post=113442"}],"wp:featuredmedia":[{"embeddable":true,"href":"https:\/\/www.sport4club.be\/index.php\/wp-json\/wp\/v2\/media\/113443"}],"wp:attachment":[{"href":"https:\/\/www.sport4club.be\/index.php\/wp-json\/wp\/v2\/media?parent=113442"}],"wp:term":[{"taxonomy":"product_cat","embeddable":true,"href":"https:\/\/www.sport4club.be\/index.php\/wp-json\/wp\/v2\/product_cat?post=113442"},{"taxonomy":"product_tag","embeddable":true,"href":"https:\/\/www.sport4club.be\/index.php\/wp-json\/wp\/v2\/product_tag?post=113442"}],"curies":[{"name":"wp","href":"https:\/\/api.w.org\/{rel}","templated":true}]}}