{"id":113425,"date":"2024-06-14T08:53:02","date_gmt":"2024-06-14T06:53:02","guid":{"rendered":"https:\/\/www.sport4club.be\/?post_type=product&#038;p=113425"},"modified":"2024-06-14T09:01:56","modified_gmt":"2024-06-14T07:01:56","slug":"msv-focus-hex-plus-38-noir-200m","status":"publish","type":"product","link":"https:\/\/www.sport4club.be\/index.php\/product\/msv-focus-hex-plus-38-noir-200m\/","title":{"rendered":"MSV Focus Hex Plus 38 200M"},"content":{"rendered":"<p>Le\u00a0<strong>Msv Focus Hex Plus 38<\/strong>\u00a0est un monofilament structur\u00e9 et tr\u00e8s souple. S&#8217;il reprend les la forme hexagonale de son grand fr\u00e8re le Focus Hex, son \u00e9lasticit\u00e9 a en effet \u00e9t\u00e9 augment\u00e9e de 38% !<\/p>\n<p>Sa forme lui procure toujours un acc\u00e8s facile aux effet. La souplesse incroyable de ce polyester noir lui offre une grande r\u00e9serve de puissance ainsi qu&#8217;un confort incomparable !<\/p>\n<p>Ce cordage assoupli conviendra aux joueurs qui appr\u00e9cient les cordes structur\u00e9es, et qui souhaitent mettre de l&#8217;impact dans leur jeu.<\/p>\n<p>Le\u00a0<strong>MSV Focus Hex Plus 38<\/strong>\u00a0est conseill\u00e9 pour des jeux plut\u00f4t d\u00e9fensifs. Ainsi, il permettra aux joueurs en manque de puissance de pouvoir s&#8217;appuyer sur une corde dynamique et tol\u00e9rante.<\/p>\n<p>&nbsp;<\/p>\n","protected":false},"excerpt":{"rendered":"<p>Le\u00a0Msv Focus Hex Plus 38\u00a0est un monofilament structur\u00e9 et tr\u00e8s souple. S&#8217;il reprend les la forme hexagonale de son grand fr\u00e8re le Focus Hex, son \u00e9lasticit\u00e9 a en effet \u00e9t\u00e9 augment\u00e9e de 38% ! Sa forme lui procure toujours un acc\u00e8s facile aux effet. La souplesse incroyable de ce polyester noir lui offre une grande [&hellip;]<\/p>\n","protected":false},"featured_media":113426,"comment_status":"open","ping_status":"closed","template":"","meta":[],"product_cat":[108],"product_tag":[],"_links":{"self":[{"href":"https:\/\/www.sport4club.be\/index.php\/wp-json\/wp\/v2\/product\/113425"}],"collection":[{"href":"https:\/\/www.sport4club.be\/index.php\/wp-json\/wp\/v2\/product"}],"about":[{"href":"https:\/\/www.sport4club.be\/index.php\/wp-json\/wp\/v2\/types\/product"}],"replies":[{"embeddable":true,"href":"https:\/\/www.sport4club.be\/index.php\/wp-json\/wp\/v2\/comments?post=113425"}],"wp:featuredmedia":[{"embeddable":true,"href":"https:\/\/www.sport4club.be\/index.php\/wp-json\/wp\/v2\/media\/113426"}],"wp:attachment":[{"href":"https:\/\/www.sport4club.be\/index.php\/wp-json\/wp\/v2\/media?parent=113425"}],"wp:term":[{"taxonomy":"product_cat","embeddable":true,"href":"https:\/\/www.sport4club.be\/index.php\/wp-json\/wp\/v2\/product_cat?post=113425"},{"taxonomy":"product_tag","embeddable":true,"href":"https:\/\/www.sport4club.be\/index.php\/wp-json\/wp\/v2\/product_tag?post=113425"}],"curies":[{"name":"wp","href":"https:\/\/api.w.org\/{rel}","templated":true}]}}