{"id":113420,"date":"2024-06-14T08:46:35","date_gmt":"2024-06-14T06:46:35","guid":{"rendered":"https:\/\/www.sport4club.be\/?post_type=product&#038;p=113420"},"modified":"2024-06-14T08:47:46","modified_gmt":"2024-06-14T06:47:46","slug":"msv-focus-hex-plus-25-noir-200m","status":"publish","type":"product","link":"https:\/\/www.sport4club.be\/index.php\/product\/msv-focus-hex-plus-25-noir-200m\/","title":{"rendered":"MSV Focus Hex Plus 25 Noir 200M"},"content":{"rendered":"<p>Le cordage Msv Focus Hex Plus 25 est une corde de type monofilament. Ce polyester de couleur noire et de forme hexagonale se d\u00e9cline en diff\u00e9rentes \u00e9paisseurs de jauge allant du 1,20 au 1,30. Comme pour le Msv Focus Hex, la version Plus 25 reprend sa structure \u00e0 six cot\u00e9s pour conserver son excellent rendement en terme d&#8217;effets. De plus, il b\u00e9n\u00e9ficie d&#8217;une \u00e9lasticit\u00e9 25 % plus grande, de sorte \u00e0 apporter une r\u00e9serve de puissance plus importante.<\/p>\n<p>Il conviendra parfaitement aux joueurs qui recherchent de l&#8217;accroche de balle et un bon dosage entre puissance et contr\u00f4le.<\/p>\n<p>Il propose une dominante puissance sous contr\u00f4le bien dos\u00e9. Un cordage qui peut facilement s&#8217;adapter \u00e0 tous les types de jeu et \u00e0 des joueurs de tout niveau.<\/p>\n","protected":false},"excerpt":{"rendered":"<p>Le cordage Msv Focus Hex Plus 25 est une corde de type monofilament. Ce polyester de couleur noire et de forme hexagonale se d\u00e9cline en diff\u00e9rentes \u00e9paisseurs de jauge allant du 1,20 au 1,30. Comme pour le Msv Focus Hex, la version Plus 25 reprend sa structure \u00e0 six cot\u00e9s pour conserver son excellent rendement [&hellip;]<\/p>\n","protected":false},"featured_media":113421,"comment_status":"open","ping_status":"closed","template":"","meta":[],"product_cat":[108],"product_tag":[],"_links":{"self":[{"href":"https:\/\/www.sport4club.be\/index.php\/wp-json\/wp\/v2\/product\/113420"}],"collection":[{"href":"https:\/\/www.sport4club.be\/index.php\/wp-json\/wp\/v2\/product"}],"about":[{"href":"https:\/\/www.sport4club.be\/index.php\/wp-json\/wp\/v2\/types\/product"}],"replies":[{"embeddable":true,"href":"https:\/\/www.sport4club.be\/index.php\/wp-json\/wp\/v2\/comments?post=113420"}],"wp:featuredmedia":[{"embeddable":true,"href":"https:\/\/www.sport4club.be\/index.php\/wp-json\/wp\/v2\/media\/113421"}],"wp:attachment":[{"href":"https:\/\/www.sport4club.be\/index.php\/wp-json\/wp\/v2\/media?parent=113420"}],"wp:term":[{"taxonomy":"product_cat","embeddable":true,"href":"https:\/\/www.sport4club.be\/index.php\/wp-json\/wp\/v2\/product_cat?post=113420"},{"taxonomy":"product_tag","embeddable":true,"href":"https:\/\/www.sport4club.be\/index.php\/wp-json\/wp\/v2\/product_tag?post=113420"}],"curies":[{"name":"wp","href":"https:\/\/api.w.org\/{rel}","templated":true}]}}