{"id":113411,"date":"2024-06-14T08:39:37","date_gmt":"2024-06-14T06:39:37","guid":{"rendered":"https:\/\/www.sport4club.be\/?post_type=product&#038;p=113411"},"modified":"2024-06-14T08:41:35","modified_gmt":"2024-06-14T06:41:35","slug":"msv-focus-hex-soft-noir-200m","status":"publish","type":"product","link":"https:\/\/www.sport4club.be\/index.php\/product\/msv-focus-hex-soft-noir-200m\/","title":{"rendered":"MSV Focus Hex Soft Noir 200M"},"content":{"rendered":"<p>Le cordage Msv Focus Hex Soft est un monofilament de couleur noire et de forme hexagonale. Comme pour le Msv Focus Hex, le Soft reprend sa structure pour conserver son excellent rendement en terme d&#8217;effets. Cependant, il jouit d&#8217;une \u00e9lasticit\u00e9 plus grande, de sorte \u00e0 apporter une r\u00e9serve de puissance plus importante. Il reste \u00e0 dominante contr\u00f4le mais les sensations \u00e0 la frappe plus douces augmentent grandement le confort de jeu et sa tol\u00e9rance sur d\u00e9centrage. En d\u00e9finitif moins de vibrations et plus de jouabilit\u00e9 pour cette version.<\/p>\n<p>Le Msv Focus Hex Soft conviendra tr\u00e8s bien aux joueurs qui affectionnent les cordes structur\u00e9es et qui ont trouv\u00e9 la version classique un peu trop ferme.<\/p>\n","protected":false},"excerpt":{"rendered":"<p>Le cordage Msv Focus Hex Soft est un monofilament de couleur noire et de forme hexagonale. Comme pour le Msv Focus Hex, le Soft reprend sa structure pour conserver son excellent rendement en terme d&#8217;effets. Cependant, il jouit d&#8217;une \u00e9lasticit\u00e9 plus grande, de sorte \u00e0 apporter une r\u00e9serve de puissance plus importante. Il reste \u00e0 [&hellip;]<\/p>\n","protected":false},"featured_media":113412,"comment_status":"open","ping_status":"closed","template":"","meta":[],"product_cat":[108],"product_tag":[],"_links":{"self":[{"href":"https:\/\/www.sport4club.be\/index.php\/wp-json\/wp\/v2\/product\/113411"}],"collection":[{"href":"https:\/\/www.sport4club.be\/index.php\/wp-json\/wp\/v2\/product"}],"about":[{"href":"https:\/\/www.sport4club.be\/index.php\/wp-json\/wp\/v2\/types\/product"}],"replies":[{"embeddable":true,"href":"https:\/\/www.sport4club.be\/index.php\/wp-json\/wp\/v2\/comments?post=113411"}],"wp:featuredmedia":[{"embeddable":true,"href":"https:\/\/www.sport4club.be\/index.php\/wp-json\/wp\/v2\/media\/113412"}],"wp:attachment":[{"href":"https:\/\/www.sport4club.be\/index.php\/wp-json\/wp\/v2\/media?parent=113411"}],"wp:term":[{"taxonomy":"product_cat","embeddable":true,"href":"https:\/\/www.sport4club.be\/index.php\/wp-json\/wp\/v2\/product_cat?post=113411"},{"taxonomy":"product_tag","embeddable":true,"href":"https:\/\/www.sport4club.be\/index.php\/wp-json\/wp\/v2\/product_tag?post=113411"}],"curies":[{"name":"wp","href":"https:\/\/api.w.org\/{rel}","templated":true}]}}