{"id":113381,"date":"2024-06-05T10:05:57","date_gmt":"2024-06-05T08:05:57","guid":{"rendered":"https:\/\/www.sport4club.be\/?post_type=product&#038;p=113381"},"modified":"2025-05-13T07:57:28","modified_gmt":"2025-05-13T05:57:28","slug":"head-gravity-elite","status":"publish","type":"product","link":"https:\/\/www.sport4club.be\/index.php\/product\/head-gravity-elite\/","title":{"rendered":"Head Gravity Elite"},"content":{"rendered":"<p>La gamme Gravity de chez Head avec son design unique &#8220;Flip Flop&#8221; va vite devenir incontournable sur les pistes de padel. La Gravity Elite est la raquette la plus puissante de la gamme tout en \u00e9tant assez polyvalente pour permettre aux joueurs interm\u00e9diaires de dominer ais\u00e9ment leurs adversaires.<\/p>\n<p>La forme ronde de la raquette offre un excellent contr\u00f4le sur les frappes pour aller chercher les angles facilement. Le grand sweetspot procure plus de tol\u00e9rance et de confort sur les frappes d\u00e9centr\u00e9es. Son \u00e9quilibre neutre et son poids d&#8217;environ 365g offrent un bon compromis entre puissance, contr\u00f4le et maniabilit\u00e9, vous permettant de r\u00e9aliser des coups puissants avec une pr\u00e9cision redoutable.<\/p>\n<p>La Head Gravity Elite dispose d&#8217;une surface en fibre de verre qui procure un toucher souple pour plus de jouabilit\u00e9 et de confort. La mousse Power Foam offre un meilleur rebond pour plus de vitesse de balle et de confort.<\/p>\n<p>La Gravity Elite int\u00e8gre \u00e9galement la technologie Auxetic qui procure des sensations \u00e0 la frappe exceptionnelles et le Smart Bridge qui offre plus de confort \u00e0 la frappe gr\u00e2ce \u00e0 la r\u00e9duction des vibrations dans le manche.<\/p>\n<p>La raquette conviendra aux joueurs interm\u00e9diaires qui souhaitent une raquette polyvalente et tol\u00e9rante pour pratiquer un jeu vari\u00e9.<\/p>\n","protected":false},"excerpt":{"rendered":"<p>La gamme Gravity de chez Head avec son design unique &#8220;Flip Flop&#8221; va vite devenir incontournable sur les pistes de padel. La Gravity Elite est la raquette la plus puissante de la gamme tout en \u00e9tant assez polyvalente pour permettre aux joueurs interm\u00e9diaires de dominer ais\u00e9ment leurs adversaires. La forme ronde de la raquette offre [&hellip;]<\/p>\n","protected":false},"featured_media":113382,"comment_status":"open","ping_status":"closed","template":"","meta":[],"product_cat":[786,84],"product_tag":[],"_links":{"self":[{"href":"https:\/\/www.sport4club.be\/index.php\/wp-json\/wp\/v2\/product\/113381"}],"collection":[{"href":"https:\/\/www.sport4club.be\/index.php\/wp-json\/wp\/v2\/product"}],"about":[{"href":"https:\/\/www.sport4club.be\/index.php\/wp-json\/wp\/v2\/types\/product"}],"replies":[{"embeddable":true,"href":"https:\/\/www.sport4club.be\/index.php\/wp-json\/wp\/v2\/comments?post=113381"}],"wp:featuredmedia":[{"embeddable":true,"href":"https:\/\/www.sport4club.be\/index.php\/wp-json\/wp\/v2\/media\/113382"}],"wp:attachment":[{"href":"https:\/\/www.sport4club.be\/index.php\/wp-json\/wp\/v2\/media?parent=113381"}],"wp:term":[{"taxonomy":"product_cat","embeddable":true,"href":"https:\/\/www.sport4club.be\/index.php\/wp-json\/wp\/v2\/product_cat?post=113381"},{"taxonomy":"product_tag","embeddable":true,"href":"https:\/\/www.sport4club.be\/index.php\/wp-json\/wp\/v2\/product_tag?post=113381"}],"curies":[{"name":"wp","href":"https:\/\/api.w.org\/{rel}","templated":true}]}}