{"id":113363,"date":"2024-06-05T09:41:53","date_gmt":"2024-06-05T07:41:53","guid":{"rendered":"https:\/\/www.sport4club.be\/?post_type=product&#038;p=113363"},"modified":"2024-06-05T09:43:03","modified_gmt":"2024-06-05T07:43:03","slug":"head-speed-motion","status":"publish","type":"product","link":"https:\/\/www.sport4club.be\/index.php\/product\/head-speed-motion\/","title":{"rendered":"Head Speed Motion"},"content":{"rendered":"<p>Head renouvelle sa gamme Alpha et la rebaptise \u00ab Speed \u00bb. La raquette de Padel\u00a0<strong>Head Speed Motion<\/strong>\u00a0allie polyvalence, maniabilit\u00e9 et sensation gr\u00e2ce \u00e0 sa nouvelle construction Auxetic. Elle est destin\u00e9e aux joueurs d&#8217;un niveau interm\u00e9diaire \u00e0 confirm\u00e9, qui cherchent une raquette \u00e0 la fois performante et esth\u00e9tique.<\/p>\n<p>C\u00f4t\u00e9 design, la finition mate et brillante de la raquette lui donne un look unique sur les terrains de padel, avec une touche de couleur cuivr\u00e9e.<\/p>\n<p>C\u00f4t\u00e9 technique, la raquette Head Speed Motion dispose d&#8217;une forme de larme et d&#8217;un \u00e9quilibre \u00e0 27cm, qui garantit un excellent rapport puissance \/ contr\u00f4le. Sa surface de frappe est en carbone et en fibre de verre tiss\u00e9 pour plus de jouabilit\u00e9. Avec un poids de 360g, elle est facile \u00e0 manier pour une grande r\u00e9activit\u00e9 au filet comme dans les coups de d\u00e9fense.<\/p>\n<p>La raquette est une raquette performante et esth\u00e9tique, qui conviendra aux joueurs d&#8217;un niveau interm\u00e9diaire \u00e0 confirm\u00e9 \u00e0 la recherche de polyvalence, de maniabilit\u00e9 et de sensations.<\/p>\n","protected":false},"excerpt":{"rendered":"<p>Head renouvelle sa gamme Alpha et la rebaptise \u00ab Speed \u00bb. La raquette de Padel\u00a0Head Speed Motion\u00a0allie polyvalence, maniabilit\u00e9 et sensation gr\u00e2ce \u00e0 sa nouvelle construction Auxetic. Elle est destin\u00e9e aux joueurs d&#8217;un niveau interm\u00e9diaire \u00e0 confirm\u00e9, qui cherchent une raquette \u00e0 la fois performante et esth\u00e9tique. C\u00f4t\u00e9 design, la finition mate et brillante de [&hellip;]<\/p>\n","protected":false},"featured_media":113364,"comment_status":"open","ping_status":"closed","template":"","meta":[],"product_cat":[786,84],"product_tag":[],"_links":{"self":[{"href":"https:\/\/www.sport4club.be\/index.php\/wp-json\/wp\/v2\/product\/113363"}],"collection":[{"href":"https:\/\/www.sport4club.be\/index.php\/wp-json\/wp\/v2\/product"}],"about":[{"href":"https:\/\/www.sport4club.be\/index.php\/wp-json\/wp\/v2\/types\/product"}],"replies":[{"embeddable":true,"href":"https:\/\/www.sport4club.be\/index.php\/wp-json\/wp\/v2\/comments?post=113363"}],"wp:featuredmedia":[{"embeddable":true,"href":"https:\/\/www.sport4club.be\/index.php\/wp-json\/wp\/v2\/media\/113364"}],"wp:attachment":[{"href":"https:\/\/www.sport4club.be\/index.php\/wp-json\/wp\/v2\/media?parent=113363"}],"wp:term":[{"taxonomy":"product_cat","embeddable":true,"href":"https:\/\/www.sport4club.be\/index.php\/wp-json\/wp\/v2\/product_cat?post=113363"},{"taxonomy":"product_tag","embeddable":true,"href":"https:\/\/www.sport4club.be\/index.php\/wp-json\/wp\/v2\/product_tag?post=113363"}],"curies":[{"name":"wp","href":"https:\/\/api.w.org\/{rel}","templated":true}]}}