{"id":113346,"date":"2024-06-05T09:11:32","date_gmt":"2024-06-05T07:11:32","guid":{"rendered":"https:\/\/www.sport4club.be\/?post_type=product&#038;p=113346"},"modified":"2025-05-13T08:00:08","modified_gmt":"2025-05-13T06:00:08","slug":"head-radical-elite","status":"publish","type":"product","link":"https:\/\/www.sport4club.be\/index.php\/product\/head-radical-elite\/","title":{"rendered":"Head Radical Elite"},"content":{"rendered":"<p>La raquette de padel<strong>\u00a0Head Radical Elite<\/strong>\u00a0fait partie de la toute nouvelle gamme de raquettes en forme de d&#8217;eau de la marque autrichienne.<\/p>\n<p>Con\u00e7ue \u00e0 partir d&#8217;un nouveau moule, cette raquette offre un contr\u00f4le id\u00e9al pour les joueurs interm\u00e9diaires et avanc\u00e9s.<\/p>\n<p>Son poids et son \u00e9quilibre favorisent un excellent contr\u00f4le, tandis que la fibre de verre de sa surface de frappe procure un toucher doux, ajoutant confort et puissance au jeu. L&#8217;innovante technologie\u00a0<strong>Auxetic\u00a0<\/strong>apporte une puissance suppl\u00e9mentaire et des sensations accrues \u00e0 l&#8217;impact, et le syst\u00e8me\u00a0<strong>Soft Butt Cap<\/strong>\u00a0absorbe les vibrations pour des sensations de jeu plus agr\u00e9ables.<\/p>\n<p>Cette raquette conviendra aux joueurs interm\u00e9diaires qui recherchent un m\u00e9lange de confort et de contr\u00f4le avec une tr\u00e8s bonne jouabilit\u00e9.<\/p>\n","protected":false},"excerpt":{"rendered":"<p>La raquette de padel\u00a0Head Radical Elite\u00a0fait partie de la toute nouvelle gamme de raquettes en forme de d&#8217;eau de la marque autrichienne. Con\u00e7ue \u00e0 partir d&#8217;un nouveau moule, cette raquette offre un contr\u00f4le id\u00e9al pour les joueurs interm\u00e9diaires et avanc\u00e9s. Son poids et son \u00e9quilibre favorisent un excellent contr\u00f4le, tandis que la fibre de verre [&hellip;]<\/p>\n","protected":false},"featured_media":113347,"comment_status":"open","ping_status":"closed","template":"","meta":[],"product_cat":[84],"product_tag":[],"_links":{"self":[{"href":"https:\/\/www.sport4club.be\/index.php\/wp-json\/wp\/v2\/product\/113346"}],"collection":[{"href":"https:\/\/www.sport4club.be\/index.php\/wp-json\/wp\/v2\/product"}],"about":[{"href":"https:\/\/www.sport4club.be\/index.php\/wp-json\/wp\/v2\/types\/product"}],"replies":[{"embeddable":true,"href":"https:\/\/www.sport4club.be\/index.php\/wp-json\/wp\/v2\/comments?post=113346"}],"wp:featuredmedia":[{"embeddable":true,"href":"https:\/\/www.sport4club.be\/index.php\/wp-json\/wp\/v2\/media\/113347"}],"wp:attachment":[{"href":"https:\/\/www.sport4club.be\/index.php\/wp-json\/wp\/v2\/media?parent=113346"}],"wp:term":[{"taxonomy":"product_cat","embeddable":true,"href":"https:\/\/www.sport4club.be\/index.php\/wp-json\/wp\/v2\/product_cat?post=113346"},{"taxonomy":"product_tag","embeddable":true,"href":"https:\/\/www.sport4club.be\/index.php\/wp-json\/wp\/v2\/product_tag?post=113346"}],"curies":[{"name":"wp","href":"https:\/\/api.w.org\/{rel}","templated":true}]}}