{"id":113342,"date":"2024-06-05T09:06:08","date_gmt":"2024-06-05T07:06:08","guid":{"rendered":"https:\/\/www.sport4club.be\/?post_type=product&#038;p=113342"},"modified":"2025-05-13T08:01:14","modified_gmt":"2025-05-13T06:01:14","slug":"head-radical-motion","status":"publish","type":"product","link":"https:\/\/www.sport4club.be\/index.php\/product\/head-radical-motion\/","title":{"rendered":"Head Radical Motion"},"content":{"rendered":"<p>La raquette de padel<strong>\u00a0Head Radical Motion<\/strong>\u00a0offre un contr\u00f4le radical associ\u00e9 \u00e0 une maniabilit\u00e9 am\u00e9lior\u00e9e.<\/p>\n<p>En tant que mod\u00e8le le plus l\u00e9ger de notre nouvelle gamme en forme de goutte d&#8217;eau, elle est sp\u00e9cialement con\u00e7ue pour les joueurs avanc\u00e9s et professionnels.<\/p>\n<p>Sa surface de frappe en carbone 3K offre un contr\u00f4le accru et une polyvalence renforc\u00e9e, tandis que la technologie Auxetic innovante ajoute une puissance suppl\u00e9mentaire et des sensations accrues \u00e0 l&#8217;impact. Int\u00e9grant \u00e9galement la technologie avanc\u00e9e Soft Butt Cap, cette raquette amortit les vibrations pour une sensation de jeu plus douce. Son design exclusif bleu marine avec des d\u00e9tails en carbone transparent conf\u00e8re une allure haut de gamme.<\/p>\n<p>Cette raquette conviendra aux joueurs avanc\u00e9s qui recherchent un m\u00e9lange de confort et de contr\u00f4le avec une tr\u00e8s bonne maniabilit\u00e9.<\/p>\n","protected":false},"excerpt":{"rendered":"<p>La raquette de padel\u00a0Head Radical Motion\u00a0offre un contr\u00f4le radical associ\u00e9 \u00e0 une maniabilit\u00e9 am\u00e9lior\u00e9e. En tant que mod\u00e8le le plus l\u00e9ger de notre nouvelle gamme en forme de goutte d&#8217;eau, elle est sp\u00e9cialement con\u00e7ue pour les joueurs avanc\u00e9s et professionnels. Sa surface de frappe en carbone 3K offre un contr\u00f4le accru et une polyvalence renforc\u00e9e, [&hellip;]<\/p>\n","protected":false},"featured_media":113343,"comment_status":"open","ping_status":"closed","template":"","meta":[],"product_cat":[84],"product_tag":[],"_links":{"self":[{"href":"https:\/\/www.sport4club.be\/index.php\/wp-json\/wp\/v2\/product\/113342"}],"collection":[{"href":"https:\/\/www.sport4club.be\/index.php\/wp-json\/wp\/v2\/product"}],"about":[{"href":"https:\/\/www.sport4club.be\/index.php\/wp-json\/wp\/v2\/types\/product"}],"replies":[{"embeddable":true,"href":"https:\/\/www.sport4club.be\/index.php\/wp-json\/wp\/v2\/comments?post=113342"}],"wp:featuredmedia":[{"embeddable":true,"href":"https:\/\/www.sport4club.be\/index.php\/wp-json\/wp\/v2\/media\/113343"}],"wp:attachment":[{"href":"https:\/\/www.sport4club.be\/index.php\/wp-json\/wp\/v2\/media?parent=113342"}],"wp:term":[{"taxonomy":"product_cat","embeddable":true,"href":"https:\/\/www.sport4club.be\/index.php\/wp-json\/wp\/v2\/product_cat?post=113342"},{"taxonomy":"product_tag","embeddable":true,"href":"https:\/\/www.sport4club.be\/index.php\/wp-json\/wp\/v2\/product_tag?post=113342"}],"curies":[{"name":"wp","href":"https:\/\/api.w.org\/{rel}","templated":true}]}}