{"id":113338,"date":"2024-06-05T09:01:01","date_gmt":"2024-06-05T07:01:01","guid":{"rendered":"https:\/\/www.sport4club.be\/?post_type=product&#038;p=113338"},"modified":"2025-05-13T08:02:05","modified_gmt":"2025-05-13T06:02:05","slug":"head-radical-pro","status":"publish","type":"product","link":"https:\/\/www.sport4club.be\/index.php\/product\/head-radical-pro\/","title":{"rendered":"Head Radical Pro"},"content":{"rendered":"<p>La raquette de padel<strong>\u00a0Head Radical Pro\u00a0<\/strong>offre un contr\u00f4le radical associ\u00e9 \u00e0 une maniabilit\u00e9 am\u00e9lior\u00e9e.<\/p>\n<p>Avec sa forme de goutte d&#8217;eau, cr\u00e9\u00e9e \u00e0 partir d&#8217;un tout nouveau moule, et une surface de frappe en carbone 3K, la raquette Radical Pro assure un contr\u00f4le exceptionnel et une polyvalence in\u00e9gal\u00e9e.<br \/>\nAvec un poids r\u00e9duit et un \u00e9quilibre optimal, cette raquette offrent une maniabilit\u00e9 exceptionnelle.<\/p>\n<p>La technologie\u00a0<strong>Auxetic\u00a0<\/strong>offre un ressenti puissant et des tr\u00e8s bonnes sensations \u00e0 l&#8217;impact. En prime, la technologie Soft Butt Cap vient r\u00e9duire les vibrations pour un jeu plus confortable<\/p>\n<p>Cette raquette conviendra aux joueurs avanc\u00e9s \u00e0 experts qui recherchent un m\u00e9lange de confort et de contr\u00f4le avec une tr\u00e8s bonne maniabilit\u00e9.<\/p>\n","protected":false},"excerpt":{"rendered":"<p>La raquette de padel\u00a0Head Radical Pro\u00a0offre un contr\u00f4le radical associ\u00e9 \u00e0 une maniabilit\u00e9 am\u00e9lior\u00e9e. Avec sa forme de goutte d&#8217;eau, cr\u00e9\u00e9e \u00e0 partir d&#8217;un tout nouveau moule, et une surface de frappe en carbone 3K, la raquette Radical Pro assure un contr\u00f4le exceptionnel et une polyvalence in\u00e9gal\u00e9e. Avec un poids r\u00e9duit et un \u00e9quilibre optimal, [&hellip;]<\/p>\n","protected":false},"featured_media":113339,"comment_status":"open","ping_status":"closed","template":"","meta":[],"product_cat":[84],"product_tag":[],"_links":{"self":[{"href":"https:\/\/www.sport4club.be\/index.php\/wp-json\/wp\/v2\/product\/113338"}],"collection":[{"href":"https:\/\/www.sport4club.be\/index.php\/wp-json\/wp\/v2\/product"}],"about":[{"href":"https:\/\/www.sport4club.be\/index.php\/wp-json\/wp\/v2\/types\/product"}],"replies":[{"embeddable":true,"href":"https:\/\/www.sport4club.be\/index.php\/wp-json\/wp\/v2\/comments?post=113338"}],"wp:featuredmedia":[{"embeddable":true,"href":"https:\/\/www.sport4club.be\/index.php\/wp-json\/wp\/v2\/media\/113339"}],"wp:attachment":[{"href":"https:\/\/www.sport4club.be\/index.php\/wp-json\/wp\/v2\/media?parent=113338"}],"wp:term":[{"taxonomy":"product_cat","embeddable":true,"href":"https:\/\/www.sport4club.be\/index.php\/wp-json\/wp\/v2\/product_cat?post=113338"},{"taxonomy":"product_tag","embeddable":true,"href":"https:\/\/www.sport4club.be\/index.php\/wp-json\/wp\/v2\/product_tag?post=113338"}],"curies":[{"name":"wp","href":"https:\/\/api.w.org\/{rel}","templated":true}]}}