{"id":113330,"date":"2024-06-04T10:15:17","date_gmt":"2024-06-04T08:15:17","guid":{"rendered":"https:\/\/www.sport4club.be\/?post_type=product&#038;p=113330"},"modified":"2024-08-21T12:48:13","modified_gmt":"2024-08-21T10:48:13","slug":"dunlop-fx-500-ls-285gr","status":"publish","type":"product","link":"https:\/\/www.sport4club.be\/index.php\/product\/dunlop-fx-500-ls-285gr\/","title":{"rendered":"Dunlop FX 500 LS (285gr)"},"content":{"rendered":"<p>Comme l&#8217;ensemble de la gamme de raquettes\u00a0<strong>Dunlop FX<\/strong>\u00a0la version\u00a0<strong>500 LS<\/strong>\u00a0procure un haut niveau de puissance et de confort. Avec son poids de 285g, cette\u00a0<strong>FX 500 LS<\/strong>\u00a0apporte \u00e9galement une\u00a0<strong>excellente maniabilit\u00e9<\/strong>. Le design a \u00e9t\u00e9 revu par rapport \u00e0 la version pr\u00e9c\u00e9dente pour plus de dynamisme.<\/p>\n<p>La\u00a0<strong>Dunlop FX 500 LS<\/strong>\u00a0s&#8217;adresse aux joueurs d&#8217;un niveau interm\u00e9diaire \u00e0 avanc\u00e9 (4\u00e8me\/ d\u00e9but de 3\u00e8me s\u00e9rie), comme aux jeunes comp\u00e9titeurs \u00e0 la recherche d&#8217;un\u00a0<strong>cadre adulte puissant et confortable<\/strong>. Tr\u00e8s jouable avec son tamis de 645cm\u00b2 \/ 100in\u00b2 et son plan de cordage 16&#215;19, cette raquette d\u00e9livre de la puissance facilement et un haut niveau de confort. Notamment avec son profil \u00e9pais (23-26-23mm).<\/p>\n<p>Avec son \u00e9quilibre \u00e0 32,5cm, la raquette\u00a0<strong>Dunlop FX 500 LS est polyvalente<\/strong>\u00a0et dispose d&#8217;une bonne vitesse de balle.<\/p>\n<p>Cette raquette conviendra \u00e0 un large de panel de joueur. Tr\u00e8s polyvalente, elle offrira des sensations de confort et de puissance de premier ordre. Sa maniabilit\u00e9 et son tamis tol\u00e9rant la rendront facile \u00e0 jouer pour un plaisir de jeu imm\u00e9diat.<\/p>\n<p>Les joueurs de fond de court seront particuli\u00e8rement s\u00e9duits par cette\u00a0<strong>FX 500 LS<\/strong>.<\/p>\n","protected":false},"excerpt":{"rendered":"<p>Comme l&#8217;ensemble de la gamme de raquettes\u00a0Dunlop FX\u00a0la version\u00a0500 LS\u00a0procure un haut niveau de puissance et de confort. Avec son poids de 285g, cette\u00a0FX 500 LS\u00a0apporte \u00e9galement une\u00a0excellente maniabilit\u00e9. Le design a \u00e9t\u00e9 revu par rapport \u00e0 la version pr\u00e9c\u00e9dente pour plus de dynamisme. La\u00a0Dunlop FX 500 LS\u00a0s&#8217;adresse aux joueurs d&#8217;un niveau interm\u00e9diaire \u00e0 avanc\u00e9 [&hellip;]<\/p>\n","protected":false},"featured_media":113331,"comment_status":"open","ping_status":"closed","template":"","meta":[],"product_cat":[145],"product_tag":[],"_links":{"self":[{"href":"https:\/\/www.sport4club.be\/index.php\/wp-json\/wp\/v2\/product\/113330"}],"collection":[{"href":"https:\/\/www.sport4club.be\/index.php\/wp-json\/wp\/v2\/product"}],"about":[{"href":"https:\/\/www.sport4club.be\/index.php\/wp-json\/wp\/v2\/types\/product"}],"replies":[{"embeddable":true,"href":"https:\/\/www.sport4club.be\/index.php\/wp-json\/wp\/v2\/comments?post=113330"}],"wp:featuredmedia":[{"embeddable":true,"href":"https:\/\/www.sport4club.be\/index.php\/wp-json\/wp\/v2\/media\/113331"}],"wp:attachment":[{"href":"https:\/\/www.sport4club.be\/index.php\/wp-json\/wp\/v2\/media?parent=113330"}],"wp:term":[{"taxonomy":"product_cat","embeddable":true,"href":"https:\/\/www.sport4club.be\/index.php\/wp-json\/wp\/v2\/product_cat?post=113330"},{"taxonomy":"product_tag","embeddable":true,"href":"https:\/\/www.sport4club.be\/index.php\/wp-json\/wp\/v2\/product_tag?post=113330"}],"curies":[{"name":"wp","href":"https:\/\/api.w.org\/{rel}","templated":true}]}}